{"id":3976,"date":"2024-08-04T17:38:54","date_gmt":"2024-08-04T17:38:54","guid":{"rendered":"https:\/\/shercards.com\/index.php\/product\/transformation-game-11-keys\/"},"modified":"2025-10-20T10:34:17","modified_gmt":"2025-10-20T10:34:17","slug":"transformation-game-11-keys","status":"publish","type":"product","link":"https:\/\/shercards.com\/et\/toode\/transformation-game-11-keys\/","title":{"rendered":"\u00dcmberkujundamise m\u00e4ng &quot;11 v\u00f5tit&quot;"},"content":{"rendered":"<p><em>Unikaalsete probleemide lahendamise meetodite autorid: Olga Gudkova ja Yana Konanykhina \u2013 m\u00e4ngupraktikud, m\u00e4ngutehnikud, transformatsioonim\u00e4ngude esitlejad, koolituskursuse \u201cEdu isiklik kood\u201d autorid.<\/em><br \/><em>M\u00e4ngu olemus seisneb selles, et k\u00f5ik osalejad said oma ellu sukelduda, s\u00f5nastada kavatsuse v\u00f5i eesm\u00e4rgi ning kirjutada samm-sammult juhised oma plaani elluviimiseks.<\/em><em>.<\/em><br \/><em>Saatejuhtide komplekt sisaldab:<\/em> <\/p>\n<li> <em>B\u00e4nnerkangast m\u00e4nguv\u00e4ljak m\u00f5\u00f5tmetega 90cm x 60cm<\/em><\/li>\n<li><em>P\u00f5hikaardid s\u00f5numitega \u2013 64 tk<\/em><\/li>\n<li><em>\u00dcksikasjalikud juhised, mis v\u00f5imaldavad teil m\u00e4ngu m\u00e4ngida ilma treenimata<\/em><\/li>\n<li><em>Laastud: V\u00f5ti \u2013 talisman 5 tk<\/em><\/li>\n<li><em>Lisakaardid \u201cHirmud\u201d \u2013 32 tk&lt;\/em&gt;<\/li>\n<li><em>Lisakaardid \u201cMida \u00f5ppida\u201d \u2013 32 tk<\/em><\/li>\n<li><em>Kuubik 3 t\u00fckki (dodekaeeder, kuusnurk, kuusnurk)<\/em> <\/li>\n<li><em>Bagnbsp;<\/em><\/li>\n<li><em>Toru<\/em><\/li>\n<p> Lisaks: M\u00e4ngu m\u00e4ngimise koolitus neile, kes ei ole professionaalsed saatejuhid, kuid soovivad t\u00f5esti end uues rollis proovida \u2013 10 000 rubla. Saate m\u00e4ngu koos tunniajase konsultatsiooniga autorilt m\u00e4ngureeglite kohta ja tunnistuse saatejuhilt. Kogumaksumus - 35 000 rubla. (m\u00e4ng + konsultatsioon autorilt + tunnistus).<br \/> <strong><em><br \/> M\u00e4ngu efektid:<\/br><\/em><\/strong> <\/p>\n<ul>\n<li><em> Taotluse\/eesm\u00e4rkide\/kavatsuste p\u00f5hjalik l\u00e4bit\u00f6\u00f6tamine<\/em><\/li>\n<li><em> Teadlikkus oma piiravatest uskumustest<\/em><\/li>\n<li><em> Takistuste ja hirmude \u00fcle t\u00f6\u00f6tamine<\/em><\/li>\n<li> <em> Teadlikkus oma k\u00e4itumismustritest<\/em><\/li>\n<li><em> V\u00f5imaluste ja ressursside laiendamine<\/em><\/li>\n<li><em> Tugevuste m\u00f5istmine, mida on oluline arendada<\/em> <\/li>\n<li><em> Enda parem m\u00f5istmine<\/em><\/li>\n<li><em> Tegevuskava eesm\u00e4rgi saavutamiseks, samm-sammult juhised<\/em><\/li>\n<li><em> Inspiratsiooni ja energiat tegutsemiseks<\/em><\/li>\n<li><em> Teiste tugi, inimene m\u00f5istab, et ta pole oma probleemidega \u00fcksi<\/em><\/li>\n<\/ul>\n<p> Oleme v\u00e4lja t\u00f6\u00f6tanud m\u00e4ngu, mis v\u00f5imaldab t\u00e4psustada soove, kavatsusi, eesm\u00e4rke ning ka m\u00f5ista, mis t\u00e4pselt takistab ja mis aitab t\u00e4itumise teel. P\u00f6\u00f6rasime suurt t\u00e4helepanu kavatsuste ja eesm\u00e4rkide s\u00f5nastamisele. M\u00e4ng v\u00f5imaldab teil selle probleemiga v\u00e4ga hoolikalt l\u00e4bi t\u00f6\u00f6tada.<br \/><em>Selleks l\u00e4hevad osalejad r\u00e4nnakule l\u00e4bi oma elu \u201c11 v\u00f5tmete\u201d haldjamaale. Seal seisavad nad silmitsi oma sisemiste omadustega, s\u00fcgavale juurdunud hoiakutega, mis takistavad neil lihtsalt elada ja isiklikke valikuid teha. R\u00e4nnaku jooksul on sul v\u00f5imalus neist vabaneda ja puhastada tee oma kavatsuse t\u00e4itumiseni. Iga t\u00e4ringuvise aitab inimesel n\u00e4ha v\u00f5imalusi ja lahendusi, millele ta ei m\u00f5elnud.<\/em><br \/><em>Tahvlil on kaheksa maja: &quot;Julguse maja&quot;, &quot;R\u00f5\u00f5mu maja&quot;, &quot;Usalduse maja&quot;, &quot;T\u00f5e maja&quot;, &quot;Armastuse maja&quot;, &quot;Teadlikkuse maja&quot;, &quot;Ihade maja&quot; , &quot;Vaba valiku maja&quot;. Osalejate \u00fclesanne on j\u00e4rgida teed, mis viib nende plaanide elluviimiseni. Raja l\u00e4bimise k\u00e4igus peatuvad osalejad erinevatel ilmingutel ja omadustel, mis aitavad v\u00f5i takistavad tulemuste saavutamist. Siin toimub teadvuse ja alateadvuse t\u00f6\u00f6 p\u00f5hi- ja lisakaartide abil. nbsp;<\/em><br \/>M\u00e4ng sisaldab mitmeid v\u00f5imalusi m\u00e4ngimiseks, mis aitab mitmekesistada l\u00e4henemist probleemide lahendamisele.<br \/><em>Teekond ei sisalda osalejate vahelist konkurentsi; pole v\u00f5itjaid ja kaotajaid. M\u00e4ng kutsub inimest dialoogile oma sisemise minaga. V\u00e4ga oluline on osalejate omavaheline suhtlus \u2013 see annab positiivse ja kiire efekti.<\/em><br \/><em>P\u00e4rast m\u00e4ngu toimuvad osalejate elus muutused. Oluline on suunata m\u00e4ngijate t\u00e4helepanu selle protsessi j\u00e4lgimisele ja tulemuse salvestamisele. M\u00e4ng viib inimese teadvuse ja alateadvuse k\u00f5ikidel tasanditel tasakaalustatud seisundisse. See annab ka arusaama, et elus on k\u00f5ik v\u00f5imalik, et tulemuste saavutamiseks ei pea isegi aktiivselt tegutsema, vaid muutma oma sisemisi hoiakuid. M\u00f5nikord on vastupidi: \u00e4ra m\u00f5tle liiga palju, vaid mine ja tee. Kuid iga osaleja jaoks pakub m\u00e4ng oma isiklikku v\u00f5imalust.<\/em><br \/> <\/br><\/p>","protected":false},"excerpt":{"rendered":"<p>Unikaalsete probleemide lahendamise meetodite autorid: Olga Gudkova ja Yana Konanykhina \u2013 m\u00e4ngupraktikud, m\u00e4ngutehnikud, transformatsiooni esitlejad<\/p>","protected":false},"featured_media":3977,"comment_status":"open","ping_status":"open","template":"","meta":[],"product_brand":[],"product_cat":[55],"product_tag":[],"class_list":{"0":"post-3976","1":"product","2":"type-product","3":"status-publish","4":"has-post-thumbnail","6":"product_cat-goal-dream-analysis-of-situations-events","8":"first","9":"outofstock","10":"product-type-simple"},"_links":{"self":[{"href":"https:\/\/shercards.com\/et\/wp-json\/wp\/v2\/product\/3976","targetHints":{"allow":["GET"]}}],"collection":[{"href":"https:\/\/shercards.com\/et\/wp-json\/wp\/v2\/product"}],"about":[{"href":"https:\/\/shercards.com\/et\/wp-json\/wp\/v2\/types\/product"}],"replies":[{"embeddable":true,"href":"https:\/\/shercards.com\/et\/wp-json\/wp\/v2\/comments?post=3976"}],"wp:featuredmedia":[{"embeddable":true,"href":"https:\/\/shercards.com\/et\/wp-json\/wp\/v2\/media\/3977"}],"wp:attachment":[{"href":"https:\/\/shercards.com\/et\/wp-json\/wp\/v2\/media?parent=3976"}],"wp:term":[{"taxonomy":"product_brand","embeddable":true,"href":"https:\/\/shercards.com\/et\/wp-json\/wp\/v2\/product_brand?post=3976"},{"taxonomy":"product_cat","embeddable":true,"href":"https:\/\/shercards.com\/et\/wp-json\/wp\/v2\/product_cat?post=3976"},{"taxonomy":"product_tag","embeddable":true,"href":"https:\/\/shercards.com\/et\/wp-json\/wp\/v2\/product_tag?post=3976"}],"curies":[{"name":"wp","href":"https:\/\/api.w.org\/{rel}","templated":true}]}}