{"id":4147,"date":"2024-08-04T17:57:56","date_gmt":"2024-08-04T17:57:56","guid":{"rendered":"https:\/\/shercards.com\/index.php\/product\/universal-team-game-signs-of-ancestors\/"},"modified":"2025-10-20T10:34:17","modified_gmt":"2025-10-20T10:34:17","slug":"universal-team-game-signs-of-ancestors","status":"publish","type":"product","link":"https:\/\/shercards.com\/et\/toode\/universal-team-game-signs-of-ancestors\/","title":{"rendered":"Universaalne meeskonnam\u00e4ng \u201cEsivanemate m\u00e4rgid\u201d"},"content":{"rendered":"<p>Autor: Anastasia Reshetnikova, \u00e4ritreener, \u00e4rikonsultant, \u00e4ri- ja isikliku t\u00f5hususe m\u00e4ngulahenduste autor ja arendaja.<br \/><strong>Sisu:<\/strong> <\/p>\n<ul>\n<li>25 kaarti;<\/li>\n<p> &lt;li&gt;Juhised;<\/li>\n<\/ul>\n<p> M\u00e4ngu p\u00f5hieesm\u00e4rk on arendada ristfunktsionaalseid suhtlemisoskusi: oskust viljakalt suhelda, teha koost\u00f6\u00f6d ning m\u00f5ista \u00fcksteise keelt ja m\u00f5tlemisstiili \u00fchiste eesm\u00e4rkide saavutamisel.<br \/>M\u00e4ng \u201cEsivanemate m\u00e4rgid\u201d arendab juhtimisoskusi ja strateegilist planeerimist, v\u00f5imet suhelda tulemuslikult, kiiresti ja tulemuslikult lahendada meeskonnaprobleeme. M\u00e4ng v\u00f5imaldab anal\u00fc\u00fcsida osalejate kaasatuse astet ja k\u00e4itumisstrateegiaid. V\u00f5ib olla l\u00e4htepunktiks teemadele: meeskonna suhtlus, rollid meeskonnas, juhtimine, oskus kuulata ja \u00fchendada strateegiline m\u00f5tlemine, edastada oma m\u00f5tteid meeskonnakaaslastele.<br \/> Ajastus: <\/p>\n<ul>\n<li>m\u00e4ng - 20 minutit<\/li>\n<li>arutelu \u2013 10-15 minutit.<\/li>\n<\/ul>\n<p> <em>M\u00e4ng koosneb 4 etapist: nbsp;<\/em> <\/p>\n<li>Osalejad saavad juhised: nad peavad kaardid \u00f5iges j\u00e4rjekorras paigutama. Aruteluks on aega 20 minutit. P\u00e4rast seda aega on m\u00e4ngijatel 1 minut aega, et kaardid valitud j\u00e4rjestuses tagurpidi v\u00e4lja panna. Piirangud: teie kaarte ei saa teistele osalejatele n\u00e4idata ja (v\u00f5i) k\u00e4est k\u00e4tte anda, te ei saa suhelda kirjutamise v\u00f5i joonistamise kaudu. Ainult suuliselt, kirjeldades pilte s\u00f5nadega.<\/li>\n<li>Osalejad saavad kaarte v\u00f5rdsel arvul<\/li>\n<li>Taimer l\u00fclitub sisse. 20 minuti jooksul teevad osalejad meeskonna otsuse, millises j\u00e4rjekorras nad kaardid v\u00e4lja panevad. 20 minuti p\u00e4rast asetatakse kaardid allapoole, vestluse k\u00e4igus kindlaks m\u00e4\u00e4ratud j\u00e4rjekorras.<\/li>\n<li>\u00dcks osalejatest p\u00f6\u00f6rab kaardid \u00fclespoole.<\/li>\n<p> <strong>Arutelu<br \/> <\/br>K\u00fcsimused, mida v\u00f5idakse esitada m\u00e4ngu l\u00f5pus: <\/p>\n<ul>\n<li>Kuidas sa end tunned? Kuidas sa end tunned?<\/li>\n<li>Mis t\u00e4pselt aitas ja takistas teid eesm\u00e4rgi saavutamisel?<\/li>\n<li>Kuidas muudaksite oma k\u00e4itumisstrateegiat, kui teil oleks v\u00f5imalus uuesti m\u00e4ngida?<\/li>\n<li >Mis on teie jaoks m\u00e4ngu v\u00e4\u00e4rtus? Mida uut m\u00f5istsite ja \u00f5ppisite?<\/li>\n<\/ul>\n<p> <\/br><\/br><\/p>","protected":false},"excerpt":{"rendered":"<p>Autor: Anastasia Reshetnikova, \u00e4ritreener, \u00e4rikonsultant, \u00e4ri- ja isikliku t\u00f5hususe m\u00e4ngulahenduste autor ja arendaja.Sisu: 25 kaarti;<\/p>","protected":false},"featured_media":4148,"comment_status":"open","ping_status":"open","template":"","meta":[],"product_brand":[],"product_cat":[47],"product_tag":[],"class_list":{"0":"post-4147","1":"product","2":"type-product","3":"status-publish","4":"has-post-thumbnail","6":"product_cat-money-finance-business-games","8":"first","9":"outofstock","10":"product-type-simple"},"_links":{"self":[{"href":"https:\/\/shercards.com\/et\/wp-json\/wp\/v2\/product\/4147","targetHints":{"allow":["GET"]}}],"collection":[{"href":"https:\/\/shercards.com\/et\/wp-json\/wp\/v2\/product"}],"about":[{"href":"https:\/\/shercards.com\/et\/wp-json\/wp\/v2\/types\/product"}],"replies":[{"embeddable":true,"href":"https:\/\/shercards.com\/et\/wp-json\/wp\/v2\/comments?post=4147"}],"wp:featuredmedia":[{"embeddable":true,"href":"https:\/\/shercards.com\/et\/wp-json\/wp\/v2\/media\/4148"}],"wp:attachment":[{"href":"https:\/\/shercards.com\/et\/wp-json\/wp\/v2\/media?parent=4147"}],"wp:term":[{"taxonomy":"product_brand","embeddable":true,"href":"https:\/\/shercards.com\/et\/wp-json\/wp\/v2\/product_brand?post=4147"},{"taxonomy":"product_cat","embeddable":true,"href":"https:\/\/shercards.com\/et\/wp-json\/wp\/v2\/product_cat?post=4147"},{"taxonomy":"product_tag","embeddable":true,"href":"https:\/\/shercards.com\/et\/wp-json\/wp\/v2\/product_tag?post=4147"}],"curies":[{"name":"wp","href":"https:\/\/api.w.org\/{rel}","templated":true}]}}