{"id":4174,"date":"2024-08-04T18:00:41","date_gmt":"2024-08-04T18:00:41","guid":{"rendered":"https:\/\/shercards.com\/index.php\/product\/psychological-game-from-heaven-to-earth-about-work-without-illusions\/"},"modified":"2025-10-20T10:34:17","modified_gmt":"2025-10-20T10:34:17","slug":"psychological-game-from-heaven-to-earth-about-work-without-illusions","status":"publish","type":"product","link":"https:\/\/shercards.com\/et\/toode\/psychological-game-from-heaven-to-earth-about-work-without-illusions\/","title":{"rendered":"Ps\u00fchholoogiline m\u00e4ng \u201cTaevast maa peale: t\u00f6\u00f6st ilma illusioonideta\u201d"},"content":{"rendered":"<p align=\"JUSTIFY\"> Autorid: Anna Zakharova, Olga Sergeeva <\/p>\n<p align=\"JUSTIFY\"> M\u00e4ngu sisu: <\/p>\n<p> Kaardid \u2013 216 tk.:<br \/> \u2013 Kaardid t\u00f6\u00f6tajale (asukoht \u201cVangla\u201d) \u2013 24 tk.nbsp;<br \/> \u2013 Kaardid vabakutselisele (asukoht \u201cSaar\u201d) \u2013 24 tk.nbsp;<br \/> \u2013 Kaardid topeltkoormusega t\u00f6\u00f6tajale (asukoht \u201cSanatoorium\u201d) \u2013 24 tk.&lt;br&gt; nbsp; \u2013 Metafoorsed kaardid \u201c\u00c4rim\u00e4ngud\u201d \u2013 60 tk. nbsp;<br \/> \u2013 Lisakaartide komplekt \u2013 84 tk. (Kohv\/kokteilid \u2013 12 tk, hirmud \u2013 30 tk, roosad klaasid \u2013 20 tk, raamid \u2013 10 tk, kuklid \u2013 6 tk, rotid \u2013 6 tk).nbsp; <\/p>\n<p align=\"JUSTIFY\"> Figuurid \u201cMehed\u201d \u00bb \u2013 7 tk <\/p>\n<p align=\"JUSTIFY\"> D4 kuup \u2013 1 tk, D6 kuup \u2013 1 tk. <\/p>\n<p align=\"JUSTIFY\"> Bro\u0161\u00fc\u00fcr \u201cM\u00e4ngureeglid\u201d \u2013 1 tk. <\/p>\n<p align=\"JUSTIFY\"> M\u00e4nguv\u00e4ljak \u2013 1 tk. <\/p>\n<p align=\"JUSTIFY\"> Saatejuhi tunnistus ja m\u00e4ngu saatelehed (4 tk) saadetakse elektroonilisel kujul p\u00e4rast Skype koolitust autoriga. <\/p>\n<p> Ps\u00fchholoogiline m\u00e4ng \u201cTaevast maa peale: t\u00f6\u00f6tamisest ilma illusioonideta\u201d aitab vaadelda t\u00f6\u00f6lev\u00f5tmisel ja vabakutselisel t\u00f6\u00f6l ilma \u201crooside prillideta\u201d, leida tuge ja vastuseid t\u00f6\u00f6ga seotud k\u00fcsimustele erinevates versioonides: kuidas leida uuesti t\u00e4hendus t\u00f6\u00f6lev\u00f5tmisel, kuidas teha \u00fcleminek palkamiselt vabakutseliseks, kuidas end vabakutselisena kanda kinnitada, kuidas s\u00e4\u00e4sta ennast ja oma varandust, kui t\u00f6\u00f6tad palju. <br \/> M\u00e4ngu metafoor on osaleja laskumine taevast maa peale. \u201cTaevas\u201d on illusioonide ja uduste pilvede maailm, milles osaleja elab ja see takistab tal n\u00e4gemast asjade tegelikku pilti. &quot;Maa&quot; on reaalsus. M\u00e4ngu k\u00e4igus leiab osaleja oma jalge all kindla pinnase, selgitades samm-sammult \u201cpimedaid kohti\u201d. Kujunevad efektiivseks toimimiseks vajalikud kohanemisoskused nii t\u00f6\u00f6lev\u00f5tmisel kui vabakutselisena, individuaalsed tegevusstrateegiad, enesekindlus.<\/p>\n<p> M\u00e4ngul on kolm s\u00f5ltumatut asukohta: palgatud t\u00f6\u00f6taja \u201cvangla\u201d, vabakutselise \u201cParadiisisaar\u201d, \u201csanatoorium\u201d on koht, kus leida tasakaal intensiivse t\u00f6\u00f6 ja l\u00f5\u00f5gastuse vahel. Samuti on lisakoht \u201cEscape\u201d. M\u00e4ngu koha valik s\u00f5ltub osaleja soovist. M\u00e4ngu saab m\u00e4ngida nii grupis kui ka individuaalses formaadis. Grupim\u00e4ngus saab juht kasutada k\u00f5iki nelja asukohta korraga.<\/p>\n<p> \u201eVanglas\u201c loovad osalejad oma \u201eelluj\u00e4\u00e4mise reeglid\u201c, mis aitavad t\u00f6\u00f6tajal kohaneda v\u00f5i teha otsuse t\u00f6\u00f6 v\u00f5i vormingu muutmise kohta.<\/p>\n<p> Vabakutseliste paradiisisaarel koostavad osalejad \u201cjuhendi\u201d. See on konkreetsete toimingute s\u00fcsteem, mis aitab teil leida oma koha p\u00e4ikese k\u00e4es ja saada jalad vabakutseliseks. <br \/> \u201cSanatooriumis\u201d t\u00e4idavad osalejad \u201cT\u00f6\u00f6v\u00f5imelehte\u201d, mis aitab t\u00f6\u00f6v\u00f5imet s\u00e4ilitada ka topeltkoormusega t\u00f6\u00f6tades. <br \/> Need, kes valivad koha \u201cP\u00f5genemine\u201d, koostavad \u201cP\u00f5genemisplaani\u201d, mis v\u00f5imaldab neil n\u00e4ha, kuidas t\u00f6\u00f6vanglast lahkuda ja vabakutseliste paradiisisaarele kolida. <br \/> M\u00e4ngu tulemuste p\u00f5hjal osalejad:<\/p>\n<p> \u2013 saab t\u00e4pselt aru, millised tegevused (v\u00f5i nende puudumine) viisid nende t\u00e4nase tulemuseni; <br \/> -nad n\u00e4evad oma tegelikku professionaalset olukorda ilma pimedate ja pimealadeta; <br \/> \u2013 t\u00e4idavad oma t\u00f6\u00f6 sisu v\u00e4\u00e4rtuse ja t\u00e4hendusega; <br \/> \u2013 m\u00e4\u00e4rab kindlaks konkreetsed sammud, mis viivad nad soovitud olekusse; <br \/> -\u00fcletada hirmud, mis takistavad teed karj\u00e4\u00e4rieesm\u00e4rkide poole; <br \/> \u2013 m\u00f5istavad, millised oskused neil t\u00f5husaks t\u00f6\u00f6tamiseks puuduvad; <br \/> \u2013 tutvuda teiste osalejate kogemustega, mis v\u00f5ivad saada t\u00f5uke nende enda \u00fcmberkujundamiseks. <br \/> M\u00e4ng on m\u00f5eldud kasutamiseks ps\u00fchholoogidele, treeneritele, karj\u00e4\u00e4rikonsultantidele ja m\u00e4ngude praktikutele.<\/p>","protected":false},"excerpt":{"rendered":"<p>Autorid: Anna Zakharova, Olga Sergeeva M\u00e4ngu sisu: Kaardid \u2013 216 tk.: \u2013 Kaardid t\u00f6\u00f6tajale (asukoht \u201cVangla\u201d) \u2013 24<\/p>","protected":false},"featured_media":4175,"comment_status":"open","ping_status":"closed","template":"","meta":[],"product_brand":[],"product_cat":[47],"product_tag":[],"class_list":{"0":"post-4174","1":"product","2":"type-product","3":"status-publish","4":"has-post-thumbnail","6":"product_cat-money-finance-business-games","8":"first","9":"outofstock","10":"product-type-simple"},"_links":{"self":[{"href":"https:\/\/shercards.com\/et\/wp-json\/wp\/v2\/product\/4174","targetHints":{"allow":["GET"]}}],"collection":[{"href":"https:\/\/shercards.com\/et\/wp-json\/wp\/v2\/product"}],"about":[{"href":"https:\/\/shercards.com\/et\/wp-json\/wp\/v2\/types\/product"}],"replies":[{"embeddable":true,"href":"https:\/\/shercards.com\/et\/wp-json\/wp\/v2\/comments?post=4174"}],"wp:featuredmedia":[{"embeddable":true,"href":"https:\/\/shercards.com\/et\/wp-json\/wp\/v2\/media\/4175"}],"wp:attachment":[{"href":"https:\/\/shercards.com\/et\/wp-json\/wp\/v2\/media?parent=4174"}],"wp:term":[{"taxonomy":"product_brand","embeddable":true,"href":"https:\/\/shercards.com\/et\/wp-json\/wp\/v2\/product_brand?post=4174"},{"taxonomy":"product_cat","embeddable":true,"href":"https:\/\/shercards.com\/et\/wp-json\/wp\/v2\/product_cat?post=4174"},{"taxonomy":"product_tag","embeddable":true,"href":"https:\/\/shercards.com\/et\/wp-json\/wp\/v2\/product_tag?post=4174"}],"curies":[{"name":"wp","href":"https:\/\/api.w.org\/{rel}","templated":true}]}}