{"id":4180,"date":"2024-08-04T18:00:41","date_gmt":"2024-08-04T18:00:41","guid":{"rendered":"https:\/\/shercards.com\/index.php\/product\/psychological-game-me-and-money\/"},"modified":"2025-10-20T10:34:17","modified_gmt":"2025-10-20T10:34:17","slug":"psychological-game-me-and-money","status":"publish","type":"product","link":"https:\/\/shercards.com\/et\/toode\/psychological-game-me-and-money\/","title":{"rendered":"Ps\u00fchholoogiline m\u00e4ng &quot;Mina ja raha&quot;"},"content":{"rendered":"<p>Autor: Tatjana Kuznetsova \u2013 ps\u00fchholoog, m\u00e4ngude praktik, BURO asutaja | Ps\u00fchholoogilised m\u00e4ngud.<br \/> Kujundus: Oksana Sergienko <br \/> <\/br> Varustus:<br \/> Ostukorv 35,5 cm x 39 cm<br \/> Kokkupandav v\u00e4li 60\u00d760<br \/> 24 tekki \u2013 suurus 11\u00d78<br \/> 6 tekki \u2013 suurus 9\u00d76,5<br \/> Kuusnurkne kuubik <br \/> &quot;Jah, ei, t\u00f5en\u00e4oliselt&quot; kuubik<br \/> Elektroonilises vormingus: <br \/> Juhised<br \/> M\u00e4ngu saateleht <br \/> <\/br> Koolitus:<br \/> V\u00f5rgu\u00fchenduseta Moskvas<br \/> Internetis k\u00f5ikjal maailmas<br \/> L\u00e4bite meisterm\u00e4ngu koos m\u00e4ngu autoriga. Treening v\u00f5tab keskmiselt 2-3 tundi, t\u00e4nu millele j\u00f5uab m\u00e4ng kiiresti sinu praktikasse. <br \/> <\/br> BOONUSED:<br \/> 1. Juurdep\u00e4\u00e4s kursuse \u201cM\u00e4nguPRAKTIKA\u201d materjalidele Telegrami kinnises kanalis.<br \/> 2. Tunnine konsultatsioon turundusspetsialistiga BUREAU | Ps\u00fchholoogilised m\u00e4ngud. Sotsiaalv\u00f5rgustike anal\u00fc\u00fcs, kuidas klientidega t\u00f6\u00f6tada, milliseid m\u00fc\u00fcgilehtreid k\u00e4ivitada jne.<br \/> M\u00e4ngu saab m\u00e4ngida nii v\u00f5rgu\u00fchenduseta kui ka v\u00f5rgu\u00fchenduseta. <\/p>\n<p> Ostja suurus: 35,5 cm x 39 cm<br \/> Kaal: 2,8 kg<\/p>\n<p> M\u00e4ngu m\u00f5te on vaadata raha ringlust inimese elus. See sisaldab 4 faasi ja iga faas vastutab oma rahalise alamisiksuse eest! <br \/>1. PINK<br \/> Teenib raha kasutades inimese isiklikku potentsiaali, tema oskusi, energiat ja aega<br \/>2. KOLLEKTOR<br \/> Kogub raha: loeb kokku inimese tehtud j\u00f5upingutused ja esitab seej\u00e4rel selle arve \u00fchiskonnale (m\u00e4\u00e4rates oma teenustele ja t\u00f6\u00f6le hinna).<br \/>3. HOIDJA<br \/> Hoiab raha, jagab seda vajaduste j\u00e4rgi, otsustab, milleks koguda ja millele praegu kulutada.<br \/>4. KULUTUS<br \/> Kulutab raha, vastutab selle eest, et seda kasutatakse teatud summas, teatud aja jooksul ja teatud vajadusteks.<br \/>M\u00e4ngu ajal vaatleme neid faase erinevate nurkade alt: kuidas need on omavahel p\u00f5imunud, milline neist faasidest pumbatakse ja milline vajab t\u00e4helepanu.<br \/>Grupis on tavaliselt kuni 4 inimest. Keskmiselt v\u00f5tab grupi jaoks m\u00e4ngimine aega 2,5 tundi, olenevalt grupid\u00fcnaamikast. <\/p>\n<p> Milliseid p\u00e4ringuid saab m\u00e4ngu abil lahendada?<br \/> Kuidas j\u00f5uda uuele finantstasemele?<br \/> Mis takistab minu finantskasvu?<br \/> Kuidas viia projekt uuele tasemele?<br \/> Mis takistab mul vajalikku summat s\u00e4\u00e4stmast?<br \/> Kuidas osta kinnisvara, autosid jne?<br \/> Kuidas varustada end \u201cturvapadjaga\u201d?<br \/> Kuidas murda l\u00e4bi finantslaest? <br \/> Kuidas l\u00f5petada hirm rahata j\u00e4\u00e4da?<br \/> Kuidas kiiresti raha kulutamist l\u00f5petada?<br \/> Kuidas alustada oma kasvu ja arengut? <br \/> Kuidas \u00fcletada oma hirmud ja takistused?<br \/> Kuidas oma \u00e4rieesm\u00e4rke realiseerida?<\/p>\n<p> Kellest v\u00f5ib saada m\u00e4ngumeister?<br \/>Ps\u00fchholoogid ja m\u00e4ngude praktikud<br \/> Taotlused finantsteemadel on alati aktuaalsed! M\u00e4ngu kasutades saate kiiresti anal\u00fc\u00fcsida oma klientide hetkeolukorda.<br \/>Treenerid<br \/> M\u00e4ng on teie praktikas suurep\u00e4rane t\u00f6\u00f6riist, mis aitab teil hetkeolukorrast kiiresti aru saada ja koostada plaani rahalise taotlusega tegelemiseks.<br \/>Mentorid<br \/> Kui tegelete mentorlusega, aitab m\u00e4ng teil hinnata oma juhendatava punkti &quot;A&quot; ja koostada selge tegevuskava punkti &quot;B&quot; saavutamiseks.<br \/>Personalispetsialistid<br \/> L\u00e4bi m\u00e4ngu anal\u00fc\u00fcsid iga osalejameeskonna eesm\u00e4rke ja v\u00e4\u00e4rtusi, k\u00e4itumisstrateegiaid, tugevaid ja n\u00f5rku k\u00fclgi. Leiad meeskonnale \u00fchised motiivid ja vahendid.<br \/>M\u00e4ng sobib teile, kui olete<br \/> V\u00e4sinud pidevast konsultatsioonist<br \/> Kui olete v\u00e4sinud tohutust arvust konsultatsioonidest ja otsite uusi t\u00f6\u00f6riistu, siis minu m\u00e4ng sobib teile ideaalselt. M\u00e4ngu oma praktikasse tutvustades saate suurendada klientide voogu, oma tootesarja ja vastavalt ka oma tulusid.<br \/>Kas soovite hakata juhtima r\u00fchma\u00fcritusi?<br \/> Minu m\u00e4ng on suurep\u00e4rane algus juhtivatele gruppidele. Kui Sul pole varem sellist kogemust olnud, siis komplektis on ligip\u00e4\u00e4s \u201cm\u00e4ngupraktika\u201d kursuse materjalidele, kust leiad k\u00f5ik vajaliku grupiga t\u00f6\u00f6 alustamiseks.<br \/>Soovid suurendada oma praktikast saadavat tulu<br \/> Kellelegi pole saladus, et grupi\u00fcritused v\u00f5imaldavad teil rohkem teenida. N\u00e4iteks m\u00e4\u00e4rate m\u00e4ngu hinnaks 4000 rubla. Seega teenite \u00fche r\u00fchmam\u00e4ngu eest 16 000 rubla. M\u00e4ngu p\u00f5hjal saab teha koolitust v\u00f5i mentorlust k\u00f5rgema hinnasildiga. Kuidas seda teha, r\u00e4\u00e4gib BUREAU turundaja konsultatsiooni k\u00e4igus.<br \/>Kas soovite rakendada kaasaegset t\u00f6\u00f6riista<br \/> M\u00e4nguharjutused ja \u00fcmberkujundamism\u00e4ngud muutuvad iga aastaga \u00fcha populaarsemaks. Sest see on kiire, ohutu ja t\u00f5hus. Tihti on m\u00e4ngus kliendil lihtsam end avada. P\u00e4rast m\u00e4ngu l\u00e4hevad kliendid sageli pikaajalisele teraapiale.<br \/>M\u00e4nguprotsess &quot;Mina ja raha&quot;<br \/> Liikumine p\u00f5llul toimub kuubikute ja laastude abil.<br \/>Igas alamisiksuses toimub liikumine spiraalselt. Iga spiraal sisaldab ressursse ja p\u00f5hjuseid.<br \/>Vahendid:<br \/> Perspektiiv<br \/> Tegevus<br \/> Arvamus<br \/> Oskused<br \/> P\u00f5him\u00f5tted<br \/> V\u00f5imsus<br \/>P\u00f5hjused:<br \/> Teisesed h\u00fcved<br > M\u00f5tlemine<br \/> Vajadused<br \/> Perekonna lood<br \/> Hirmud<br \/> Uskumused<br \/>\u00dcle p\u00f5llu liikudes peab m\u00e4ngujuht iga osalejaga dialoogi ja esitab k\u00fcsimusi, mis aitavad j\u00f5uda palve t\u00f5elise olemuseni.<br \/>B M\u00e4ngus osaleb 4 inimest. Nad saavad s\u00f5braga dialoogi astuda ja tagasisidet anda.<br \/>Veel alamisiksuste kohta<br \/>LINNUD<br \/> Ilmselgelt teenib ta raha. Ja meie jaoks on oluline teada \u00fcksikasjalikult tema iseloomuomadusi ja igap\u00e4evast rutiini. mille eest? Suures plaanis on rahateenimine inimese isikliku potentsiaali, tema oskuste, energia, aja raiskamine.<br \/> \u2800<br \/> See t\u00e4hendab, et meie sisemine teenija peab suutma selles \u00fcmbritsevas \u00fchiskonnas orienteeruda, oskama elada ja t\u00f6\u00f6tada selle reeglite j\u00e4rgi. Tal peavad olema teatud omadused ja eelistused.<br \/> \u2800<br \/> N\u00e4iteks etteaimatav olukord ja kindel olukord on talle palju l\u00e4hedasem kui imed. Sest tagaj\u00e4rjed segavad stabiilsust.<br \/> \u2800<br \/> Kui valitseb ebakindlus, v\u00f5ib meie teenija kaotada stabiilsuse ja tunda end halvasti. Seet\u00f5ttu ta tavaliselt v\u00e4ldib uusi asju. Kuid tema jaoks on oluline, et ta oskaks riske v\u00f5tta.<br \/> \u2800<br \/> Meie toitja tuleb tegus\u00f5nast \u201cpeaks\u201d ja siis on tema jaoks t\u00f6\u00f6 lihtsalt t\u00f6\u00f6. Loomulikult m\u00f5jutavad teda teised aliseksused, oma \u00fclesannete ja eesm\u00e4rkidega. <br \/>KOLLEKTOR<br \/> Koguja alamisiksuse kaasamine on tugev teadvuse muutus. Ta erineb Leivav\u00f5itjast mitte ainult oma kohustuste, vaid ka iseloomuomaduste poolest. <br \/>See alamisiksus peab teadma, kus, mille eest ja kui palju tuleks maksta. Omama iseloomuomadusi, mis on vajalikud selleks, et \u00fchiskond t\u00e4idaks (m\u00f5nikord vankumatult) oma kohustusi.<br \/> \u2800<br \/> Asi ei ole alati \u00fclbuses ja sitkuses. Koguja aliseiksus v\u00f5ib t\u00f6\u00f6tada palju peenemalt. <br \/>Ka Koguja peab suutma arvestada k\u00f5igi Getteri pingutustega, mitte neid unustada ja mitte \u00fchte kotti panna. Rajage raha k\u00e4ttesaamiseks mitu kanalit, vastutage nende terviklikkuse, kvaliteedi eest ja j\u00e4lgige, et need ei ummistuks. <br \/>HOIDJA<br \/> Guardiani alamisiksus on keeruka, struktureeritud salvestuss\u00fcsteemi omanik, mis, kui paradoksaalselt see ka ei k\u00f5laks, muutub d\u00fcnaamiliselt. <br \/>Eestkostja \u00fclesannete hulka kuuluvad: <br \/>1. Jagage meie s\u00e4\u00e4stud olulisteks, suurteks ja jooksvateks. N\u00e4iteks jagab ta need &quot;\u00fcmbrikutesse&quot; laste koolitamiseks ja maja ostmiseks, eluaseme ja puhkuse eest tasumiseks, toiduks ja igap\u00e4evasteks vajadusteks. <br \/>2. Otsustage, millises valuutas raha hoida. Kui see on h\u00e4sti arenenud hoidja, hoiab see neid erinevates valuutades.<br \/>3. Otsusta, kas annad raha v\u00f5i mitte.<br \/>4. Sorteerib laekunud raha, koostab kulutuste \u201c\u00fcmbriku\u201d teistele alamisiksustele. <br \/>Just selles faasis liigub raha saamiselt kulutamiseni! Kuid ka siin on l\u00f5kse.<br \/>M\u00f5nikord on haldur ahne ja j\u00e4tab raha endale, takistades selle ringlust k\u00f5igis 4 faasis. <br \/>V\u00f5i v\u00f5ib hoidja olla t\u00e4iesti auke t\u00e4is. Nii palju raha tuli sisse, nii palju l\u00e4ks ka v\u00e4lja. Siis pole meie eestkostjal energiat k\u00f5igi alamisiksuste levitamiseks ja t\u00e4ielikuks opereerimiseks. <br \/>KULUTTAJA<br \/> Kulutaja aliseiksus vastutab selle eest, et raha kulutatakse teatud summas, teatud aja jooksul ja inimese teatud vajadustele.<br \/> \u2800<br \/> Guardianilt kulude katteks raha saades ei tohiks ta seda \u00fchte \u201c\u00fcmbrikusse\u201d panna. Oluline on teada, et raha energia on spetsiifilisem ja kordumatum, kui esmapilgul tundub.<br \/> \u2800<br \/> Seet\u00f5ttu peab Kulutajal olema arusaam, millise rahaga \u2013 olulise v\u00f5i jooksva \u2013 ta parasjagu tegeleb. See n\u00f5uab tal igal juhul erinevaid omadusi ja tegevusi.<br \/>Kulutaja m\u00f5jutab suuresti ka teisi alamisiksusi.<br \/> \u2800<br \/> Ta v\u00f5ib olla Getterile ressurss: ta tahab kuskil raha kulutada ja annab talle sellest teada, inspireerib. V\u00f5i vastupidi, v\u00f5ib see toite v\u00e4lja l\u00fclitada \u2013 siis ei muutu teenija mitte loovaks, vaid hakkab rumalalt mehaaniliselt raha teenima, et seda Kulutajale kinkida. Ja ta viskab neid vasakule ja paremale.<br \/> \u2800<br \/> Kui kulutaja ostab m\u00f5tlematult, hakkab ka Guardian kannatama. Sest ta peab kogu aeg Kulutaja vajadusi rahuldama.<br \/> \u2800<br \/> Koguja on omakorda pinges, m\u00f5eldes, kust saaks raha koguda, et see Guardianist m\u00f6\u00f6da minnes Kulutajale edasi anda. <\/p>\n<p> Selleks, et Kulutaja oleks m\u00f5istlik ja m\u00f5istaks, miks ja mille peale ta raha kulutab, millist vajadust ta rahuldab, et inspireerida teisi alamisiksusi, peavad nad k\u00f5ik tegutsema \u00fcheskoos! Nii et rahalaev meie sees t\u00f6\u00f6tab h\u00e4sti ja pidevalt.<\/p>","protected":false},"excerpt":{"rendered":"<p>Autor: Tatjana Kuznetsova \u2013 ps\u00fchholoog, m\u00e4ngude praktik, BURO asutaja | Ps\u00fchholoogilised m\u00e4ngud. Disain: Oksana Sergienko Varustus: Shopper 35,5 cm<\/p>","protected":false},"featured_media":4181,"comment_status":"open","ping_status":"open","template":"","meta":[],"product_brand":[],"product_cat":[47],"product_tag":[],"class_list":{"0":"post-4180","1":"product","2":"type-product","3":"status-publish","4":"has-post-thumbnail","6":"product_cat-money-finance-business-games","8":"first","9":"outofstock","10":"product-type-simple"},"_links":{"self":[{"href":"https:\/\/shercards.com\/et\/wp-json\/wp\/v2\/product\/4180","targetHints":{"allow":["GET"]}}],"collection":[{"href":"https:\/\/shercards.com\/et\/wp-json\/wp\/v2\/product"}],"about":[{"href":"https:\/\/shercards.com\/et\/wp-json\/wp\/v2\/types\/product"}],"replies":[{"embeddable":true,"href":"https:\/\/shercards.com\/et\/wp-json\/wp\/v2\/comments?post=4180"}],"wp:featuredmedia":[{"embeddable":true,"href":"https:\/\/shercards.com\/et\/wp-json\/wp\/v2\/media\/4181"}],"wp:attachment":[{"href":"https:\/\/shercards.com\/et\/wp-json\/wp\/v2\/media?parent=4180"}],"wp:term":[{"taxonomy":"product_brand","embeddable":true,"href":"https:\/\/shercards.com\/et\/wp-json\/wp\/v2\/product_brand?post=4180"},{"taxonomy":"product_cat","embeddable":true,"href":"https:\/\/shercards.com\/et\/wp-json\/wp\/v2\/product_cat?post=4180"},{"taxonomy":"product_tag","embeddable":true,"href":"https:\/\/shercards.com\/et\/wp-json\/wp\/v2\/product_tag?post=4180"}],"curies":[{"name":"wp","href":"https:\/\/api.w.org\/{rel}","templated":true}]}}