{"id":4308,"date":"2024-08-04T18:16:27","date_gmt":"2024-08-04T18:16:27","guid":{"rendered":"https:\/\/shercards.com\/index.php\/product\/transformational-psychological-game-on-the-path-to-happiness-relationship\/"},"modified":"2025-10-20T10:34:17","modified_gmt":"2025-10-20T10:34:17","slug":"transformational-psychological-game-on-the-path-to-happiness-relationship","status":"publish","type":"product","link":"https:\/\/shercards.com\/et\/toode\/transformational-psychological-game-on-the-path-to-happiness-relationship\/","title":{"rendered":"Transformatsiooniline ps\u00fchholoogiline m\u00e4ng \u201c\u00d5nneteel. Suhe\u201d"},"content":{"rendered":"<p>Autor: Ksenia Krylova \u2013 ps\u00fchholoog, sertifitseeritud MAC-iga t\u00f6\u00f6tamise spetsialist, MAC-i koolituskursuse autor, teetaravi praktik, m\u00e4ngude praktik, Access Barsi praktik, transformatsioonim\u00e4ngude esitleja, arvukalt osaleja ps\u00fchholoogiliste lauam\u00e4ngude festivalidel, autor tekk \u201c120 ressurssi meestele ja naistele\u201d, \u201cSuhe. \u00d5nneteel\u201c, \u201eMotivatsioon. Teel \u00f5nne poole\u201d, nbsp; ja ka teisendusm\u00e4ngu \u201cTeel \u00f5nne poole\u201d autor. suhted\u201d ja brandnbsp; &quot;\u00d5nneteel.&quot;<br \/><strong>Sisaldab:<\/strong> <\/p>\n<li>M\u00e4nguv\u00e4ljak esmaklassilisel kangal<\/li>\n<li>Metafoorsete kaardipakk \u201cSuhted. \u00d5nneteel\u201d, 100 kaarti l\u00e4ikivas laminaadis<\/li>\n<li>Metafoorsete kaardipakk \u201cTegelased\u201d, 20 kaarti l\u00e4ikivas laminaadis<\/li>\n<li>Tekstipakk \u201cS\u00f5numid\u201d, 50 kaarti l\u00e4ikivas laminaadis<\/li>\n<p> li&gt; <\/p>\n<li>Tekstipakk \u201cSeaded\u201d, 50 kaarti l\u00e4ikivas laminaadis<\/li>\n<li>Tekstipakk \u201cBonus\u201d, 50 kaarti l\u00e4ikivas laminaadis<\/li>\n<li>Tekstipakk \u201cK\u00fcsimused\u201d, 50 kaarti l\u00e4ikivas laminaadis<\/li>\n<li>Kaartide komplekt \u201cTeateid endale m\u00e4nguv\u00e4ljakult\u201d 20 tk<\/li>\n<li>V\u00f5lukivide komplekt \u201cTalendid\u201d 40 tk<\/li>\n<li>Naturaalsest puidust m\u00e4ngu\u017eetoonide komplekt 6 tk<\/li>\n<li>6 k\u00fcljega t\u00e4ringut<\/li>\n<li>Juhi tunnistus (v\u00e4ljastatakse autori poolt peale koolituse l\u00e4bimist)<\/li>\n<li>M\u00e4ngijaleht 10 t\u00fckki<\/li>\n<li>Kaubam\u00e4rgiga \u00fcmbriste pakkimism\u00e4ngud<\/li>\n<li>Juhised saatejuhile<\/li>\n<li>M\u00e4nguv\u00e4rvi organza kotid tekstipakkide, v\u00f5lukivide, laastude ja kuubikute jaoks<\/li>\n<li>Video koolituskomplekt autorilt, mis sisaldab Maciga t\u00f6\u00f6tamise \u00f5ppimise p\u00f5hit\u00f5desid ja m\u00e4ngupraktika p\u00f5hit\u00f5desid<\/li>\n<li>Suletud vestlus saatejuhtide toetamiseks.<\/li>\n<p> M\u00e4ngukomplekt sisaldab k\u00f5ike, mis on ettekandjale ja m\u00e4ngijatele vajalik.<br \/> See m\u00e4ng aitab teil nbsp-le v\u00e4rske pilgu heita; suhteid, tuua harmooniat ja soojust, parandada nende kvaliteeti ja tagastada teile ja teie klientidele t\u00f5eline armastus!<br \/>M\u00e4ng koosneb 8 etapist. Nii nagu elus, l\u00e4bib iga paar neid etappe.nbsp; Keegi katkestab suhte \u00fchel etapil ja astub uude, alustades uuesti, keegi nbsp; ripub \u00fchel etapil ja elab selles edasi arenemata, samal ajal kui keegi saab kogemusi ja liigub koos oma partneriga t\u00f5elise, t\u00f5elise armastuse poole! Neil, kel veel suhet pole, aitab m\u00e4ng elus mitte vigu teha ning need etapid esmalt m\u00e4nguv\u00e4ljakul l\u00e4bi teha. Ja seej\u00e4rel astuge teadlikult suhtesse, j\u00e4ttes k\u00f5ik seaded ja stsenaariumid minevikku.nbsp;M\u00e4ngu saab m\u00e4ngida piiramatu arv kordi.nbsp; M\u00e4ngida saavad nii naised kui mehed. Ja isegi koos oma partneriga.<br \/>L\u00e4bige k\u00f5ik m\u00e4nguetapid ja teie suhe s\u00e4rab uutes v\u00e4rvides!<br \/>Oma teel kohtate igal etapil negatiivseid hoiakuid, \u00fcldisi stsenaariume, vigu, kaarte nende lahendamiseks, aga ka s\u00f5numeid ja boonuseid, kes teid vajadusel premeerivad ja toetavad.nbsp; M\u00e4ngus sisalduvad metafoorsed kaardid aitavad teil minna s\u00fcgavamale ja leida ressursse, et lahendada k\u00f5ik m\u00e4ngu k\u00e4igus tekkinud k\u00fcsimused ja vigastused.nbsp;M\u00e4ngul on ka ainulaadne funktsioon \u2013 need on tegelaskujud! Peategelased, kes juhatavad teid l\u00e4bi m\u00e4ngu k\u00f5igi etappide eesm\u00e4rgi ja soovini!nbsp;Ja talendikivid, mis n\u00e4itavad selgelt, kas teie tegevused suhetes on \u00f5iged ja mida on vaja veel teha.nbsp;Hoolimata selle s\u00fcgavusest, m\u00e4ng on v\u00e4ga leidlik! nbsp; Ta muudab oma olekut! Ja keegi ei j\u00e4\u00e4 p\u00e4rast selle l\u00e4bimist \u00fcksk\u00f5ikseks!<br \/>M\u00e4ngu mehaanika.<br \/>M\u00e4ng koosneb 8 etapist. Samuti nagu nbsp; elus l\u00e4bib iga paar neid etappe.nbsp; Keegi katkestab suhte \u00fchel etapil ja astub uude, alustades uuesti, keegi nbsp; ripub \u00fchel etapil ja elab selles edasi arenemata, samal ajal kui keegi saab kogemusi ja liigub koos oma partneriga t\u00f5elise, t\u00f5elise armastuse poole!<br \/>M\u00e4ng algab mandala keskelt. K\u00f5ik m\u00e4ngijad asetavad oma \u017eetoonid keskele.nbsp; M\u00e4ngija, kes alustab m\u00e4ngu, tutvustab ennast, avaldab oma soovi ja valib portreepakist juhuslikult m\u00e4ngutegelase. T\u00fcdrukud teki naisosast, mehed meesteosast.nbsp;Siis teeb ta t\u00e4ringut visates kindlaks: &quot;Kui palju talente on tal juba harmooniliste suhete loomiseks&quot;nbsp; saatejuht annab m\u00e4ngijale nii palju; kivikesed, kui palju kukkus t\u00e4ringule.<br \/>Seej\u00e4rel viskab m\u00e4ngija t\u00e4ringut ja alustab nbsp; p\u00f5llul ringi liikumine, lahtrite lugemine numbrist 1. Et ei j\u00e4\u00e4ks segadusse, kuhu m\u00f6\u00f6da p\u00f5ldu minna \u2013 keskendume numbritele, mine; 1-st numbrini 50.nbsp; Me l\u00e4bime k\u00f5ik etapid.nbsp;Talendikivid on m\u00e4ngu valuuta. Kui m\u00e4ngija saavutab m\u00e4ngus 10 talenti, vahetab ta need partneri vastu ja t\u00f5mbab kaardi vastastegelaste pakist.nbsp; T\u00f6\u00f6tame nende kaartidega s\u00fcvitsi, t\u00f6\u00f6tlustehnikad on video juhistes.<br \/>Keegi saab endale partneri ja liigub partnerlustasandile ning keegi j\u00f5uab m\u00e4ngu l\u00f5puni \u00fcksi. K\u00f5ik m\u00e4ngus on metafooriline, iga m\u00e4ngu element t\u00e4hendab midagi, nbsp; k\u00f5ik on peensusteni l\u00e4bi m\u00f5eldud.<\/p>\n<p> Videojuhised sisaldavad 20 \u00f5ppetundi, mille \u00f5ppimise j\u00e4rel olete m\u00e4ngufilosoofiast l\u00e4bi imbunud, saate aru kogu mehaanikast ja tunnete selle s\u00fcgavust!<\/p>","protected":false},"excerpt":{"rendered":"<p>Autor: Ksenia Krylova \u2013 ps\u00fchholoog, MAC-iga t\u00f6\u00f6tamise sertifitseeritud spetsialist, MAC-i koolituskursuse autor, teeta-tervendamise praktik,<\/p>","protected":false},"featured_media":4309,"comment_status":"open","ping_status":"open","template":"","meta":[],"product_brand":[],"product_cat":[19],"product_tag":[],"class_list":{"0":"post-4308","1":"product","2":"type-product","3":"status-publish","4":"has-post-thumbnail","6":"product_cat-relationships-sex","8":"first","9":"outofstock","10":"product-type-simple"},"_links":{"self":[{"href":"https:\/\/shercards.com\/et\/wp-json\/wp\/v2\/product\/4308","targetHints":{"allow":["GET"]}}],"collection":[{"href":"https:\/\/shercards.com\/et\/wp-json\/wp\/v2\/product"}],"about":[{"href":"https:\/\/shercards.com\/et\/wp-json\/wp\/v2\/types\/product"}],"replies":[{"embeddable":true,"href":"https:\/\/shercards.com\/et\/wp-json\/wp\/v2\/comments?post=4308"}],"wp:featuredmedia":[{"embeddable":true,"href":"https:\/\/shercards.com\/et\/wp-json\/wp\/v2\/media\/4309"}],"wp:attachment":[{"href":"https:\/\/shercards.com\/et\/wp-json\/wp\/v2\/media?parent=4308"}],"wp:term":[{"taxonomy":"product_brand","embeddable":true,"href":"https:\/\/shercards.com\/et\/wp-json\/wp\/v2\/product_brand?post=4308"},{"taxonomy":"product_cat","embeddable":true,"href":"https:\/\/shercards.com\/et\/wp-json\/wp\/v2\/product_cat?post=4308"},{"taxonomy":"product_tag","embeddable":true,"href":"https:\/\/shercards.com\/et\/wp-json\/wp\/v2\/product_tag?post=4308"}],"curies":[{"name":"wp","href":"https:\/\/api.w.org\/{rel}","templated":true}]}}