{"id":433,"date":"2024-08-04T11:32:48","date_gmt":"2024-08-04T11:32:48","guid":{"rendered":"https:\/\/shercards.com\/index.php\/product\/cards-questions-simple-and-complex\/"},"modified":"2025-10-20T10:47:05","modified_gmt":"2025-10-20T10:47:05","slug":"cards-questions-simple-and-complex","status":"publish","type":"product","link":"https:\/\/shercards.com\/et\/toode\/cards-questions-simple-and-complex\/","title":{"rendered":"Kaardid &quot;K\u00fcsimused: lihtsad ja keerulised&quot;"},"content":{"rendered":"<p>Kaardid k\u00fcsimustega, mis aitavad t\u00f6\u00f6tada mis tahes metafoorsete kaartide, Taro v\u00f5i oraaklitega mis tahes teemal<br \/>Autor: Irina Fedorova Kunstnik: Ekaterina Beltsova<br \/>Komplekti kuulub: 80 kaarti 70 x 104 mm, juhend koos t\u00f6\u00f6v\u00f5tetega, karp.<br \/>Mis tahes kaardipakkidega, taro- v\u00f5i oraaklipakkidega t\u00f6\u00f6tades v\u00f5ivad k\u00fcsimuste kaardid teid aidata. Seda tekki saab kasutada ps\u00fchholoogilisteks konsultatsioonideks, konkreetsete olukordade anal\u00fc\u00fcsiks ja v\u00e4ljat\u00f6\u00f6tamiseks, aga ka enesevaatluseks ja enesetundmiseks.<br \/>K\u00fcsimused h\u00f5lmavad v\u00e4ga erinevaid teemasid, mis on seotud t\u00f5en\u00e4oliste tegude, tunnete, emotsionaalse seisundi, isikliku arengu, enesem\u00e4\u00e4ramise ja eesm\u00e4rgiga.&lt;br&gt;Tekk sisaldab k\u00fcsimusi, millele ei saa \u00fchesilbis vastata. Iga\u00fcks neist n\u00f5uab t\u00e4ielikku, l\u00e4bim\u00f5eldud ja \u00fcksikasjalikku vastust, mille saab teada mitmel viisil: kasutades mistahes teist kaardipakki piltide ja lugudega v\u00f5i anal\u00fc\u00fcsides esilekerkivaid m\u00f5tteid, nende \u00fcle m\u00f5eldes ja v\u00e4lja r\u00e4\u00e4kides.<br \/>Selle paki lisak\u00fcsimus v\u00f5ib kehtida k\u00f5igi paigutuses olevate kaartide kohta ega s\u00f5ltu kasutusajast, sest see aitab kaasa uute suundade otsimisele j\u00e4rgnevaks t\u00f6\u00f6ks ja teemasse s\u00fcgavamale s\u00fcvenemisele.<br \/> Teki &quot;K\u00fcsimused: lihtsad ja keerulised&quot; omadused<br \/> Nendele kaartidele pole kirjutatud mitte ainult k\u00fcsimused ise, vaid ka abstraktsed pildid. Kunstnik, kes neid maalis, on Ekaterina Beltsova. Need joonised aitavad teil vastuse leidmiseks valmistuda, samuti luua vajaliku emotsionaalse tausta.<br \/>Kui meditatiivseid tehnikaid peetakse mugavamaks, v\u00f5ivad need kujutised aidata saavutada ka kerget transiseisundit, kuna transis olles saab teadvuseta vastuseid huvitavatele k\u00fcsimustele ammutada.<br \/>Aga kui selliste t\u00f6\u00f6meetoditega tekib raskusi v\u00f5i nende sobimatus, sobib tekk ka terapeutilises t\u00f6\u00f6s (kui seda kasutatakse) v\u00f5i lihtsalt olemasoleva teema iseseisvaks refleksiooniks.<br \/>Ja loomulikult saab kasutada ka muid kaardipakke, n\u00e4iteks metafoorseid assotsiatiivseid kaarte, taro- v\u00f5i oraaklipakke.<br \/>Metaforilised assotsiatiivsed kaardid (MAC) on projektiivne ps\u00fchholoogiline tehnika. Piltide tajumine on puhtalt individuaalne ja iga inimene kogeb pilti vaadates tundeid ja emotsioone, mis erinevad kardinaalselt teise inimese muljetest. Metafoorsetes kaartides puudub t\u00e4henduste ja t\u00e4henduste range jaotus, mida ei saa \u00f6elda teiste ennustamisvahendite kohta.<br \/>V\u00e4ljakujunenud, \u00fcldtunnustatud t\u00e4hendused on reeglina Tarot v\u00f5i oraaklites. Aga neid saab kasutada ka metafoorsete kaartidena, kui just selgitustega vihikut ei kasuta. Seda t\u00fc\u00fcpi t\u00f6\u00f6 on minu arvates keskkonnas\u00f5bralikum ja eelistatavam, kuna sellises olukorras ei ole v\u00f5imalik arutlusk\u00e4igu l\u00f5pptulemust v\u00e4ljastpoolt m\u00f5jutada ja seet\u00f5ttu v\u00f5ite hakata ennast rohkem usaldama ja tundma end nagu oma elu t\u00e4ie\u00f5iguslik peremees.<br \/>Tekiga t\u00f6\u00f6tamise tehnikad <br \/>&quot;M\u00f5tete vaba voog&quot;<br \/>See tehnika eeldab vaba re\u017eiimi: klient saab iseseisvalt v\u00e4lja t\u00f5mmata k\u00fcsimustega kaarte ja m\u00f5elda antud teema \u00fcle. Laske kliendil v\u00e4ljendada oma m\u00f5tteid. Eneseanal\u00fc\u00fcsi t\u00f6\u00f6d saate tugevdada suunavate v\u00f5i t\u00e4psustavate k\u00fcsimustega.<br \/>Kui t\u00f6\u00f6tate individuaalselt, v\u00f5ite proovida ka olukorda anal\u00fc\u00fcsida. Eelistatav on seda teha valjusti v\u00f5i oma m\u00f5tted kirja panna, kuni vastus on leitud.<br \/>Kui m\u00e4\u00e4rate igal konkreetsel juhul konkreetse t\u00f6\u00f6teema, on protsess palju edukam ja viljakam. Teemaks v\u00f5ib olla kas erinevad eluvaldkonnad (t\u00f6\u00f6, perekond, \u00fchiskond, eesm\u00e4rgiotsing jne) v\u00f5i konkreetne olukord (n\u00e4iteks abielu).<br \/>&quot;Unikaalse paigutuse loomine&quot;<br \/>B Erinevatest allikatest \u2013 raamatud, meedia, sotsiaalv\u00f5rgustikud, Internet \u2013 v\u00f5ib leida tohutul hulgal tehnikaid ja kujundusi. Selliseid valmis paigutusi kasutavad paljud. Teki &quot;K\u00fcsimused: lihtsad ja keerulised&quot; abil saate aga iga kord luua individuaalse ja ainulaadse paigutuse.<br \/>Tekiga t\u00f6\u00f6tamine on v\u00f5imalik nii avatud kui suletud. Avatud paigutuse loomisel tuleb kaardipakist v\u00e4lja valida just need, mis Sinu vaatenurgast selle paigutuse jaoks k\u00f5ige sobivamad on. P\u00e4rast kaartide valimist (neid ei tohiks olla liiga palju \u2013 t\u00f5en\u00e4osus segadusse sattuda on v\u00e4ga suur) tuleb need lauale laduda soovitud j\u00e4rjekorras. Ja hiljem saate iga k\u00fcsimusega eraldi t\u00f6\u00f6tada, kasutades kaarte mis tahes muust kaardipakist koos piltide v\u00f5i lugudega.<br \/>Paigutus kaartide abil, esik\u00fcljega allapoole, sarnaneb \u00fclalkirjeldatule. Ainus erinevus on see, et siin t\u00f5mbate kaarte pimesi.<br \/>Milline meetod teile isiklikult sobib, saate teada tekiga katsetades.<br \/>&quot;Juhuslik k\u00fcsimus&quot;<br \/>1. P\u00e4rast t\u00f6\u00f6 teema kindlaksm\u00e4\u00e4ramist peate kaardipakist v\u00e4lja t\u00f5mbama \u00fche v\u00f5i mitu kaarti (mitte koos, vaid rangelt j\u00e4rjestikku) ja otsima vastust esitatud k\u00fcsimusele m\u00f5ne teise kaardipakiga.<br \/>2. Igast kaardipakist, mis antud teema jaoks sobib, tuleb valida \u00fcks v\u00f5i kaks kaarti, mis aitavad vastuse leidmisel. Kaarte saab v\u00e4lja t\u00f5mmata nii pildiga allapoole kui ka \u00fclespoole. N\u00e4iteks ps\u00fchholoogilisel konsultatsioonil on eelistatav valida kaardid, mis on avatud. See v\u00f5ib p\u00f5hjustada kliendi vastupanu v\u00f5i kartlikkust. V\u00f5imalik on ka v\u00f5rdluskatse: k\u00fcsimusele vastust otsides saab t\u00f5mmata kaks kaarti \u2013 \u00fcks pildiga allapoole, teine \u00fclespoole.<br \/>3. P\u00e4rast piltide hoolikat kaalumist ja anal\u00fc\u00fcsi on vaja joonistada teine kaart esik\u00fcljega allapoole, vastates k\u00fcsimusele: &quot;Mida ma ei n\u00e4e v\u00f5i ei taha n\u00e4ha?&quot;<br \/>Selle kaardi abil saate realiseerida midagi v\u00e4ga olulist, kuid teatud asjaolude t\u00f5ttu, mis pole kliendile v\u00f5i konsultandile ilmne.<br \/>Harjutuse l\u00f5petamisel peate tulemusi anal\u00fc\u00fcsima ja tegema j\u00e4reldused.<br \/>&quot;Assistendi k\u00fcsimus&quot;<br \/>Seda tehnikat saab kasutada mis tahes taotlusega t\u00f6\u00f6tamiseks. Alguses uuritakse h\u00e4ireid ja ressursse ning seej\u00e4rel uuritakse olukorda p\u00f5hjalikumalt ja laiemalt.<br \/>1. Iga j\u00e4rgmise aspekti jaoks peate igast piltidega pakist joonistama 2\u20133 kaarti pildiga allapoole:<br \/>\u201eMillised on minu n\u00f5rkused selles olukorras? Mida ma ei peaks tegema?&quot;<br \/>\u201eMillised on minu tugevad k\u00fcljed? Mida ma pean tegema?\u201d<br \/>2. Suletud kujul peate kaardipakist \u201cK\u00fcsimused: lihtsad ja keerulised\u201d t\u00f5mbama \u00fche v\u00f5i mitu kaarti, mis t\u00f5ukab teid olukorra uurimise edasise vektori poole.<\/p>\n<p> Vastuse otsimisel saad kasutada oma t\u00f6\u00f6pakki \u2013 t\u00f5mmake v\u00e4lja \u00fcks v\u00f5i kaks kaarti ning t\u00f6\u00f6 l\u00f5pus anal\u00fc\u00fcsige tulemusi ja tehke j\u00e4reldused. <\/br><\/br><\/p>","protected":false},"excerpt":{"rendered":"<p>Kaardid k\u00fcsimustega, mis aitavad t\u00f6\u00f6tada mis tahes metafoorsete kaartide, Taro v\u00f5i oraaklitega mis tahes teemalAutor:<\/p>","protected":false},"featured_media":434,"comment_status":"open","ping_status":"open","template":"","meta":[],"product_brand":[],"product_cat":[29],"product_tag":[],"class_list":{"0":"post-433","1":"product","2":"type-product","3":"status-publish","4":"has-post-thumbnail","6":"product_cat-text","8":"first","9":"outofstock","10":"purchasable","11":"product-type-simple"},"_links":{"self":[{"href":"https:\/\/shercards.com\/et\/wp-json\/wp\/v2\/product\/433","targetHints":{"allow":["GET"]}}],"collection":[{"href":"https:\/\/shercards.com\/et\/wp-json\/wp\/v2\/product"}],"about":[{"href":"https:\/\/shercards.com\/et\/wp-json\/wp\/v2\/types\/product"}],"replies":[{"embeddable":true,"href":"https:\/\/shercards.com\/et\/wp-json\/wp\/v2\/comments?post=433"}],"wp:featuredmedia":[{"embeddable":true,"href":"https:\/\/shercards.com\/et\/wp-json\/wp\/v2\/media\/434"}],"wp:attachment":[{"href":"https:\/\/shercards.com\/et\/wp-json\/wp\/v2\/media?parent=433"}],"wp:term":[{"taxonomy":"product_brand","embeddable":true,"href":"https:\/\/shercards.com\/et\/wp-json\/wp\/v2\/product_brand?post=433"},{"taxonomy":"product_cat","embeddable":true,"href":"https:\/\/shercards.com\/et\/wp-json\/wp\/v2\/product_cat?post=433"},{"taxonomy":"product_tag","embeddable":true,"href":"https:\/\/shercards.com\/et\/wp-json\/wp\/v2\/product_tag?post=433"}],"curies":[{"name":"wp","href":"https:\/\/api.w.org\/{rel}","templated":true}]}}