{"id":4378,"date":"2024-08-04T18:22:00","date_gmt":"2024-08-04T18:22:00","guid":{"rendered":"https:\/\/shercards.com\/index.php\/product\/transformation-game-satori\/"},"modified":"2025-10-20T10:34:17","modified_gmt":"2025-10-20T10:34:17","slug":"transformation-game-satori","status":"publish","type":"product","link":"https:\/\/shercards.com\/et\/toode\/transformation-game-satori\/","title":{"rendered":"\u00dcmberkujunemism\u00e4ng &quot;Satori&quot;"},"content":{"rendered":"<p>Radikaalse andestamise m\u00e4ng \u201cSATORI\u201d.<br \/>M\u00e4ng \u201cSatori\u201d ei ole lihtsalt teraapiline transformatsioonim\u00e4ng.nbsp;See on treeningm\u00e4ng, t\u00e4nu millele aitab see m\u00e4ngulises, \u00f5rnas vormis t\u00f6\u00f6tada negatiivsete emotsioonide ja stressirohke olukordadega ning on loodud aitama inimesel taastuda. kaotanud sisemise harmoonia, taastada rahulikkus ja enesekindlus.<br \/><strong>M\u00e4ngu sisu:<\/strong> <\/p>\n<ul>\n<li>m\u00e4nguv\u00e4ljak 45,5 x 45,5 cm;<\/li>\n<li>noolega ratas;<\/li>\n<li>kuubik 1 t\u00fckk;<\/li>\n<li>raamat, teade m\u00e4ngijatele;<\/li>\n<li>m\u00e4ngujuhend 5 t\u00fckki;<\/li>\n<li>isiklik m\u00e4ngukaart 5 tk;<\/li>\n<li>kaart \u201cS\u00fc\u00fcdim\u00e4ng\u201d 1 tk;<\/li>\n<li>kaardid \u201cOhvrite riik-Gates-Satori\u201d 5 tk;<\/li>\n<li>kiibid 5 tk;<\/li>\n<li>kaardid 5 tk; li&gt;\n<li>Kaardid \u201cUsk\u201d 48 tk;<\/li>\n<li>Kaardid \u201cMis juhtus\u201d 24 tk;<\/li>\n<li>\u201cUus ajalugu\u201d kaardid 36 tk;<\/li>\n<li>kaardid \u201cS\u00fcndmus\u201d 24 tk;<\/li>\n<li>\u201cKonteksti\u201d kaardid 24 tk;<\/li>\n<li>\u201cKarma\u201d kaardid 24 tk;<\/li>\n<li>\u201cEnergiaploki\u201d kaardid 49 tk: 7 v\u00e4rvi, igat v\u00e4rvi 7 kaarti.<\/li>\n<\/ul>\n<p> M\u00e4ng on pakendatud pappkarpi.<\/p>\n<p> M\u00e4ngu &quot;Satori&quot; protsess v\u00f5imaldab teil keskenduda andestamisele \u00fchele inimesele, kes teie arvates rikub teie elu k\u00f5ige rohkem.<br \/>Kogu oma elu kogeme palju negatiivseid emotsioone \u2013 viha, raevu, leina, s\u00fc\u00fctunnet...<br \/>Kuid elukiirus ja kogemuste puudumine ei v\u00f5imalda sageli neid kogeda, neist \u00f5ppust v\u00f5tta ja lahti lasta.&lt;br&gt;Peidame nad oma hinge eraldatud nurka, teeseldes, et neid lihtsalt pole olemas, ja ometi ei kao nad kuhugi, j\u00e4tkates meie olemuse m\u00fcrgitamist.<br \/>M\u00e4ng &quot;Satori&quot; on keskendunud andestamisele, m\u00f5istmisele ja k\u00f5igi aastate jooksul kogunenud pahameele eemaldamisele.<br \/>M\u00e4ng annab h\u00e4mmastavaid tulemusi, mis aitavad inimesel energeetilise nihke teha.<\/p>\n<p> M\u00e4ngijate arv 1 kuni 5.nbsp;Kestus umbes 3- x tundi.<\/p>","protected":false},"excerpt":{"rendered":"<p>Radikaalse andestamise m\u00e4ng &quot;SATORI&quot;.M\u00e4ng &quot;Satori&quot; ei ole lihtsalt terapeutiline transformatsioonim\u00e4ng.nbsp;See on treeningm\u00e4ng, ait\u00e4h<\/p>","protected":false},"featured_media":4379,"comment_status":"open","ping_status":"open","template":"","meta":[],"product_brand":[],"product_cat":[18],"product_tag":[],"class_list":{"0":"post-4378","1":"product","2":"type-product","3":"status-publish","4":"has-post-thumbnail","6":"product_cat-psychological-games-2","8":"first","9":"outofstock","10":"product-type-simple"},"_links":{"self":[{"href":"https:\/\/shercards.com\/et\/wp-json\/wp\/v2\/product\/4378","targetHints":{"allow":["GET"]}}],"collection":[{"href":"https:\/\/shercards.com\/et\/wp-json\/wp\/v2\/product"}],"about":[{"href":"https:\/\/shercards.com\/et\/wp-json\/wp\/v2\/types\/product"}],"replies":[{"embeddable":true,"href":"https:\/\/shercards.com\/et\/wp-json\/wp\/v2\/comments?post=4378"}],"wp:featuredmedia":[{"embeddable":true,"href":"https:\/\/shercards.com\/et\/wp-json\/wp\/v2\/media\/4379"}],"wp:attachment":[{"href":"https:\/\/shercards.com\/et\/wp-json\/wp\/v2\/media?parent=4378"}],"wp:term":[{"taxonomy":"product_brand","embeddable":true,"href":"https:\/\/shercards.com\/et\/wp-json\/wp\/v2\/product_brand?post=4378"},{"taxonomy":"product_cat","embeddable":true,"href":"https:\/\/shercards.com\/et\/wp-json\/wp\/v2\/product_cat?post=4378"},{"taxonomy":"product_tag","embeddable":true,"href":"https:\/\/shercards.com\/et\/wp-json\/wp\/v2\/product_tag?post=4378"}],"curies":[{"name":"wp","href":"https:\/\/api.w.org\/{rel}","templated":true}]}}