{"id":4390,"date":"2024-08-04T18:22:00","date_gmt":"2024-08-04T18:22:00","guid":{"rendered":"https:\/\/shercards.com\/index.php\/product\/psychotherapeutic-game-healing-the-inner-child\/"},"modified":"2025-10-20T10:34:17","modified_gmt":"2025-10-20T10:34:17","slug":"psychotherapeutic-game-healing-the-inner-child","status":"publish","type":"product","link":"https:\/\/shercards.com\/et\/toode\/psychotherapeutic-game-healing-the-inner-child\/","title":{"rendered":"Ps\u00fchhoterapeutiline m\u00e4ng \u201cSisemise lapse tervendamine\u201d."},"content":{"rendered":"<p><strong>Autor :nbsp;<\/strong>Irina Orda<br \/><strong>M\u00e4ngu sisu:<\/strong><br \/> M\u00e4ngu juhend \u2013 1 tk.<br \/> M\u00e4nguv\u00e4ljak 70*70cm \u2013 1 tk.<br > Assortii kr\u00f5psud \u2013 6 tk.<br \/> Kaardid k\u00fcsimustega 3. etappidele \u2013 24 tk.<br \/> Kaardid k\u00fcsimustega IV etapi jaoks \u2013 5 tk.<br \/> 4. etapi vastustega kaardid \u2013 30 tk.<br \/> K\u00fcsimustike n\u00e4idised edasiseks m\u00e4ngus kasutamiseks \u2013 4 tk.<br \/> Metafoorsed kaardid (100 tk pakis) \u201cSisemise lapse tervendamine\u201d \u2013 1 pakk.<br \/> Skype koolitus \u2013 2 tundi.<br \/> Sertifikaat elektroonilisel kujul.<br \/> M\u00e4ng \u201cSisemise lapse tervendamine\u201d on ps\u00fchholoogile suurep\u00e4rane t\u00f6\u00f6riist inimese emotsionaalse seisundiga t\u00f6\u00f6tamiseks, mis v\u00f5imaldab j\u00e4rk-j\u00e4rgult: Oma lapsep\u00f5lvem\u00e4lestustele otse ligi p\u00e4\u00e4seda. \u00c4rge unustage v\u00e4ljendada allasurutud tundeid t\u00e4iskasvanu positsioonilt. Hakka enda jaoks lahkeks ja targaks lapsevanemaks. Vabane pahameelest ja s\u00fc\u00fctundest. Puhastage s\u00fcgavalt siseruumi, mis viib inimese tervenemiseni. M\u00e4ng &quot;Healing the Inner Child&quot; p\u00f5hineb Eric Berne&#039;i teoorial inimelu seitsmeaastaste ts\u00fcklite teooriast ja tehinguanal\u00fc\u00fcsist. M\u00e4ng h\u00f5lmab inimese elu kolme vanuseetapi l\u00e4bimist, mis v\u00f5imaldavad sukelduda erinevatesse lapsep\u00f5lve seisunditesse, et teha kindlaks, millisel perioodil raskused tekkisid, t\u00f5sta pinnale oma h\u00e4vitavad uskumused edasiseks t\u00f6\u00f6ks meie sisemise lapsega. , mis aitab saavutada harmooniat iseendaga. M\u00e4ngu neljas viimane etapp v\u00f5imaldab avastada oma sisemist last, teda tundma \u00f5ppida, sukelduda tema kogemustesse ja teha kindlaks tema vajadused ning leida v\u00f5imalus talle abik\u00e4si ulatada. Staadiumid t\u00f5stavad teatud traumasid, aktsepteerimata v\u00f5i allasurutud valu. L\u00f5ppude l\u00f5puks kasvavad aja jooksul meie suhte kihid maailmaga meie olemuse puhtusele. See on kogu meie lapsep\u00f5lve lugu. See on meie valu, kaebused, haavad ja hirmud. See on meie \u201chaavatud laps\u201d. Siis kaitseme end keskkonna eest, iga\u00fcks paneb endale sobiva maski. See t\u00e4hendab, kuidas me end \u00fchiskonnas v\u00e4ljendame. See on meie v\u00e4line kuvand, see, kuidas me inimestega suhtleme, kuidas me inimestele paistame. Oleme v\u00e4lja t\u00f6\u00f6tanud kindla stsenaariumi, mida m\u00e4ngitakse l\u00e4bi meie elu ikka ja j\u00e4lle nagu plaati. Kuni me ei m\u00f5ista ja ei n\u00e4e mustreid, ei taha me sellest ringist lahkuda ja maske maha v\u00f5tta, paljastades oma n\u00e4od. M\u00e4ng \u201cHealing the Inner Child\u201d on v\u00f5imalus n\u00e4ha seda stsenaariumi ja seda muuta, l\u00e4bida k\u00f5ik etapid, ravida valu, lasta lahti ja \u00fchenduda oma sisemise lapsega.<br \/>Selle m\u00e4ngu paketis olevad metafoorilised kaardid \u201cSisemise lapse tervendamine\u201d aitavad kujundite abil sukelduda s\u00fcgavamale ning tuvastada lapsep\u00f5lvest p\u00e4rit sisemisi kogemusi ja hoiakuid.<br \/> Seda metafoorset kaardipakki saab kasutada m\u00e4ngust eraldiseisva ps\u00fchholoogilise t\u00f6\u00f6riistana ja see aitab teil lahendada j\u00e4rgmisi \u00fclesandeid:<br \/> \u2013 sukelduda lapsep\u00f5lve, oma lapsep\u00f5lvem\u00e4lestustesse \u2013 t\u00f5sta oma negatiivseid emotsionaalseid seisundeid \u2013 tuvastada oma negatiivsed lapsep\u00f5lvehoiakud \u2013 muuta negatiivsed hoiakud positiivseteks<br \/> \u2013 \u201c\u00f5ppige tundma\u201d oma sisemist last<br \/> \u2013 \u201csuhtle\u201d oma Sisemise Lapsega \u2013 leia endas sisemised ressursid \u2013 teadvusta oma sisemisi konflikte.<br \/> Ja sellest tekist v\u00f5ib saada ka hea abiline lastega t\u00f6\u00f6tamisel alates 3. eluaastast.<\/p>","protected":false},"excerpt":{"rendered":"<p>Autor :nbsp;Irina OrdaM\u00e4ngu sisu: M\u00e4ngu juhend \u2013 1 tk. M\u00e4nguv\u00e4ljak 70*70cm \u2013 1 tk. Erinevad kr\u00f5psud -<\/p>","protected":false},"featured_media":4391,"comment_status":"open","ping_status":"open","template":"","meta":[],"product_brand":[],"product_cat":[18],"product_tag":[],"class_list":{"0":"post-4390","1":"product","2":"type-product","3":"status-publish","4":"has-post-thumbnail","6":"product_cat-psychological-games-2","8":"first","9":"outofstock","10":"product-type-simple"},"_links":{"self":[{"href":"https:\/\/shercards.com\/et\/wp-json\/wp\/v2\/product\/4390","targetHints":{"allow":["GET"]}}],"collection":[{"href":"https:\/\/shercards.com\/et\/wp-json\/wp\/v2\/product"}],"about":[{"href":"https:\/\/shercards.com\/et\/wp-json\/wp\/v2\/types\/product"}],"replies":[{"embeddable":true,"href":"https:\/\/shercards.com\/et\/wp-json\/wp\/v2\/comments?post=4390"}],"wp:featuredmedia":[{"embeddable":true,"href":"https:\/\/shercards.com\/et\/wp-json\/wp\/v2\/media\/4391"}],"wp:attachment":[{"href":"https:\/\/shercards.com\/et\/wp-json\/wp\/v2\/media?parent=4390"}],"wp:term":[{"taxonomy":"product_brand","embeddable":true,"href":"https:\/\/shercards.com\/et\/wp-json\/wp\/v2\/product_brand?post=4390"},{"taxonomy":"product_cat","embeddable":true,"href":"https:\/\/shercards.com\/et\/wp-json\/wp\/v2\/product_cat?post=4390"},{"taxonomy":"product_tag","embeddable":true,"href":"https:\/\/shercards.com\/et\/wp-json\/wp\/v2\/product_tag?post=4390"}],"curies":[{"name":"wp","href":"https:\/\/api.w.org\/{rel}","templated":true}]}}