{"id":4440,"date":"2024-08-04T18:27:06","date_gmt":"2024-08-04T18:27:06","guid":{"rendered":"https:\/\/shercards.com\/index.php\/product\/transformation-game-know-yourself\/"},"modified":"2025-10-20T10:34:16","modified_gmt":"2025-10-20T10:34:16","slug":"transformation-game-know-yourself","status":"publish","type":"product","link":"https:\/\/shercards.com\/et\/toode\/transformation-game-know-yourself\/","title":{"rendered":"\u00dcmberkujundamise m\u00e4ng &quot;Tunne ennast&quot;"},"content":{"rendered":"<p>Autor: Oksana Konovalova, inimdisaini s\u00fcsteemianal\u00fc\u00fctik, m\u00e4ngupraktik, transformatsioonim\u00e4ngu Know Yourself autor.<br \/>M\u00e4ng &quot;Tunne iseennast&quot;:<br \/> aitab n\u00e4ha n\u00f5rku kohti, mis takistavad edasiliikumist;<br \/> n\u00e4itab tugevaid k\u00fclgi, millele saate vastu panna;<br \/> ressurss, millega saad oma energiat taastada;<br \/>Ja aitab ka iseennast paremini m\u00f5ista ja aktsepteerida.<\/p>\n<p> M\u00e4ngu komplekt sisaldab:<br \/> 1. P\u00f5ld 60*80 cm (kangas) . 2. Metafoorsete assotsiatiivsete kaartide pakk \u201cTunne ennast\u201d \u2013 70 tk;<br \/> 3. Metafoorsete kaartide pakk \u201cInspiratsioon\u201d \u2013 45 tk;<br \/> 4. Kaardid \u00fclesannetega \u2013 52 tk;<br \/> 5. 6-poolne kuubik ;<br \/> 6. Mitmev\u00e4rvilised kiibid 6 t\u00fckki;<br \/> 7. M\u00e4ngija vormib 6 t\u00fckki (+ elektroonilisel kujul);<br \/> 8. V\u00e4rvilised pliiatsid;<br \/> 9. Pliiats;<br \/> 10. Kvaliteetne, stiilne, veekindel kott.<br \/> 11. Ettekandja tunnistus;<br \/> 12. M\u00e4ngu ja Human Design s\u00fcsteemi p\u00f5hiprintsiipide \u00f5petamine videos;<br \/> 13. Interneti-kohtumine saatejuhiga.<br \/>M\u00c4NGUVORMID: r\u00fchm, individuaalne, v\u00f5rgu\u00fchenduseta, v\u00f5rgus.<br \/> M\u00e4ngijate arv \u00fches m\u00e4ngus:<br \/> Minimaalne \u2013 1,<br \/> Maksimaalne - piiramatu. \u00dchel v\u00e4ljakul saab m\u00e4ngida suure osalejate arvuga.<br \/> Optimaalne \u2013 4-5.<br \/> M\u00e4nguaeg: 2 kuni 4 tundi.<br \/> Standardaeg 3 tundi.<br \/>P\u00e4rast m\u00e4ngu ostmist tuleb autoriga \u00fchendust v\u00f5tta. Elektrooniliselt saadetakse e-postiga: materjalid v\u00f5rgus m\u00e4ngimiseks, <br \/> juhised, m\u00e4ngija vorm ja treeningvideo. Tunnistus v\u00e4ljastatakse peale koolituse l\u00e4bimist!!!<br \/> Saatejuhtide jaoks on pidev tugivestlus ja sotsiaalv\u00f5rgustike lehed, kus esitletakse k\u00f5iki saatejuhte.<\/p>\n<p> Kaal: 1,1 kg<br \/> M\u00f5\u00f5dud pakendis: 30* 40 cm<br \/> Ilmumiskuup\u00e4ev: detsember 2023<br \/>M\u00e4ngu kohta:<br \/> Transformatsioonim\u00e4ng \u201cTunne iseennast\u201d aitab sul aktsepteerida oma identiteeti, asuda oma kohale ja leida tee! <br \/>See on universaalne m\u00e4ng, mis aitab t\u00f5esti ennast tundma \u00f5ppida! M\u00e4ng on \u00fcles ehitatud Human Design s\u00fcsteemi alusel.<br \/>Human Design on enesetundmise s\u00fcsteem, mille j\u00e4rgi saab inimese s\u00fcnnikoha ja -aja j\u00e4rgi m\u00e4\u00e4rata tema iseloomu ja elueesm\u00e4rgi. See kirjeldab inimese omadusi ja neid andmeid arvesse v\u00f5ttes pakub inimesele v\u00f5imalusi oma elu harmoonilisemaks muutmiseks.<br \/> M\u00e4ng on ainulaadne selle poolest, et seda saab l\u00e4bi viia nii Human Design s\u00fcsteemi anal\u00fc\u00fctik kui ka inimene, kes s\u00fcsteemi ei tunne.<br \/>M\u00e4ngu k\u00e4igus k\u00f5nnib osaleja l\u00e4bi energiakeskuste ja saab vastused oma k\u00fcsimustele. <br \/> Iga keskuse \u00fclesanded paljastavad selle keskuse teema.<br \/> M\u00e4ng algab juurkeskusega, see on v\u00e4lja madalaim keskpunkt. Juurekeskus vastutab liikumise, j\u00f5u ja adrenaliinienergia eest. <br \/> J\u00e4rgmine keskus sellel teel on emotsionaalne. Siin on meie tunded ja emotsioonid.<br \/> Siis \u2013 Sakraalkeskus. See on eluenergia, nauding, seksuaalsus.<br \/> Seej\u00e4rel liigume p\u00f5rna keskpunkti, see on tervise, instinktide, intuitsiooni keskus. <br \/> G-keskus on enesem\u00e4\u00e4ramise keskus, inimese sisemine kompass, armastuse keskus.<br \/> Ego keskmes olles p\u00f6\u00f6rab osaleja t\u00e4helepanu oma enesehinnangule ja tahtej\u00f5ule.<br \/> J\u00e4rgmiseks on Kurgukeskus enesev\u00e4ljendus, h\u00e4\u00e4l ja manifestatsioon maailmas.&lt;br&gt; Ajna keskmes on meie m\u00f5tlemine, m\u00f5istus ja k\u00f5ik, mida meie pea dikteerib.<br \/> J\u00f5udes viimasesse, \u00fclemisse keskpunkti \u2013 Parietaali \u2013 l\u00f5petab m\u00e4ngija m\u00e4ngu ja saab Inspiratsioonikaardi. Sest parietaalne keskus on inspiratsiooni keskus.<br \/>M\u00e4ngu saab siseneda kas sooviga v\u00f5i ilma \u2013 enda tundma\u00f5ppimiseks.<br \/>Taotluse \u00f5igsust kontrollitakse stantsi abil. M\u00e4ng algab alumisest juurkeskmest ja l\u00f5peb siis, kui osaleja j\u00f5uab \u00fclemisse keskpunkti, parietaali.<br \/>See on m\u00e4ng neile, kes:<br \/> - tahavad ennast tunda<br \/> \u2013 v\u00e4sinud ja ei tea, kuhu edasi minna&lt;br&gt; \u2013 tahab nautida iga hetke<br \/> \u2013 soovib oma elus midagi muuta<br \/> \u2013 on valmis tegutsema.<\/p>\n<p> M\u00e4ngu saab m\u00e4ngida piiramatu arv kordi. <\/br><\/br><\/p>","protected":false},"excerpt":{"rendered":"<p>Autor: Oksana Konovalova, inimdisaini s\u00fcsteemianal\u00fc\u00fctik, m\u00e4ngupraktik, teisendusm\u00e4ngu Know Yourself autor. M\u00e4ng \u201cTunne ennast\u201d: aitab<\/p>","protected":false},"featured_media":4441,"comment_status":"open","ping_status":"open","template":"","meta":[],"product_brand":[],"product_cat":[18],"product_tag":[],"class_list":{"0":"post-4440","1":"product","2":"type-product","3":"status-publish","4":"has-post-thumbnail","6":"product_cat-psychological-games-2","8":"first","9":"outofstock","10":"product-type-simple"},"_links":{"self":[{"href":"https:\/\/shercards.com\/et\/wp-json\/wp\/v2\/product\/4440","targetHints":{"allow":["GET"]}}],"collection":[{"href":"https:\/\/shercards.com\/et\/wp-json\/wp\/v2\/product"}],"about":[{"href":"https:\/\/shercards.com\/et\/wp-json\/wp\/v2\/types\/product"}],"replies":[{"embeddable":true,"href":"https:\/\/shercards.com\/et\/wp-json\/wp\/v2\/comments?post=4440"}],"wp:featuredmedia":[{"embeddable":true,"href":"https:\/\/shercards.com\/et\/wp-json\/wp\/v2\/media\/4441"}],"wp:attachment":[{"href":"https:\/\/shercards.com\/et\/wp-json\/wp\/v2\/media?parent=4440"}],"wp:term":[{"taxonomy":"product_brand","embeddable":true,"href":"https:\/\/shercards.com\/et\/wp-json\/wp\/v2\/product_brand?post=4440"},{"taxonomy":"product_cat","embeddable":true,"href":"https:\/\/shercards.com\/et\/wp-json\/wp\/v2\/product_cat?post=4440"},{"taxonomy":"product_tag","embeddable":true,"href":"https:\/\/shercards.com\/et\/wp-json\/wp\/v2\/product_tag?post=4440"}],"curies":[{"name":"wp","href":"https:\/\/api.w.org\/{rel}","templated":true}]}}