{"id":4444,"date":"2024-08-04T18:27:06","date_gmt":"2024-08-04T18:27:06","guid":{"rendered":"https:\/\/shercards.com\/index.php\/product\/transformational-psychological-game-immersion-in-yourself\/"},"modified":"2025-10-20T10:33:43","modified_gmt":"2025-10-20T10:33:43","slug":"transformational-psychological-game-immersion-in-yourself","status":"publish","type":"product","link":"https:\/\/shercards.com\/et\/toode\/transformational-psychological-game-immersion-in-yourself\/","title":{"rendered":"Transformatsiooniline ps\u00fchholoogiline m\u00e4ng &quot;Sukeldumine iseendasse&quot;"},"content":{"rendered":"<p>Autor ja kunstnik Marina Sholukhina, kirjastus \u201cOQprint\u201d<\/p>\n<p> Sisu:<br \/> \u2013 Kangav\u00e4li 60*60 cm;<br \/> \u2013 kuubik d10;<br \/> \u2013 Laastud 6 tk;<br \/> - juhised; <br \/> \u2013 Koolitus (treeningule juurdep\u00e4\u00e4su saamiseks tuleb v\u00f5tta \u00fchendust m\u00e4ngu autoriga);<br \/> \u2013 kast;<br \/> - esitaja sertifikaat;<br \/> - Interneti-versioon ppt esitlusvormingus.<\/p>\n<p> Kaal, m\u00f5\u00f5tmed:<br \/> 400 g<br \/> 23*17*6<\/p>\n<p> Kahekordne m\u00e4ng. \u00dchel v\u00e4ljakul on 2 m\u00e4ngu:<\/p>\n<p> 1.nbsp;nbsp;nbsp;nbsp;\u201cK\u00fclldus iseendasse\u201d on s\u00fcgav transformatiivne ps\u00fchholoogiline m\u00e4ng, mis aitab sul uurida oma hinge s\u00fcgavusi ja leida sisemist tasakaalu. Kutsume osalejaid \u00fcles sukelduma nende jaoks ohutusse s\u00fcgavusse ja j\u00e4rk-j\u00e4rgult vabanema ebavajalikest teguritest, mis segavad elu t\u00e4iel rinnal.<br \/> M\u00e4ng pakub ainulaadseid kogemuste ja olekute teisendusi, v\u00f5imaldades osalejatel saada endale ja \u00fcmbritsevale maailmale uus vaade. See aitab paljastada, mis neid hoiab ja vabastada end mineviku koormast, samuti leida elukogemusest ressursse, mis on vajalikud tee j\u00e4tkamiseks.<br \/> M\u00e4ngu ajal t\u00f6\u00f6tame hirmude ja piiravate uskumustega, et teha ruumi armastusele, \u00f5nnele ja uutele ideedele. N\u00e4ed oma j\u00f5udu ja leiad sisemise motivatsiooni eesm\u00e4rkide saavutamiseks ja elukvaliteedi parandamiseks.<br \/> Samuti saate aru, kust ammutada j\u00f5udu ja ressursse, ning saate teada, kuidas neid oma eesm\u00e4rkidel kasutada. See m\u00e4ng aitab teil m\u00f5ista oma p\u00fc\u00fcdlusi, hirme ja kahtlusi ning annab teile v\u00f5imaluse tunda end enesekindlamana ja leidlikumana.<br \/> Seega, kui otsid vahendit meelerahu, sisemise motivatsiooni saavutamiseks eesm\u00e4rkide saavutamiseks, siis m\u00e4ng \u201cS\u00fcmblemine iseendasse\u201d on sulle suurep\u00e4rane valik. <br \/> Sukelduge m\u00e4ngu p\u00f5nevasse maailma ja avastage uusi v\u00f5imalusi ja vaatenurki.<\/p>\n<p> 2.nbsp;nbsp;nbsp;nbsp;Meelelahutusm\u00e4ng on suurep\u00e4rane v\u00f5imalus s\u00f5prade ja pere seltsis aega veeta. See m\u00e4ng on m\u00f5eldud neile, kes soovivad naerda, l\u00f5\u00f5gastuda ja nautida m\u00e4ngu meeldivat atmosf\u00e4\u00e4ri.<br \/> See ei ole lihtsalt rida \u00fclesandeid, mis tuleb t\u00e4ita. Selle loomisel arvestati, et iga m\u00e4ngija saaks m\u00e4ngust maksimaalse naudingu ja tunneks end t\u00e4helepanu keskpunktis.<\/p>\n<p> Individuaalne 1-1,5 tundi<br \/> Grupp 5-6 inimest 3-3,5 tundi<\/p>\n<p> M\u00e4ng sobib t\u00fcdrukute\u00f5htuks, festivaliks, hommikus\u00f6\u00f6giks spetsialistiga.<\/p>\n<p> See m\u00e4ng sobib saatejuhtidele, kes t\u00f6\u00f6tavad j\u00e4rgmiste k\u00fcsimustega seotud p\u00e4ringutega:<br \/> \u2013 tunnete, emotsioonide, sisemise seisundiga; <br \/> \u2013 edu ja eneseteostusega, rahanduse ja ettev\u00f5tluse teemadega; <br \/> \u2013 suhetega; <br \/> \u2013 pettumuste ja kaebustega; <br \/> \u2013 enesehinnangu, enesekindluse ja enese aktsepteerimisega; <br \/> \u2013 isiklike piiridega ja oskusega \u00f6elda &quot;ei&quot;; <br \/> \u2013 iseendale ja oma ressurssidele toetumisega; <br \/> \u2013 enda ilmutamisega maailmas ja hirmuga end v\u00e4ljendada. <\/p>\n<p> M\u00e4ngu m\u00e4ngimiseks on soovitatav kasutada metafoorseid assotsiatiivseid kaarte, nimelt mis tahes universaalseid ja ressursipakke.<\/p>\n<p> <\/br><\/p>","protected":false},"excerpt":{"rendered":"<p>Autor ja kunstnik Marina Sholukhina, kirjastus \u201cOQprint\u201d Sisu: \u2013 Kangav\u00e4li 60*60 cm; \u2013 kuubik d10; - laastud 6<\/p>","protected":false},"featured_media":4445,"comment_status":"open","ping_status":"closed","template":"","meta":[],"product_brand":[],"product_cat":[18],"product_tag":[],"class_list":{"0":"post-4444","1":"product","2":"type-product","3":"status-publish","4":"has-post-thumbnail","6":"product_cat-psychological-games-2","8":"first","9":"outofstock","10":"product-type-simple"},"_links":{"self":[{"href":"https:\/\/shercards.com\/et\/wp-json\/wp\/v2\/product\/4444","targetHints":{"allow":["GET"]}}],"collection":[{"href":"https:\/\/shercards.com\/et\/wp-json\/wp\/v2\/product"}],"about":[{"href":"https:\/\/shercards.com\/et\/wp-json\/wp\/v2\/types\/product"}],"replies":[{"embeddable":true,"href":"https:\/\/shercards.com\/et\/wp-json\/wp\/v2\/comments?post=4444"}],"wp:featuredmedia":[{"embeddable":true,"href":"https:\/\/shercards.com\/et\/wp-json\/wp\/v2\/media\/4445"}],"wp:attachment":[{"href":"https:\/\/shercards.com\/et\/wp-json\/wp\/v2\/media?parent=4444"}],"wp:term":[{"taxonomy":"product_brand","embeddable":true,"href":"https:\/\/shercards.com\/et\/wp-json\/wp\/v2\/product_brand?post=4444"},{"taxonomy":"product_cat","embeddable":true,"href":"https:\/\/shercards.com\/et\/wp-json\/wp\/v2\/product_cat?post=4444"},{"taxonomy":"product_tag","embeddable":true,"href":"https:\/\/shercards.com\/et\/wp-json\/wp\/v2\/product_tag?post=4444"}],"curies":[{"name":"wp","href":"https:\/\/api.w.org\/{rel}","templated":true}]}}