{"id":4566,"date":"2024-08-04T18:37:21","date_gmt":"2024-08-04T18:37:21","guid":{"rendered":"https:\/\/shercards.com\/index.php\/product\/psychological-cards-the-abcs-of-family-education\/"},"modified":"2025-10-20T10:33:43","modified_gmt":"2025-10-20T10:33:43","slug":"psychological-cards-the-abcs-of-family-education","status":"publish","type":"product","link":"https:\/\/shercards.com\/et\/toode\/psychological-cards-the-abcs-of-family-education\/","title":{"rendered":"Ps\u00fchholoogilised kaardid \u201cPerekasvatuse ABC\u201d"},"content":{"rendered":"<p>\u2022nbsp;nbsp;nbsp;nbsp;Paki nimi &quot;Perehariduse ABC&quot;<br \/> \u2022nbsp;nbsp;nbsp;nbsp;Autor: Ekaterina Nikitina <br \/> \u2022nbsp;nbsp;nbsp;nbsp;Kunstnik: Jelena Sennikova <br > \u2022nbsp;nbsp;nbsp;nbsp; V\u00e4ljaandja: &quot;Bukvitsa&quot;<br \/> \u2022nbsp;nbsp;nbsp;nbsp;Sisu: 21 postkaarti, suurus 120 mm x 170 mm (Papp), kasutusjuhend asub postkaartide komplekti kaanel. <br \/> \u2022nbsp;nbsp;nbsp;nbsp;Kaal: 120 g.<\/p>\n<p> Postkaardid on m\u00f5eldud lapsevanematele, ps\u00fchholoogidele, sotsiaalpedagoogidele. \u201cPerekasvatuse ABC\u201d eesm\u00e4rk on aidata vanematel leida tee oma lapse s\u00fcdamesse, n\u00e4ha suhet lapsega uuel moel, millest saab tugi keeruliste suhtlusolukordade lahendamisel. <\/p>\n<p> Postkaardi esik\u00fcljel on imearmas joonistus armsatest siilidest ja aforistlik v\u00e4ide v\u00f5i katkend kirjandusteosest. <br \/> Postkaardi tagak\u00fcljel on n\u00e4pun\u00e4iteid, millest saate teada, kuidas vanemad ja lapsed saavad \u00fcksteisele t\u00f5eliselt l\u00e4hedaseks! \u201cPerekasvatuse ABC! \u2013 see on suurep\u00e4rane kingitus vanematele ja k\u00f5igile t\u00e4iskasvanutele, kes osalevad laste kasvatamises.<br \/> nbsp;nbsp;nbsp;nbsp;<br \/> Saate vaadata ja arutada oma lastega nende suurep\u00e4raste kaartide s\u00fc\u017eeed! Lapsed on r\u00f5\u00f5msad!<br \/> <\/br><\/p>","protected":false},"excerpt":{"rendered":"<p>\u2022nbsp;nbsp;nbsp;nbsp;Teki nimi \u201cPerekasvatuse ABC\u201d \u2022nbsp;nbsp;nbsp;nbsp;Autor: Ekaterina Nikitina \u2022nbsp;nbsp;nbsp;nbsp;Kunstnik: Elena Sennikova \u2022nbsp;nbsp ;nbsp;nbsp;Kirjastus: \u201cBukvitsa\u201d \u2022nbsp;nbsp;nbsp;nbsp;Sisu: 21 postkaarti,<\/p>","protected":false},"featured_media":4567,"comment_status":"open","ping_status":"open","template":"","meta":[],"product_brand":[],"product_cat":[62],"product_tag":[],"class_list":{"0":"post-4566","1":"product","2":"type-product","3":"status-publish","4":"has-post-thumbnail","6":"product_cat-psychological-cards","8":"first","9":"outofstock","10":"product-type-simple"},"_links":{"self":[{"href":"https:\/\/shercards.com\/et\/wp-json\/wp\/v2\/product\/4566","targetHints":{"allow":["GET"]}}],"collection":[{"href":"https:\/\/shercards.com\/et\/wp-json\/wp\/v2\/product"}],"about":[{"href":"https:\/\/shercards.com\/et\/wp-json\/wp\/v2\/types\/product"}],"replies":[{"embeddable":true,"href":"https:\/\/shercards.com\/et\/wp-json\/wp\/v2\/comments?post=4566"}],"wp:featuredmedia":[{"embeddable":true,"href":"https:\/\/shercards.com\/et\/wp-json\/wp\/v2\/media\/4567"}],"wp:attachment":[{"href":"https:\/\/shercards.com\/et\/wp-json\/wp\/v2\/media?parent=4566"}],"wp:term":[{"taxonomy":"product_brand","embeddable":true,"href":"https:\/\/shercards.com\/et\/wp-json\/wp\/v2\/product_brand?post=4566"},{"taxonomy":"product_cat","embeddable":true,"href":"https:\/\/shercards.com\/et\/wp-json\/wp\/v2\/product_cat?post=4566"},{"taxonomy":"product_tag","embeddable":true,"href":"https:\/\/shercards.com\/et\/wp-json\/wp\/v2\/product_tag?post=4566"}],"curies":[{"name":"wp","href":"https:\/\/api.w.org\/{rel}","templated":true}]}}