{"id":4571,"date":"2024-08-04T18:37:21","date_gmt":"2024-08-04T18:37:21","guid":{"rendered":"https:\/\/shercards.com\/index.php\/product\/psychological-cards-our-children-are-happy-when-we\/"},"modified":"2025-10-20T10:33:43","modified_gmt":"2025-10-20T10:33:43","slug":"psychological-cards-our-children-are-happy-when-we","status":"publish","type":"product","link":"https:\/\/shercards.com\/et\/toode\/psychological-cards-our-children-are-happy-when-we\/","title":{"rendered":"Ps\u00fchholoogilised kaardid \u201cMeie lapsed on \u00f5nnelikud, kui me\u2026\u201d"},"content":{"rendered":"<p>\u2022nbsp;nbsp;nbsp;nbsp;Teki nimi \u201cMeie lapsed on \u00f5nnelikud, kui me\u2026\u201d<br \/> \u2022nbsp;nbsp;nbsp;nbsp;Autor: Ekaterina Nikitina <br \/> \u2022nbsp;nbsp;nbsp;nbsp;Kunstnik: Natalja Potapenko<br \/> \u2022nbsp;nbsp;nbsp;nbsp;Kirjastus: \u201cBukvitsa\u201d<br \/> \u2022nbsp;nbsp;nbsp;nbsp;Sisaldab: 28 postkaarti, suurusega 150 mm x 145 mm (papp)<br \/> \u2022nbsp; nbsp;nbsp;nbsp;Kaal: 125 g.<\/p>\n<p> Postkaardid on m\u00f5eldud lapsevanematele, ps\u00fchholoogidele, sotsiaalpedagoogidele ja k\u00f5igile t\u00e4iskasvanutele, kes osalevad lapse kasvatamises. <br \/> S\u00f5nad, mida me r\u00e4\u00e4gime, avaldavad meie lastele tohutut m\u00f5ju, aidates v\u00f5i takistades neil olla \u00f5nnelikud, terved ja edukad. Vanematel on aga m\u00f5nikord raske \u00f5igeid s\u00f5nu leida.<\/p>\n<p> Kaardi esik\u00fcljel on joonistus, mis kujutab lapsega suhtlemise olukorda. Kaardi tagak\u00fcljel on fraasid, mida vanemad saavad kasutada oma lapsega igap\u00e4evases suhtluses, et luua harmoonilisemaid suhteid.nbsp;nbsp;Need on fraasid, mis aitavad lapsel tunda toetust ja temasse uskumist, tekitada tunde, et sa armastad teda, tead, n\u00f5ustu sellega, et temaga on k\u00f5ik korras.<\/p>\n<p> See, kuidas me oma lastega r\u00e4\u00e4gime, muutub aja jooksul nende siseh\u00e4\u00e4leks. Ja \u00fchel p\u00e4eval, hetkedel, mil laps tunneb ebakindlust ja raskustunnet oma s\u00fcdames, on ta sinust kaugel, tema vanemate s\u00f5nad tulevad meelde, aitavad tal olukorda m\u00f5ista ning tulla toime t\u00e4iskasvanuelu katsumuste ja ootamatustega. <br \/> <\/br><\/p>","protected":false},"excerpt":{"rendered":"<p>\u2022nbsp;nbsp;nbsp;nbsp;Teki nimi \u201cMeie lapsed on \u00f5nnelikud, kui me\u2026\u201d \u2022nbsp;nbsp;nbsp;nbsp;Autor: Ekaterina Nikitina \u2022nbsp;nbsp;nbsp;nbsp;Kunstnik: Natalja Potapenko \u2022nbsp ;nbsp;nbsp;nbsp;Kirjastus: \u201cBukvitsa\u201d \u2022nbsp;nbsp;nbsp;nbsp;H\u00f5lmab:<\/p>","protected":false},"featured_media":4572,"comment_status":"open","ping_status":"open","template":"","meta":[],"product_brand":[],"product_cat":[62],"product_tag":[],"class_list":{"0":"post-4571","1":"product","2":"type-product","3":"status-publish","4":"has-post-thumbnail","6":"product_cat-psychological-cards","8":"first","9":"outofstock","10":"product-type-simple"},"_links":{"self":[{"href":"https:\/\/shercards.com\/et\/wp-json\/wp\/v2\/product\/4571","targetHints":{"allow":["GET"]}}],"collection":[{"href":"https:\/\/shercards.com\/et\/wp-json\/wp\/v2\/product"}],"about":[{"href":"https:\/\/shercards.com\/et\/wp-json\/wp\/v2\/types\/product"}],"replies":[{"embeddable":true,"href":"https:\/\/shercards.com\/et\/wp-json\/wp\/v2\/comments?post=4571"}],"wp:featuredmedia":[{"embeddable":true,"href":"https:\/\/shercards.com\/et\/wp-json\/wp\/v2\/media\/4572"}],"wp:attachment":[{"href":"https:\/\/shercards.com\/et\/wp-json\/wp\/v2\/media?parent=4571"}],"wp:term":[{"taxonomy":"product_brand","embeddable":true,"href":"https:\/\/shercards.com\/et\/wp-json\/wp\/v2\/product_brand?post=4571"},{"taxonomy":"product_cat","embeddable":true,"href":"https:\/\/shercards.com\/et\/wp-json\/wp\/v2\/product_cat?post=4571"},{"taxonomy":"product_tag","embeddable":true,"href":"https:\/\/shercards.com\/et\/wp-json\/wp\/v2\/product_tag?post=4571"}],"curies":[{"name":"wp","href":"https:\/\/api.w.org\/{rel}","templated":true}]}}