{"id":4586,"date":"2024-08-04T18:38:37","date_gmt":"2024-08-04T18:38:37","guid":{"rendered":"https:\/\/shercards.com\/index.php\/product\/psychological-postcards-everything-in-the-world-is-a-complete-miracle\/"},"modified":"2025-10-20T10:33:43","modified_gmt":"2025-10-20T10:33:43","slug":"psychological-postcards-everything-in-the-world-is-a-complete-miracle","status":"publish","type":"product","link":"https:\/\/shercards.com\/et\/toode\/psychological-postcards-everything-in-the-world-is-a-complete-miracle\/","title":{"rendered":"Ps\u00fchholoogilised postkaardid &quot;K\u00f5ik maailmas on t\u00e4ielik ime&quot;"},"content":{"rendered":"<p>Autor:nbsp;Salmina Sasha<br \/>V\u00e4ljaandja:nbsp;Rech, 2017<br \/>Lehek\u00fclgi: 15 (papp)<br \/>M\u00f5\u00f5dud: 210\u00d7140 mm<br \/><strong>K\u00f5ik siin maailmas on t\u00e4ielik ime!<\/strong> Ja l\u00f5hnav tass teed, ja sini-sinine taevas ja uus p\u00f5nev raamat, ja pikamaareisid ja muretud jalutusk\u00e4igud vihmas. Ja selles postkaartide komplektis on veel viisteist v\u00e4ikest imet. Valige \u00fcksk\u00f5ik milline \u2013 te ei saa eksida!<\/p>","protected":false},"excerpt":{"rendered":"<p>Autor:nbsp;Salmina SashaPublisher:nbsp;Rech, 2017Lehek\u00fclgi: 15 (Papp)M\u00f5\u00f5dud: 210\u00d7140 mmK\u00f5ik maailmas on t\u00e4ielik ime! Ja l\u00f5hnav tass teed,<\/p>","protected":false},"featured_media":4587,"comment_status":"open","ping_status":"open","template":"","meta":[],"product_brand":[],"product_cat":[62],"product_tag":[],"class_list":{"0":"post-4586","1":"product","2":"type-product","3":"status-publish","4":"has-post-thumbnail","6":"product_cat-psychological-cards","8":"first","9":"outofstock","10":"product-type-simple"},"_links":{"self":[{"href":"https:\/\/shercards.com\/et\/wp-json\/wp\/v2\/product\/4586","targetHints":{"allow":["GET"]}}],"collection":[{"href":"https:\/\/shercards.com\/et\/wp-json\/wp\/v2\/product"}],"about":[{"href":"https:\/\/shercards.com\/et\/wp-json\/wp\/v2\/types\/product"}],"replies":[{"embeddable":true,"href":"https:\/\/shercards.com\/et\/wp-json\/wp\/v2\/comments?post=4586"}],"wp:featuredmedia":[{"embeddable":true,"href":"https:\/\/shercards.com\/et\/wp-json\/wp\/v2\/media\/4587"}],"wp:attachment":[{"href":"https:\/\/shercards.com\/et\/wp-json\/wp\/v2\/media?parent=4586"}],"wp:term":[{"taxonomy":"product_brand","embeddable":true,"href":"https:\/\/shercards.com\/et\/wp-json\/wp\/v2\/product_brand?post=4586"},{"taxonomy":"product_cat","embeddable":true,"href":"https:\/\/shercards.com\/et\/wp-json\/wp\/v2\/product_cat?post=4586"},{"taxonomy":"product_tag","embeddable":true,"href":"https:\/\/shercards.com\/et\/wp-json\/wp\/v2\/product_tag?post=4586"}],"curies":[{"name":"wp","href":"https:\/\/api.w.org\/{rel}","templated":true}]}}