{"id":4590,"date":"2024-08-04T18:38:37","date_gmt":"2024-08-04T18:38:37","guid":{"rendered":"https:\/\/shercards.com\/index.php\/product\/psychological-cards-all-facets-of-harmony\/"},"modified":"2025-10-20T10:33:43","modified_gmt":"2025-10-20T10:33:43","slug":"psychological-cards-all-facets-of-harmony","status":"publish","type":"product","link":"https:\/\/shercards.com\/et\/toode\/psychological-cards-all-facets-of-harmony\/","title":{"rendered":"Ps\u00fchholoogilised kaardid &quot;Harmoonia k\u00f5ik k\u00fcljed&quot;"},"content":{"rendered":"<p>Autor: Vassiljeva I.<br \/>Kirjastaja: Rech, 2015<br \/>25 postkaarti t\u00e4hendamiss\u00f5nadega<br \/>M\u00f5\u00f5dud: 140x100mm<br \/>Targad t\u00e4hendamiss\u00f5nad aitavad toime tulla raskustega, saada kindlustunnet oma v\u00f5imete vastu ja j\u00f5udu k\u00f5igi k\u00f5ige julgemate lootuste ja plaanide kehastamiseks. Postkaartide komplekt v\u00f5ib olla suurep\u00e4rane kingitus s\u00f5brale v\u00f5i hea abimees ps\u00fchholoogi v\u00f5i \u00f5petaja t\u00f6\u00f6s.<\/p>","protected":false},"excerpt":{"rendered":"<p>Autor: Vassiljeva I.Kirjastus: Rech, 201525 m\u00f5istujuttudega postkaarti M\u00f5\u00f5dud: 140x100mm Targad t\u00e4hendamiss\u00f5nad aitavad toime tulla raskustega, saada kindlustunnet oma v\u00f5imetes<\/p>","protected":false},"featured_media":4591,"comment_status":"open","ping_status":"open","template":"","meta":[],"product_brand":[],"product_cat":[62],"product_tag":[],"class_list":{"0":"post-4590","1":"product","2":"type-product","3":"status-publish","4":"has-post-thumbnail","6":"product_cat-psychological-cards","8":"first","9":"outofstock","10":"product-type-simple"},"_links":{"self":[{"href":"https:\/\/shercards.com\/et\/wp-json\/wp\/v2\/product\/4590","targetHints":{"allow":["GET"]}}],"collection":[{"href":"https:\/\/shercards.com\/et\/wp-json\/wp\/v2\/product"}],"about":[{"href":"https:\/\/shercards.com\/et\/wp-json\/wp\/v2\/types\/product"}],"replies":[{"embeddable":true,"href":"https:\/\/shercards.com\/et\/wp-json\/wp\/v2\/comments?post=4590"}],"wp:featuredmedia":[{"embeddable":true,"href":"https:\/\/shercards.com\/et\/wp-json\/wp\/v2\/media\/4591"}],"wp:attachment":[{"href":"https:\/\/shercards.com\/et\/wp-json\/wp\/v2\/media?parent=4590"}],"wp:term":[{"taxonomy":"product_brand","embeddable":true,"href":"https:\/\/shercards.com\/et\/wp-json\/wp\/v2\/product_brand?post=4590"},{"taxonomy":"product_cat","embeddable":true,"href":"https:\/\/shercards.com\/et\/wp-json\/wp\/v2\/product_cat?post=4590"},{"taxonomy":"product_tag","embeddable":true,"href":"https:\/\/shercards.com\/et\/wp-json\/wp\/v2\/product_tag?post=4590"}],"curies":[{"name":"wp","href":"https:\/\/api.w.org\/{rel}","templated":true}]}}