{"id":4598,"date":"2024-08-04T18:38:37","date_gmt":"2024-08-04T18:38:37","guid":{"rendered":"https:\/\/shercards.com\/index.php\/product\/set-of-postcards-the-abc-of-your-love\/"},"modified":"2025-10-20T10:33:43","modified_gmt":"2025-10-20T10:33:43","slug":"set-of-postcards-the-abc-of-your-love","status":"publish","type":"product","link":"https:\/\/shercards.com\/et\/toode\/set-of-postcards-the-abc-of-your-love\/","title":{"rendered":"Postkaartide komplekt &quot;Teie armastuse ABC&quot;"},"content":{"rendered":"<p>Autor: Irina Ven\u0161t\u0161ikova<br \/>Kirjastaja: Rech, 2020<br \/>Kaartide arv: 28 tk, suurus 7,5 cm*11,5 cm,<br \/>Riik: Venemaa<br \/>Tekist leiate praktilisi soovitusi, kuidas teie armusuhtes ette tulla v\u00f5ivatest keerulistest olukordadest v\u00e4lja tulla. Armastada ja olla armastatud on erakordne \u00f5nn, mille saate luua oma k\u00e4tega.<br \/> Suhtlemine kallimaga t\u00e4idab meie elu t\u00e4hendusega. Ainult temaga koos tunneme end vajalikuna, tugevana, targana, rahulolevana, armastatuna ja armastavana\u2026 v\u00f5i hoopis vastupidi. Armastus pole lihtne, k\u00f5ike v\u00f5ib juhtuda: kriisiperioode, konflikte ja arusaamatusi.<br \/>Loomulik emotsionaalsus ja haavatavus muudavad naised vastuv\u00f5tlikumaks negatiivsetele kogemustele: hirmudele, solvumisele, ebakindlusele, s\u00fc\u00fctundele. Need kogunevad naise hinge, v\u00f5tavad meilt hingerahu ja rahu, ei lase meil saada elust r\u00f5\u00f5mu ja naudingut, olla naiselik ja seksikas. Lisaks puuduvad reeglid naiseks olemise kohta, et t\u00e4iskasvanud noored t\u00fcdrukud saaksid seda \u00f5ppida.<br \/>Mees ja naine on olendid erinevatelt &quot;planeetidelt&quot;, mis tekitab suhetes palju raskusi. Need raskused v\u00f5ivad \u00fchtviisi saada nii vastastikuse pahameele ja v\u00f5\u00f5randumise allikaks kui ka p\u00f5hjuseks veelgi suuremaks l\u00e4henemiseks, usalduse arendamiseks ja armastuse tugevnemiseks.<br \/>Teil ei ole alati v\u00f5imalust kellegagi oma kogemusi jagada. Sellistel juhtudel kasutage &quot;Sinu armastuse ABC&quot; abi.<br \/>Keerulises olukorras saate toimida j\u00e4rgmiselt. <\/p>\n<li>Sulgege silmad ja s\u00f5nastage l\u00fchidalt oma probleem sisemiselt.<\/li>\n<li>Seej\u00e4rel segage kaardid ja asetage need n\u00e4oga allapoole enda ette.<\/li>\n<li>Tunneta, milline kaart sisaldab vastust, kuidas oma raskust aidata.<\/li>\n<p> \u201cSinu armastuse ABC\u201d eesm\u00e4rk on aidata sul n\u00e4ha suhet oma mehega uuel moel, millest saab toeks armastuse keeruliste olukordade lahendamisel. <\/br><\/p>","protected":false},"excerpt":{"rendered":"<p>Autor: Irina Ven\u0161t\u0161ikova V\u00e4ljaandja: Rech, 2020Kaardite arv: 28 tk, suurus 7,5 cm*11,5 cm,Riik: VenemaaPakist leiate praktilisi<\/p>","protected":false},"featured_media":4599,"comment_status":"open","ping_status":"open","template":"","meta":[],"product_brand":[],"product_cat":[62],"product_tag":[],"class_list":{"0":"post-4598","1":"product","2":"type-product","3":"status-publish","4":"has-post-thumbnail","6":"product_cat-psychological-cards","8":"first","9":"outofstock","10":"product-type-simple"},"_links":{"self":[{"href":"https:\/\/shercards.com\/et\/wp-json\/wp\/v2\/product\/4598","targetHints":{"allow":["GET"]}}],"collection":[{"href":"https:\/\/shercards.com\/et\/wp-json\/wp\/v2\/product"}],"about":[{"href":"https:\/\/shercards.com\/et\/wp-json\/wp\/v2\/types\/product"}],"replies":[{"embeddable":true,"href":"https:\/\/shercards.com\/et\/wp-json\/wp\/v2\/comments?post=4598"}],"wp:featuredmedia":[{"embeddable":true,"href":"https:\/\/shercards.com\/et\/wp-json\/wp\/v2\/media\/4599"}],"wp:attachment":[{"href":"https:\/\/shercards.com\/et\/wp-json\/wp\/v2\/media?parent=4598"}],"wp:term":[{"taxonomy":"product_brand","embeddable":true,"href":"https:\/\/shercards.com\/et\/wp-json\/wp\/v2\/product_brand?post=4598"},{"taxonomy":"product_cat","embeddable":true,"href":"https:\/\/shercards.com\/et\/wp-json\/wp\/v2\/product_cat?post=4598"},{"taxonomy":"product_tag","embeddable":true,"href":"https:\/\/shercards.com\/et\/wp-json\/wp\/v2\/product_tag?post=4598"}],"curies":[{"name":"wp","href":"https:\/\/api.w.org\/{rel}","templated":true}]}}