{"id":4602,"date":"2024-08-04T18:40:07","date_gmt":"2024-08-04T18:40:07","guid":{"rendered":"https:\/\/shercards.com\/index.php\/product\/psychological-cards-steps-to-wisdom\/"},"modified":"2025-10-20T10:33:43","modified_gmt":"2025-10-20T10:33:43","slug":"psychological-cards-steps-to-wisdom","status":"publish","type":"product","link":"https:\/\/shercards.com\/et\/toode\/psychological-cards-steps-to-wisdom\/","title":{"rendered":"Ps\u00fchholoogilised kaardid \u201cSammud tarkuse poole\u201d"},"content":{"rendered":"<p>Kunstnik: Borozenets P.<br \/>Kirjastaja: Rech, 2015<br \/>Komplektis 25 kaarti.<br \/>M\u00f5\u00f5dud: 143\u00d7100 mm<br \/>T\u00e4hendamiss\u00f5na peegeldab aegade tarkust. Ta ei n\u00f5ua, vaid arendab peenelt, delikaatselt. T\u00e4hendamiss\u00f5na muudab m\u00e4rkamatult inimese ettekujutust maailmast, iseendast ja oma tegudest.<br \/>Postkaardid \u201cSammud tarkuse poole\u201d aitavad Sind eneset\u00e4iendamisel, toetavad Sind n\u00f5uannetega, avavad Sinu Mina uusi tahke, v\u00f5imaldavad Sul leida selle teadlikkuse k\u00f5rguse, mille juures saad kindlustunde oma v\u00f5imete ja oskuste vastu ning annavad teada. millisel teel edasi liikuda.<br \/> <\/br><\/br><\/p>","protected":false},"excerpt":{"rendered":"<p>Kunstnik: Borozenets P.Kirjastus: Rech, 2015Komplektis 25 kaarti.M\u00f5\u00f5dud: 143\u00d7100 mmT\u00e4nus\u00f5na peegeldab aegade tarkusi.<\/p>","protected":false},"featured_media":4603,"comment_status":"open","ping_status":"open","template":"","meta":[],"product_brand":[],"product_cat":[62],"product_tag":[],"class_list":{"0":"post-4602","1":"product","2":"type-product","3":"status-publish","4":"has-post-thumbnail","6":"product_cat-psychological-cards","8":"first","9":"outofstock","10":"product-type-simple"},"_links":{"self":[{"href":"https:\/\/shercards.com\/et\/wp-json\/wp\/v2\/product\/4602","targetHints":{"allow":["GET"]}}],"collection":[{"href":"https:\/\/shercards.com\/et\/wp-json\/wp\/v2\/product"}],"about":[{"href":"https:\/\/shercards.com\/et\/wp-json\/wp\/v2\/types\/product"}],"replies":[{"embeddable":true,"href":"https:\/\/shercards.com\/et\/wp-json\/wp\/v2\/comments?post=4602"}],"wp:featuredmedia":[{"embeddable":true,"href":"https:\/\/shercards.com\/et\/wp-json\/wp\/v2\/media\/4603"}],"wp:attachment":[{"href":"https:\/\/shercards.com\/et\/wp-json\/wp\/v2\/media?parent=4602"}],"wp:term":[{"taxonomy":"product_brand","embeddable":true,"href":"https:\/\/shercards.com\/et\/wp-json\/wp\/v2\/product_brand?post=4602"},{"taxonomy":"product_cat","embeddable":true,"href":"https:\/\/shercards.com\/et\/wp-json\/wp\/v2\/product_cat?post=4602"},{"taxonomy":"product_tag","embeddable":true,"href":"https:\/\/shercards.com\/et\/wp-json\/wp\/v2\/product_tag?post=4602"}],"curies":[{"name":"wp","href":"https:\/\/api.w.org\/{rel}","templated":true}]}}