{"id":4612,"date":"2024-08-04T18:40:07","date_gmt":"2024-08-04T18:40:07","guid":{"rendered":"https:\/\/shercards.com\/index.php\/product\/psychological-cards-secrets-of-female-power-24-answers-to-one-question\/"},"modified":"2025-10-20T10:33:43","modified_gmt":"2025-10-20T10:33:43","slug":"psychological-cards-secrets-of-female-power-24-answers-to-one-question","status":"publish","type":"product","link":"https:\/\/shercards.com\/et\/toode\/psychological-cards-secrets-of-female-power-24-answers-to-one-question\/","title":{"rendered":"Ps\u00fchholoogilised kaardid \u201cNaise j\u00f5u saladused. 24 vastust \u00fchele k\u00fcsimusele"},"content":{"rendered":"<p>Autor: Zinkevit\u0161-Evstigneeva Tatjana Dmitrievna<br \/>Kirjastus: Rech, 2016<br \/>24 postkaarti<br \/>M\u00f5\u00f5dud: 100x142mm<br \/>Kas naine teab k\u00f5ike oma j\u00f5ust? Kas ta saab alati aru, kuidas seda kasutada? M\u00f5nikord j\u00e4\u00e4b naisel puudu pisimastki asjast \u2013 t\u00e4psest arusaamisest, mis suunas ta peaks liikuma v\u00f5i mille eest end kaitsta v\u00f5i mida endas t\u00e4pselt arendada. See m\u00e4ng sobib sellisteks puhkudeks. \u201cSaladused\u201d on koostatud naiste arhet\u00fc\u00fcpide, arhet\u00fc\u00fcpsete s\u00fc\u017eeede ja iidsete suhtelugude p\u00f5hjal. Peate s\u00fcgavalt sisse hingama ja v\u00e4lja hingama, keskenduma, segama kaardipakki \u201cklahvidega\u201d ja esitama \u00fche k\u00fcsimuse: \u201cMida ma pean n\u00fc\u00fcd tegema, mis suunas peaksin liikuma, mille eest end kaitsma, mille eest kas ma peaksin endas arenema?\u201d Ja vastus tuleb.<\/p>","protected":false},"excerpt":{"rendered":"<p>Autor: Zinkevit\u0161-Evstigneeva Tatjana Dmitrijevna Kirjastus: Rech, 201624 postkaarti Suurus: 100x142mm Kas naine teab k\u00f5ike oma j\u00f5ust? Kas ta saab alati aru<\/p>","protected":false},"featured_media":4613,"comment_status":"open","ping_status":"open","template":"","meta":[],"product_brand":[],"product_cat":[62],"product_tag":[],"class_list":{"0":"post-4612","1":"product","2":"type-product","3":"status-publish","4":"has-post-thumbnail","6":"product_cat-psychological-cards","8":"first","9":"outofstock","10":"product-type-simple"},"_links":{"self":[{"href":"https:\/\/shercards.com\/et\/wp-json\/wp\/v2\/product\/4612","targetHints":{"allow":["GET"]}}],"collection":[{"href":"https:\/\/shercards.com\/et\/wp-json\/wp\/v2\/product"}],"about":[{"href":"https:\/\/shercards.com\/et\/wp-json\/wp\/v2\/types\/product"}],"replies":[{"embeddable":true,"href":"https:\/\/shercards.com\/et\/wp-json\/wp\/v2\/comments?post=4612"}],"wp:featuredmedia":[{"embeddable":true,"href":"https:\/\/shercards.com\/et\/wp-json\/wp\/v2\/media\/4613"}],"wp:attachment":[{"href":"https:\/\/shercards.com\/et\/wp-json\/wp\/v2\/media?parent=4612"}],"wp:term":[{"taxonomy":"product_brand","embeddable":true,"href":"https:\/\/shercards.com\/et\/wp-json\/wp\/v2\/product_brand?post=4612"},{"taxonomy":"product_cat","embeddable":true,"href":"https:\/\/shercards.com\/et\/wp-json\/wp\/v2\/product_cat?post=4612"},{"taxonomy":"product_tag","embeddable":true,"href":"https:\/\/shercards.com\/et\/wp-json\/wp\/v2\/product_tag?post=4612"}],"curies":[{"name":"wp","href":"https:\/\/api.w.org\/{rel}","templated":true}]}}