{"id":4617,"date":"2024-08-04T18:40:07","date_gmt":"2024-08-04T18:40:07","guid":{"rendered":"https:\/\/shercards.com\/index.php\/product\/psychological-cards-treasury-of-vital-forces\/"},"modified":"2025-10-20T10:33:43","modified_gmt":"2025-10-20T10:33:43","slug":"psychological-cards-treasury-of-vital-forces","status":"publish","type":"product","link":"https:\/\/shercards.com\/et\/toode\/psychological-cards-treasury-of-vital-forces\/","title":{"rendered":"Ps\u00fchholoogilised kaardid &quot;Eluliste j\u00f5udude varakamber&quot;"},"content":{"rendered":"<p>Autor:nbsp;Zinkevit\u0161-Evstigneeva, Tatjana Dmitrievna<br \/>Kunstnik: nbsp; Borozenets P.<br \/>V\u00e4ljaandja:nbsp;Rech, 2016<br \/>Lehek\u00fclgi: 25 (papp)<br \/>M\u00f5\u00f5dud: 140x98mm<br \/> Juhtuvad elusituatsioonid, mis seavad meie eluj\u00f5u proovile. Tundub, et see on puudu. Kuid see on illusioon. Probleemi lahendamiseks pole sellist asja nagu ebapiisav j\u00f5ud. Testid on alati inimese tugevuste ja v\u00f5imaluste piires. Teine asi on see, et eluj\u00f5u reservuaar osutub pettumuste, stereot\u00fc\u00fcpide v\u00f5i banaalse v\u00e4simuse plaadi alla mattuvaks. Meie ps\u00fchholoogilised kaardid aitavad teil avastada eluj\u00f5u allikat, saada oludele uue vaatenurga ja neist edukalt \u00fcle saada.<br \/> <\/br><\/br><\/p>","protected":false},"excerpt":{"rendered":"<p>Autor:nbsp;Zinkevit\u0161-Evstigneeva, Tatjana DmitrievnaKunstnik:nbsp;Borozenets P.Kirjastus:nbsp;Rech, 2016Lehek\u00fclgi: 25 (Papp)M\u00f5\u00f5dud: 140x98mm Elusituatsioone tuleb ette, mis seavad v\u00e4ljakutse meie eluj\u00f5ule. Tundub, et see on puudu.<\/p>","protected":false},"featured_media":4618,"comment_status":"open","ping_status":"open","template":"","meta":[],"product_brand":[],"product_cat":[62],"product_tag":[],"class_list":{"0":"post-4617","1":"product","2":"type-product","3":"status-publish","4":"has-post-thumbnail","6":"product_cat-psychological-cards","8":"first","9":"outofstock","10":"product-type-simple"},"_links":{"self":[{"href":"https:\/\/shercards.com\/et\/wp-json\/wp\/v2\/product\/4617","targetHints":{"allow":["GET"]}}],"collection":[{"href":"https:\/\/shercards.com\/et\/wp-json\/wp\/v2\/product"}],"about":[{"href":"https:\/\/shercards.com\/et\/wp-json\/wp\/v2\/types\/product"}],"replies":[{"embeddable":true,"href":"https:\/\/shercards.com\/et\/wp-json\/wp\/v2\/comments?post=4617"}],"wp:featuredmedia":[{"embeddable":true,"href":"https:\/\/shercards.com\/et\/wp-json\/wp\/v2\/media\/4618"}],"wp:attachment":[{"href":"https:\/\/shercards.com\/et\/wp-json\/wp\/v2\/media?parent=4617"}],"wp:term":[{"taxonomy":"product_brand","embeddable":true,"href":"https:\/\/shercards.com\/et\/wp-json\/wp\/v2\/product_brand?post=4617"},{"taxonomy":"product_cat","embeddable":true,"href":"https:\/\/shercards.com\/et\/wp-json\/wp\/v2\/product_cat?post=4617"},{"taxonomy":"product_tag","embeddable":true,"href":"https:\/\/shercards.com\/et\/wp-json\/wp\/v2\/product_tag?post=4617"}],"curies":[{"name":"wp","href":"https:\/\/api.w.org\/{rel}","templated":true}]}}