{"id":462,"date":"2024-08-04T11:34:03","date_gmt":"2024-08-04T11:34:03","guid":{"rendered":"https:\/\/shercards.com\/index.php\/product\/metaphorical-cards-perinatellas-birth-canal\/"},"modified":"2025-10-20T10:46:22","modified_gmt":"2025-10-20T10:46:22","slug":"metaphorical-cards-perinatellas-birth-canal","status":"publish","type":"product","link":"https:\/\/shercards.com\/et\/toode\/metaphorical-cards-perinatellas-birth-canal\/","title":{"rendered":"Metafoorilised kaardid \u201cPeriNatella s\u00fcnnitee\u201d"},"content":{"rendered":"<p>Autorid: Natella Kolobova \u2013 ps\u00fchholoogiateaduste kandidaat, pere- ja perinataalps\u00fchholoog, MAK tekkide autor, koolituste ja seminaride autor ja l\u00e4biviija, S\u00fcnnitustee koolituse autor. @perinatella<br \/> Elena Podolyan \u2013 kunstnik, MAC tekkide autor @lecreates_art<br \/>Pakk koosneb 32 pildikaardist, iga maatriksi kohta 8 kaarti, 4 positiivset aspekti ja 4 negatiivset. Pakis on ka 48 fraasikaarti, mis on m\u00f5eldud kujundliku taju laiendamiseks, t\u00f6\u00f6tades verbaalsete vormidega \u2013 hoiakute ja s\u00f5numitega, mis kujunevad konkreetse maatriksi igal perioodil.<br \/>See tekk loodi selleks, et aidata koolitajaid ja ps\u00fchholooge, kes viivad l\u00e4bi koolituskanalit \u201cEsivanemad\u201d, \u201c\u00d5endus\u201d ja muid perinataalsete teemade koolitusi. Samuti saate selle tekiga t\u00f6\u00f6tada mis tahes \u00fcleminekuga seotud teemadega, sest s\u00fcnnitus on alati \u00fcleminekuga seotud.<br \/> S\u00fcmboolsed s\u00fcnnid \u2013 \u00fcleminekud \u2013 toimuvad meil kogu aeg \u2013 kolime, saame uue t\u00f6\u00f6koha, loome uusi projekte, abiellume jne .d.<br \/> <strong>Harjutuste n\u00e4ited:<\/strong> <br \/> <strong>1. Kuidas ma siia maailma tulin.<\/strong> <br \/> T\u00f5mbame igast maatriksist \u00fche kaardi korraga v\u00e4lja p\u00e4ikese, pluss p\u00e4ikese iga maatriksi jaoks \u00fche fraasikaardi. <br \/> Avamine. Arutame. <br \/> \u2013 Mis teie arvates oli igas maatriksis? <br \/> \u2013 Kuidas see teid tugevdas? <br \/> \u2013 Kuidas see n\u00f5rgenes? Lisaks t\u00f5mbame igast ressursipaketist iga maatriksi jaoks v\u00e4lja ressursikaardi \u2013 mida ma n\u00fc\u00fcd oma ressursi kohta tean? Kuidas on selle perioodi \u00fcle elamine mind tugevdanud? <br \/> <strong>2. \u00dcleminek.<\/strong> <br \/> Tuletame meelde ja kirjeldame olukorda, kus on vaja teha \u00fcleminek, j\u00f5uda uuele tasemele, muuta staatust jne. <br \/> IN v\u00f5tame igast maatriksist v\u00e4lja kaardi \u2013 rasedus ideega, projekt, kohanemisperiood, v\u00f5itlus, saavutus, tulemuse m\u00e4\u00e4ramine. Me arutame k\u00f5iki neid etappe. <br \/> eKr v\u00f5tame igast maatriksist v\u00e4lja varjuaspekti, selle, mis on meie eest varjatud. Integreerime, \u00fchendame ilmsed ja varjatud aspektid. Arutame. <br \/> <strong>S\u00fcnnituskanali koolitusele t\u00f6\u00f6le<\/strong>nbsp;tekki saate kasutada j\u00e4rgmiselt: <\/p>\n<li>BC koolituse kavatsuse ja taotluse kujundamisel t\u00f5mmake v\u00e4lja kaart, et n\u00e4ha, kus olid ressursid ja kus on piirangud. V\u00f5rrelge oma tegelikku kogemust (v\u00f5imalusel k\u00fcsige p\u00e4rast koolitust vanematelt v\u00f5i neilt, kes teavad, kuidas inimene s\u00fcndis)<\/li>\n<li>T\u00f6\u00f6 fraasikaartidega. IN vali need s\u00f5numid whatnbsp; emalt ei piisa. Leidke r\u00fchmast inimene, kes k\u00f5ige paremini ema rolli m\u00e4ngib. Harjutuses &quot;Elu emakas&quot; loeb see inimene need ressursis\u00f5numid ette.<\/li>","protected":false},"excerpt":{"rendered":"<p>Autorid: Natella Kolobova \u2013 ps\u00fchholoogiateaduste kandidaat, pere- ja perinataalps\u00fchholoog, MAK tekkide autor, raamatu autor ja saatejuht<\/p>","protected":false},"featured_media":463,"comment_status":"open","ping_status":"open","template":"","meta":[],"product_brand":[],"product_cat":[32],"product_tag":[],"class_list":{"0":"post-462","1":"product","2":"type-product","3":"status-publish","4":"has-post-thumbnail","6":"product_cat-perinatal-theme","8":"first","9":"outofstock","10":"purchasable","11":"product-type-simple"},"_links":{"self":[{"href":"https:\/\/shercards.com\/et\/wp-json\/wp\/v2\/product\/462","targetHints":{"allow":["GET"]}}],"collection":[{"href":"https:\/\/shercards.com\/et\/wp-json\/wp\/v2\/product"}],"about":[{"href":"https:\/\/shercards.com\/et\/wp-json\/wp\/v2\/types\/product"}],"replies":[{"embeddable":true,"href":"https:\/\/shercards.com\/et\/wp-json\/wp\/v2\/comments?post=462"}],"wp:featuredmedia":[{"embeddable":true,"href":"https:\/\/shercards.com\/et\/wp-json\/wp\/v2\/media\/463"}],"wp:attachment":[{"href":"https:\/\/shercards.com\/et\/wp-json\/wp\/v2\/media?parent=462"}],"wp:term":[{"taxonomy":"product_brand","embeddable":true,"href":"https:\/\/shercards.com\/et\/wp-json\/wp\/v2\/product_brand?post=462"},{"taxonomy":"product_cat","embeddable":true,"href":"https:\/\/shercards.com\/et\/wp-json\/wp\/v2\/product_cat?post=462"},{"taxonomy":"product_tag","embeddable":true,"href":"https:\/\/shercards.com\/et\/wp-json\/wp\/v2\/product_tag?post=462"}],"curies":[{"name":"wp","href":"https:\/\/api.w.org\/{rel}","templated":true}]}}