{"id":4621,"date":"2024-08-04T18:40:07","date_gmt":"2024-08-04T18:40:07","guid":{"rendered":"https:\/\/shercards.com\/index.php\/product\/psychological-cards-24-money-formulas-game-for-adults\/"},"modified":"2025-10-20T10:33:43","modified_gmt":"2025-10-20T10:33:43","slug":"psychological-cards-24-money-formulas-game-for-adults","status":"publish","type":"product","link":"https:\/\/shercards.com\/et\/toode\/psychological-cards-24-money-formulas-game-for-adults\/","title":{"rendered":"Ps\u00fchholoogilised kaardid \u201c24 raha valemit. M\u00e4ng t\u00e4iskasvanutele&quot;"},"content":{"rendered":"<p>Autor: Zinkevit\u0161-Evstigneeva Tatjana Dmitrievna<br \/>Kunstnik: Borozenets P.<br \/>Kirjastaja: Rech, 2016<br \/>Lehek\u00fclgi: 50 (papp)<br \/>M\u00f5\u00f5dud: 144\u00d798 mm<br \/>Kas olete m\u00e4rganud, kui palju kordi p\u00e4evas kas otseselt v\u00f5i kaudselt k\u00e4sitlete m\u00f5tteliselt raha teemat?.. Kui palju see maksab? Kust ma saan raha? Kuidas targalt investeerida? Kuidas mitte kaotada? Miks nii kallis? jne.<br \/>Et teil kunagi rahaga probleeme ei tekiks, peate sellest midagi aru saama. Raha on meie planeedi elavad, t\u00e4isv\u00e4\u00e4rtuslikud elanikud. Nad on \u00fchiskonna liikmed, kellel on oma iseloom, vajadused ja omadused. Inimesed p\u00fchendavad rahale palju oma f\u00fc\u00fcsilist, emotsionaalset ja vaimset energiat, kuid ei tee t\u00f6\u00f6d selle konkreetsete omaduste m\u00f5istmiseks! Selgub, et inimesi ei huvitagi raha kui iseseisev n\u00e4htus, eraldiseisev \u201crahvusr\u00fchm\u201d, rahvus, kui soovite. Pealegi kaob rahvus. Pidage meeles, milline on &quot;n\u00e4htamatu&quot;, sularahata raha maht t\u00e4na.<br \/>Samal ajal p\u00fc\u00fcavad inimesed aktiivselt raha omada... See t\u00e4hendab, et neil oleks midagi, mis pole huvitav. M\u00f5ned inimesed isegi ei m\u00e4leta, mis on kujutatud erineva nimiv\u00e4\u00e4rtusega rahat\u00e4htedel. N\u00f5us\u2026<\/p>","protected":false},"excerpt":{"rendered":"<p>Autor: Zinkevit\u0161-Evstigneeva Tatjana DmitrijevnaKunstnik: Borozenets P. V\u00e4ljaandja: Rech, 2016Lehek\u00fclgi: 50 (Papp)M\u00f5\u00f5dud: 144\u00d798 mmKas olete m\u00e4rganud, mitu korda p\u00e4evas otse<\/p>","protected":false},"featured_media":4622,"comment_status":"open","ping_status":"open","template":"","meta":[],"product_brand":[],"product_cat":[62],"product_tag":[],"class_list":{"0":"post-4621","1":"product","2":"type-product","3":"status-publish","4":"has-post-thumbnail","6":"product_cat-psychological-cards","8":"first","9":"outofstock","10":"product-type-simple"},"_links":{"self":[{"href":"https:\/\/shercards.com\/et\/wp-json\/wp\/v2\/product\/4621","targetHints":{"allow":["GET"]}}],"collection":[{"href":"https:\/\/shercards.com\/et\/wp-json\/wp\/v2\/product"}],"about":[{"href":"https:\/\/shercards.com\/et\/wp-json\/wp\/v2\/types\/product"}],"replies":[{"embeddable":true,"href":"https:\/\/shercards.com\/et\/wp-json\/wp\/v2\/comments?post=4621"}],"wp:featuredmedia":[{"embeddable":true,"href":"https:\/\/shercards.com\/et\/wp-json\/wp\/v2\/media\/4622"}],"wp:attachment":[{"href":"https:\/\/shercards.com\/et\/wp-json\/wp\/v2\/media?parent=4621"}],"wp:term":[{"taxonomy":"product_brand","embeddable":true,"href":"https:\/\/shercards.com\/et\/wp-json\/wp\/v2\/product_brand?post=4621"},{"taxonomy":"product_cat","embeddable":true,"href":"https:\/\/shercards.com\/et\/wp-json\/wp\/v2\/product_cat?post=4621"},{"taxonomy":"product_tag","embeddable":true,"href":"https:\/\/shercards.com\/et\/wp-json\/wp\/v2\/product_tag?post=4621"}],"curies":[{"name":"wp","href":"https:\/\/api.w.org\/{rel}","templated":true}]}}