{"id":4626,"date":"2024-08-04T18:41:54","date_gmt":"2024-08-04T18:41:54","guid":{"rendered":"https:\/\/shercards.com\/index.php\/product\/psychological-cards-roads-of-love-the-beauty-of-relationships\/"},"modified":"2025-10-20T10:33:43","modified_gmt":"2025-10-20T10:33:43","slug":"psychological-cards-roads-of-love-the-beauty-of-relationships","status":"publish","type":"product","link":"https:\/\/shercards.com\/et\/toode\/psychological-cards-roads-of-love-the-beauty-of-relationships\/","title":{"rendered":"Ps\u00fchholoogilised kaardid \u201cArmastuse teed. Suhete ilu.&quot;"},"content":{"rendered":"<p><strong>Autor:<\/strong> Tatjana Zinkevit\u0161-Evstigneeva<br \/> Ilmumisaasta: 2017<br \/> Kirjastaja: Rech<br \/> M\u00f5\u00f5dud: 120x80x10 mm<br \/> Pakis on 24 kaarti \u2013 24 soovitust. Need on koostatud kompleksse muinasjututeraapias omaks v\u00f5etud arhet\u00fc\u00fcpsete suhete s\u00fc\u017eeede kontseptsiooni alusel.<br \/> Mehe ja naise suhte saladust on m\u00f5istetud juba aastaid. On oluline, et Tema ja Tema s\u00e4ilitaksid endas pideva soovi k\u00e4ia Armastuse Radadel. Need, kes selle teekonna ette v\u00f5tavad, peavad samm-sammult Ilu oma suhetesse tooma. Ja see, uskuge mind, on palju t\u00f6\u00f6d.<br \/> Kui Tema ja Ta esimest korda kohtuvad, s\u00fcnnib t\u00e4nu neis olevale armastuses\u00e4demele illusioon pilvevabast tulevikust. N\u00e4ib, et k\u00f5ik saab korda &quot;iseenesest&quot;, kuna nad &quot;armastavad \u00fcksteist&quot;. Armastuse teed on p\u00f5nevad, sest vastastikused tunded muutuvad ja tugevnevad pidevalt. V\u00f5i vastupidi, see rahuneb ja kukub kokku, muutumata kunagi t\u00f5eliseks armastuseks.<br \/>Pakis on 24 kaarti \u2013 24 soovitust. Enne kaardipakist kaardi t\u00f5mbamist m\u00f5elge oma praegusele suhtele. Mida Armastuse teed teile praegusel eluperioodil paljastavad? Kas avastad ilu ja r\u00f5\u00f5mu v\u00f5i pakutakse sulle olulist \u00f5ppetundi? Hea s\u00f5na ja osav\u00f5tt pole n\u00f5utav mitte ainult raskustes, vaid ka r\u00f5\u00f5mudes. V\u00e4hemalt selleks, et neid t\u00e4ielikumalt vastu v\u00f5tta ja \u00f5ppida neid nende eest siiralt t\u00e4nama. Seega, enne kui kaardi kaardipakist v\u00e4lja t\u00f5mbad, v\u00f5id endalt k\u00fcsida:<br \/> Millele ma pean m\u00f5tlema, et meie suhe tugevdada?<br \/> Peegeldusele ei meeldi k\u00e4ra ja t\u00fchi jutt. Nad toovad h\u00e4id vilju ja kingitusi neile, kes k\u00f5nnivad puhta s\u00fcdamega m\u00f6\u00f6da Armastuse teid.<br \/> Las Armastuse teed avavad teile oma ilu uusi tahke! <\/br><\/br><\/p>","protected":false},"excerpt":{"rendered":"<p>Autor: Tatjana Zinkevit\u0161-Evstigneeva Ilmumisaasta: 2017 Kirjastus: Rech M\u00f5\u00f5dud: 120x80x10 mm Pakis on 24 kaarti \u2013<\/p>","protected":false},"featured_media":4627,"comment_status":"open","ping_status":"open","template":"","meta":[],"product_brand":[],"product_cat":[62],"product_tag":[],"class_list":{"0":"post-4626","1":"product","2":"type-product","3":"status-publish","4":"has-post-thumbnail","6":"product_cat-psychological-cards","8":"first","9":"outofstock","10":"product-type-simple"},"_links":{"self":[{"href":"https:\/\/shercards.com\/et\/wp-json\/wp\/v2\/product\/4626","targetHints":{"allow":["GET"]}}],"collection":[{"href":"https:\/\/shercards.com\/et\/wp-json\/wp\/v2\/product"}],"about":[{"href":"https:\/\/shercards.com\/et\/wp-json\/wp\/v2\/types\/product"}],"replies":[{"embeddable":true,"href":"https:\/\/shercards.com\/et\/wp-json\/wp\/v2\/comments?post=4626"}],"wp:featuredmedia":[{"embeddable":true,"href":"https:\/\/shercards.com\/et\/wp-json\/wp\/v2\/media\/4627"}],"wp:attachment":[{"href":"https:\/\/shercards.com\/et\/wp-json\/wp\/v2\/media?parent=4626"}],"wp:term":[{"taxonomy":"product_brand","embeddable":true,"href":"https:\/\/shercards.com\/et\/wp-json\/wp\/v2\/product_brand?post=4626"},{"taxonomy":"product_cat","embeddable":true,"href":"https:\/\/shercards.com\/et\/wp-json\/wp\/v2\/product_cat?post=4626"},{"taxonomy":"product_tag","embeddable":true,"href":"https:\/\/shercards.com\/et\/wp-json\/wp\/v2\/product_tag?post=4626"}],"curies":[{"name":"wp","href":"https:\/\/api.w.org\/{rel}","templated":true}]}}