{"id":499,"date":"2024-08-04T11:37:54","date_gmt":"2024-08-04T11:37:54","guid":{"rendered":"https:\/\/shercards.com\/index.php\/product\/metaphorical-associative-cards-home-of-my-soul\/"},"modified":"2025-10-20T10:46:22","modified_gmt":"2025-10-20T10:46:22","slug":"metaphorical-associative-cards-home-of-my-soul","status":"publish","type":"product","link":"https:\/\/shercards.com\/et\/toode\/metaphorical-associative-cards-home-of-my-soul\/","title":{"rendered":"Metafoorsed assotsiatiivsed kaardid \u201cMinu hinge kodu\u201d"},"content":{"rendered":"<p><strong>Autorid:<\/strong> Y. Karaseva ja Y. Voronina<br \/>Pakk koosneb 100 kaardist, millel on kujutatud muinasjutulised lossid ja tubade interj\u00f6\u00f6rid (60 maja ja 40 tuba).<br \/>M\u00f5\u00f5dud: 9x12cm, lamineeritud papp, \u00fcmarad servad. Kaasas on juhised 10 p\u00f5hiharjutusega.<br \/>Metafoorkaardid valitakse internetist kliendi vajadustest l\u00e4htuvalt. Uskumatult leidlikud ja s\u00fcgavad kaardid sukeldavad kliendi s\u00fcgavale iseendasse, v\u00f5imaldades tal j\u00f5uda oma t\u00f5eliste vajaduste ja olukorra m\u00f5istmiseni.<br \/> Valides \u00fche v\u00f5i mitu kujutist, seostab inimene end sellega. Seega v\u00f5imaldavad kaardid \u00f6koloogiliselt j\u00f5uda alateadvuseni ja kliendi teadlikkuseni oma probleemidest ja konfliktidest.<br \/>Eeldatakse, et need kaardid v\u00f5imaldavad kliendil, samastades end maja ja ruumide kuvandiga, j\u00f5uda oma Minani. Saage aru, kes ma olen, mida ma tahan, millised on minu t\u00f5elised v\u00e4\u00e4rtused jne.<br \/>Seega annavad MAC-id vastused intiimsetele k\u00fcsimustele, mida alati \u00fcksi ei leia.<br \/>\u201cMinu kodu\u201d kaartide (minu hinge maja) abil saate taastada oma vaimse ja vaimse tervise, muuta negatiivsed emotsionaalsed seisundid (stress, neuroos) m\u00f5\u00f5dukaks. nbsp;Need MAC-id on v\u00f5imelised saatma teid nagu ajamasina minevikku, kust leiate k\u00f5ik ressursid, mis teie sees seisavad. Ps\u00fchholoogiga t\u00f6\u00f6tamine kaartide abil on v\u00e4ga keskkonnas\u00f5bralik ja tervisele ohutu.<br \/><strong>Inimene \u00f5pib Maja tundma peaaegu oma isiksuse teadvustamise hetkest ja see \u00fcldistatud kuvand sisaldab palju positiivseid kujundeid, mis tugevdavad inimese isiksust. Maja kuvand peegeldab ka inimese enda isiksust ning l\u00e4hedasi suhteid, armastust, hoolimist, hellust\u2026 Maja kuvandiga seob iga inimene elu, armastuse, vanemate, laste, perekonna idee\u2026 Maja kuvand seob inimest maailmaga, mist\u00f5ttu maja peegeldab ka maailma ennast ja samas ka individuaalseid isikuomadusi.<br \/><strong>Maja on universumi \u00fcks olulisemaid arhet\u00fc\u00fcpe (p\u00f5histruktuure) ja samal ajal pilt, mis on emotsionaalselt igale inimesele v\u00e4ga l\u00e4hedane!<\/strong><br \/>On <strong>oluline stabiliseeriv, tervendav ja uuendav funktsioon<\/strong>, samuti \u00fchenduse loomine esivanemate, perekonna ja kollektiivse alateadvusega.<br \/>Kodu on \u00fcks l\u00e4hemaid, kallimaid, inimlikult arusaadavamaid kujundeid (ja konkreetne reaalsus). Paljudel inimestel on Kodu kuvandisse panustatud eredamad tunded, m\u00e4lestused, lootused: perekond, armastus, armastavad vanemad, hoolitsus, m\u00f5istmine, turvalisus, kallim\/armsam, lapsed, l\u00e4hedased, sugulased, hellus, ilu, mugavus, soojus, valgus jne.&lt;br&gt;Kodu \u2013 toetab, tugevdab, annab j\u00f5udu, teadmisi, tarkust. Kodukuju saadab meid n\u00e4htamatult kogu elu\u2026<br \/>Maja-Isiksuse arhet\u00fc\u00fcp, Maja-Soulinbsp;aitabnbsp;eluk\u00fcsimuste lahendamisel, aitab saada edukamaks, paremini m\u00f5ista ennast ja teisi, leida harmooniat peresuhetes, leida r\u00f5\u00f5mu ja \u00f5nne. See aitab \u00fcle saada konfliktidest ja neuroosidest. See ei ole ainult teooria, mitte ainult teaduslik idee, vaid see, mis on l\u00e4hedane ja arusaadav, on kasulik k\u00f5igile.nbsp;Maja iga ruum-Personaalsus, iga korrus (tavaliselt, piltlikult \u00f6eldes - korrus, teaduslikumalt - arhet\u00fc\u00fcpide tasandid) , aitab teil paremini visualiseerida, tunnetada oma isikuomadusi, lahendada raskusi, m\u00f5ista ennast paremini. Igal Maja Toal on oma erilised tugevad ja n\u00f5rgad k\u00fcljed, omad viisid eluk\u00fcsimuste lahendamiseks. <\/br><\/p>","protected":false},"excerpt":{"rendered":"<p>Autorid: Y. Karaseva ja Y. Voronina Pakk koosneb 100 kaardist, millel on kujutatud muinasjutulisi losse ja tubade interj\u00f6\u00f6re<\/p>","protected":false},"featured_media":500,"comment_status":"open","ping_status":"open","template":"","meta":[],"product_brand":[],"product_cat":[35],"product_tag":[],"class_list":{"0":"post-499","1":"product","2":"type-product","3":"status-publish","4":"has-post-thumbnail","6":"product_cat-mono-decks-roads-houses-etc","8":"first","9":"outofstock","10":"purchasable","11":"product-type-simple"},"_links":{"self":[{"href":"https:\/\/shercards.com\/et\/wp-json\/wp\/v2\/product\/499","targetHints":{"allow":["GET"]}}],"collection":[{"href":"https:\/\/shercards.com\/et\/wp-json\/wp\/v2\/product"}],"about":[{"href":"https:\/\/shercards.com\/et\/wp-json\/wp\/v2\/types\/product"}],"replies":[{"embeddable":true,"href":"https:\/\/shercards.com\/et\/wp-json\/wp\/v2\/comments?post=499"}],"wp:featuredmedia":[{"embeddable":true,"href":"https:\/\/shercards.com\/et\/wp-json\/wp\/v2\/media\/500"}],"wp:attachment":[{"href":"https:\/\/shercards.com\/et\/wp-json\/wp\/v2\/media?parent=499"}],"wp:term":[{"taxonomy":"product_brand","embeddable":true,"href":"https:\/\/shercards.com\/et\/wp-json\/wp\/v2\/product_brand?post=499"},{"taxonomy":"product_cat","embeddable":true,"href":"https:\/\/shercards.com\/et\/wp-json\/wp\/v2\/product_cat?post=499"},{"taxonomy":"product_tag","embeddable":true,"href":"https:\/\/shercards.com\/et\/wp-json\/wp\/v2\/product_tag?post=499"}],"curies":[{"name":"wp","href":"https:\/\/api.w.org\/{rel}","templated":true}]}}