{"id":53,"date":"2024-08-04T10:57:13","date_gmt":"2024-08-04T10:57:13","guid":{"rendered":"https:\/\/shercards.com\/index.php\/product\/metaphorical-associative-cards-duet\/"},"modified":"2025-10-20T10:48:20","modified_gmt":"2025-10-20T10:48:20","slug":"metaphorical-associative-cards-duet","status":"publish","type":"product","link":"https:\/\/shercards.com\/et\/toode\/metaphorical-associative-cards-duet\/","title":{"rendered":"Metafoorsed assotsiatiivsed kaardid &quot;Duett&quot;"},"content":{"rendered":"<p><strong>Teki ainus ametlik litsentsitud v\u00e4ljaanne Venemaal.<br \/> <\/br><\/strong><strong>Uus v\u00e4ljaanne!<\/strong><br \/><strong>V\u00e4ljaandja: <\/strong>MACards<br \/> <strong >Autor:<\/strong>Itsik \u0160mulevit\u0161<br \/>Joonistused: Michal Singer<br \/><strong>Sisu:<\/strong> <\/p>\n<ul>\n<li>192 kaarti: 96 jutukaarti ja 96 s\u00f5nakaarti (10, 9 x 7,4 cm, UV-lakiga kate, tihedus 300g);<\/li>\n<li>1 raamat-juhend MAK \u201cDuett\u201d kasutamisest ps\u00fchholoogilises t\u00f6\u00f6s (46 lk);<\/li>\n<li>paks kinkekarp (kaas-p\u00f5hi 21,4 x 13,5 cm). <\/li>\n<\/ul>\n<p> Metafoorsed assotsiatiivsed kaardid \u201cDuett\u201d on loodud t\u00f6\u00f6tama paljude erinevate taotlustega, mis on seotud abielusuhetega, paarisuhtega ja mitte ainult.<br \/> Komplekt sisaldab kahte tekki:nbsp; kaardid \u2013 joonised, mis annavad v\u00e4ga selgelt edasi tundeid ja kogemusi, inimeste k\u00e4itumisstiile teatud olukordades, nbsp; kaardid \u2013 s\u00f5nad, mis aitavad neid nimetada. Neist vaid osa on p\u00fchendatud mehe ja naise suhetele.<br \/> Komplekt sisaldab pilte ja s\u00f5nu, mis s\u00fcmboliseerivad suhteid iseendaga, oma kehaga, t\u00f6\u00f6ga, perega jne, mis v\u00f5imaldab laiendada selle teki kasutusalasid. <br \/>MAK \u201cDuett\u201d on asendamatu abivahend individuaal- ja r\u00fchmateraapias sise- ja v\u00e4liskonfliktide, identiteedikriiside, suhete iseendaga, oma kehaga ja v\u00e4lismaailmaga, inimestevaheliste ja perekondlike konfliktide k\u00e4sitlemisel.<br \/>MAK \u201cDuett\u201d on asendamatu pereps\u00fchhoteraapias, t\u00f6\u00f6s paaridega, laste ja nende vanematega. Duet MAK-i abil saate: <\/p>\n<ul>\n<li>uurida stsenaariumi k\u00e4itumismustreid stressirohketes olukordades;<\/li>\n<li>t\u00f6\u00f6tada suhtumiste ja t\u00f5ekspidamistega, mis m\u00f5jutavad suhteid vastassooga;<\/li>\n<li> uurida ja anal\u00fc\u00fcsida perekondlikke ja muid s\u00fcsteeme;<\/li>\n<li>otsida v\u00e4ljap\u00e4\u00e4sud konfliktiolukordadest;<\/li>\n<li>t\u00f6\u00f6 ps\u00fchhosomaatiliste s\u00fcmptomitega;<\/li>\n<li>minna ressurssi otsima;<\/li>\n<p> &lt;li&gt;arendada oskust teha konstruktiivseid otsuseid;<\/li>\n<li>\u00f5iged destruktiivsed suhted paaris;<\/li>\n<li>m\u00f5ista lapse-vanema ja abielu suhete ise\u00e4rasusi jne.<\/li>\n<\/ul>\n<p> <strong>Harjutus nr 1 \u201cSiin ja praegu\u201d<br \/> <\/br><\/strong><strong>Eesm\u00e4rk<\/strong>: hetkesoovi tuvastamine ja sellega t\u00f6\u00f6tamine, paaris suhtlemisprobleemi diagnoosimine, teadlikkuse arendamine oluliste suhete kontekstis, ressursside otsimine soovitud muutusteks.<br \/><strong>1. samm<\/strong>. M\u00f5elge olukorrale v\u00f5i inimesele, mis teile muret valmistab.nbsp; Segage m\u00f5lemad pakid ja v\u00f5tke v\u00e4lja kaks kaarti pildiga allapoole \u2013 pildikaart ja s\u00f5nakaart vastuseks \u00fchele k\u00fcsimustele:<br \/> &quot;Mida see olukord minu jaoks t\u00e4hendab?&quot;<br \/> &quot;Kuidas ma sellisesse olukorda sattusin?&quot;<br \/> <strong>2. samm. <\/strong>P\u00f6\u00f6rake kaardid \u00fckshaaval \u00fcmber, pange t\u00e4hele, milliseid m\u00f5tteid ja tundeid need teis \u00e4ratavad.<br \/><strong><em>Abiks olevad k\u00fcsimused:<\/em>&lt;\/strong&gt; <\/p>\n<ul>\n<li>Kas kaartide vahel on seos?<\/li>\n<li>Kui jah, siis mis see on?<\/li>\n<li>Millest nad sinuga r\u00e4\u00e4givad?<\/li>\n<li>Kuidas te end olukorras v\u00f5i inimesega seoses tundsite?<\/li>\n<li>Kuidas sa k\u00e4itusid?<\/li>\n<li>Mida sa m\u00f5tlesid?<\/li>\n<li>Kuidas sa sattusid olukorda, mis tegi sulle muret?&lt;\/li&gt;\n<li>Kuidas tahaksite selles olukorras k\u00e4ituda?<\/li>\n<li>Kuidas teie partner k\u00e4ituks?<\/li>\n<li>Kuidas ta tahaks selles olukorras k\u00e4ituda?<\/li>\n<li>Kuidas ta mind selles olukorras n\u00e4gi?<\/li>\n<li>Mis on k\u00f5ige juhtunu p\u00f5hjused, eesm\u00e4rgid ja asjaolud?<\/li>\n<\/ul>\n<p> <strong>3. samm. <\/strong>M\u00f5elge, kuidas soovite toimuvat muuta, ja v\u00f5tke v\u00e4lja avatud kaardijoonis, mis teie soovi k\u00f5ige t\u00e4psemalt kirjeldab. Avage see ja r\u00e4\u00e4kige meile oma soovist.<br \/> <strong>4. samm.<\/strong> V\u00f5tke pakist kolm kaarti pildiga allapoole, et vastata k\u00fcsimusele: &quot;Millised on kolm esimest sammu, mida ma pean tegema, et saavutada seda, mida tahan?&quot; Avaldage kaardid \u00fckshaaval ja r\u00e4\u00e4kige neist. Koostage tegevuskavabsp; ja kirjuta see p\u00e4evikusse.<br \/><strong>Harjutus nr 2 \u201cTee raskustest v\u00f5imaluste juurde\u201d<br \/> <\/br><\/strong><strong>Eesm\u00e4rk:<\/strong> abikaasade ja elukaaslaste hetkeseisu anal\u00fc\u00fcs ja korrigeerimine ; konfliktsituatsioonidest v\u00e4ljap\u00e4\u00e4su otsimine ja suhetes uued k\u00e4itumismudelid.<br \/> Selles tehnikas saate kasutada kaarte nii n\u00e4oga allapoole kui ka allapoole.<br \/><strong>1. samm<\/strong>. M\u00f5elge suhetele, mis teid k\u00f5ige rohkem puudutavad. See v\u00f5ib olla suhe: <\/p>\n<ul>\n<li>abikaasaga;<\/li>\n<li>koos partneriga;<\/li>\n<li>vanematega;<\/li>\n<li>lastega;<\/li>\n<li>koos s\u00f5braga;<\/li>\n<li>kolleegide\/\u00fclemustega<\/li>\n<\/ul>\n<p> Samuti saate arendada suhteid millegi elutuga oma elus. N\u00e4iteks rahaga, eduga, t\u00f6\u00f6ga jne.<br \/><strong>2. samm<\/strong>. P\u00f6\u00f6rake k\u00f5ik MAC &quot;Dueti&quot; kaardipaki pildid tagurpidi ja segage neid. V\u00f5tke v\u00e4lja 1 tk; avalikult (n\u00e4gu \u00fclespoole) vastusena k\u00fcsimusele: &quot;Mis aitab mul praeguses suhtes soovitud edu saavutada?&quot; Uurige kaarti hoolikalt.<br \/><strong><em>K\u00fcsimused abistamiseks<\/em><\/strong>: <\/p>\n<ul>\n<li>Mida sa sellel n\u00e4ed?<\/li>\n<li>Millised j\u00f5ud aitavad teil saavutada seda, mida soovite?<\/li>\n<li>Millised uskumused teid sellel teel toetavad?<\/li>\n<li>Milline suhtlusstiil oleks sobiv?<\/li>\n<li>Millele veel toetuda?<\/li>\n<li> Mida sa tunned, kui sa sellest r\u00e4\u00e4gid?<\/li>\n<li>Mis laul v\u00f5i meloodia meenub?<\/li>\n<li>\u00dctle mulle, mida tunned, kui k\u00f5ik saab t\u00f5eks?<\/li>\n<\/ul>\n<p> <strong >3. samm<\/strong>. V\u00f5tke kaardipakist 1 kaart esik\u00fcljega allapoole v\u00f5i \u00fclespoole, mis v\u00f5ib s\u00fcmboliseerida midagi, mis v\u00f5ib takistada teil soovitud saavutamast. Kasutades eelmise etapi k\u00fcsimusi, uurige v\u00f5imalikke takistusi.<br \/> <strong>4. samm<\/strong>. V\u00f5tke v\u00e4lja kolm kaarti pildiga allapoole, millest saab teie v\u00f5imeid ja piiranguid \u00fchendav sillakaart. Asetage need kaardid raskust (vasakul) ja edu (paremal) t\u00e4histava kaardi vahele. Mis annab sulle j\u00f5udu teel \u00fchest olekust teise? Neid kaarte vaadates s\u00f5nastage endale s\u00f5num, helistage, koostage mitme sammu plaan, mis teid aitavad.<br \/><strong>Harjutus nr 3 \u201cMinu suhted\u201d<br \/> <\/br><\/strong><strong>Eesm\u00e4rk: <\/strong>hetke emotsionaalse seisundi korrigeerimine; oma suhtumise muutmine olukorda, ressursside otsimine selle \u00fcletamiseks.<br \/><strong>1. samm<\/strong>. Segage kaks pakki ja t\u00f5mmake m\u00f5lemast \u00fcks kaart, avage (pilt \u00fcles) v\u00f5i pildiga alla (tagune) (1 pildikaart ja 1 s\u00f5nakaart) vastuseks k\u00fcsimusele: &quot;Millised on minu suhted ja mis on nende olemus? \u201d Proovige oma suhteid kaartide abil kirjeldada.<br \/><strong><em>Abiks olevad k\u00fcsimused:<\/em><\/strong> <\/p>\n<ul>\n<li>Milline suhe teil praegu on?<\/li>\n<li>Mida sa vajad, kas sulle nende juures meeldib?<\/li>\n<li>Aga suhe ei sobi sulle?<\/li>\n<li>Milline teie suhe v\u00e4lja n\u00e4eks?<\/li>\n<\/ul>\n<p> <strong>2. samm.<\/strong> V\u00f5tke kahelt tekilt v\u00e4lja n\u00e4oga allapoole (tagupool allapoole) pildikaart ja s\u00f5nakaart vastuseks k\u00fcsimusele: &quot;Mis segab suhteid?&quot; Avaldage kaarte kordam\u00f6\u00f6da, j\u00e4lgige oma tundeid ja m\u00f5tteid.<br \/> <strong>3. samm<\/strong>. V\u00f5tke kahelt pakilt v\u00e4lja kolmas kaardipaar, mis on pildiga allapoole, vastuseks k\u00fcsimusele: &quot;Mis aitab kaasa teie suhte arengule?&quot; R\u00e4\u00e4gi meile kaartidest l\u00e4hemalt.<br \/> <strong>4. samm<\/strong>. Vaadake kolme kaardipaari l\u00e4hemalt. Kirjutage sidus lugu. Kui soovite, kirjutage see oma p\u00e4evikusse. Lugege valjusti, pannes t\u00e4hele oma kehalisi aistinguid ja tundeid. <\/br><\/p>","protected":false},"excerpt":{"rendered":"<p>Teki ainus ametlik litsentsitud v\u00e4ljaanne Venemaal. Uus v\u00e4ljaanne!Avaldaja: MACards Autor:Itsik ShmulevichJoonised: Michal SingerSisu: 192 kaarti: 96<\/p>","protected":false},"featured_media":54,"comment_status":"open","ping_status":"open","template":"","meta":[],"product_brand":[],"product_cat":[24],"product_tag":[],"class_list":{"0":"post-53","1":"product","2":"type-product","3":"status-publish","4":"has-post-thumbnail","6":"product_cat-relationships-sex-metaphorical-cards","8":"first","9":"outofstock","10":"purchasable","11":"product-type-simple"},"_links":{"self":[{"href":"https:\/\/shercards.com\/et\/wp-json\/wp\/v2\/product\/53","targetHints":{"allow":["GET"]}}],"collection":[{"href":"https:\/\/shercards.com\/et\/wp-json\/wp\/v2\/product"}],"about":[{"href":"https:\/\/shercards.com\/et\/wp-json\/wp\/v2\/types\/product"}],"replies":[{"embeddable":true,"href":"https:\/\/shercards.com\/et\/wp-json\/wp\/v2\/comments?post=53"}],"wp:featuredmedia":[{"embeddable":true,"href":"https:\/\/shercards.com\/et\/wp-json\/wp\/v2\/media\/54"}],"wp:attachment":[{"href":"https:\/\/shercards.com\/et\/wp-json\/wp\/v2\/media?parent=53"}],"wp:term":[{"taxonomy":"product_brand","embeddable":true,"href":"https:\/\/shercards.com\/et\/wp-json\/wp\/v2\/product_brand?post=53"},{"taxonomy":"product_cat","embeddable":true,"href":"https:\/\/shercards.com\/et\/wp-json\/wp\/v2\/product_cat?post=53"},{"taxonomy":"product_tag","embeddable":true,"href":"https:\/\/shercards.com\/et\/wp-json\/wp\/v2\/product_tag?post=53"}],"curies":[{"name":"wp","href":"https:\/\/api.w.org\/{rel}","templated":true}]}}