{"id":5688,"date":"2024-08-04T19:46:59","date_gmt":"2024-08-04T19:46:59","guid":{"rendered":"https:\/\/shercards.com\/index.php\/product\/association-cards-in-psychotherapy-of-destructive-manifestations\/"},"modified":"2025-10-20T10:33:43","modified_gmt":"2025-10-20T10:33:43","slug":"association-cards-in-psychotherapy-of-destructive-manifestations","status":"publish","type":"product","link":"https:\/\/shercards.com\/et\/toode\/association-cards-in-psychotherapy-of-destructive-manifestations\/","title":{"rendered":"&quot;Assotsiatsioonikaardid h\u00e4vitavate ilmingute ps\u00fchhoteraapias&quot;"},"content":{"rendered":"<p>Autor: NV Buravtsova.<br \/>Ilmumisaasta: 2018, 420 lk.<br \/> Suurus: 204\u00d7144, pehme k\u00f6ide.<br \/>Raamat on praktiline juhend metafoorsete assotsiatiivsete kaartide kasutamiseks erinevate destruktiivsete ilmingute ps\u00fchhoteraapias.<br \/> Selle raamatu ainulaadsus seisneb selles, et see kirjeldab enam kui 150 t\u00f6\u00f6tehnikat ja algoritmi.<br \/> See uurib:<br \/> - laiaulatuslik h\u00e4vitamine inimestevahelistes suhetes,<br \/> \u2013 normatiivsete ja mittenormatiivsete elukriiside erip\u00e4ra,<br \/> - erinevat t\u00fc\u00fcpi h\u00e4lbiv k\u00e4itumine,<br \/> \u2013 stsenaariumi seaded ja stsenaariumi k\u00e4itumine,<br \/> \u2013 assotsiatiivsete kaartide kasutamise v\u00f5imalus kognitiiv-emotsionaalses ps\u00fchhoteraapias,<br \/> \u2013 p\u00f6\u00f6ratakse t\u00e4helepanu ressursiseisundite, isikliku sarmi ja karisma arendamisele ja korrigeerimisele.<br \/>Kuna kaartidega t\u00f6\u00f6tades ei ole suurtes kogustes konkreetset tehnikat lihtne leida, on raamatus &quot;Tehnikate ja algoritmide register&quot; ning keerukad tehnikad on v\u00e4lja toodud eraldi l\u00f5ikudes, nende nimetused on toodud sisus.<br \/>Arusaadavuse h\u00f5lbustamiseks on iga tehnika kirjeldamisel m\u00e4rgitud eesm\u00e4rk, milleni see on suunatud, ja soovitatavad on metafoorsete assotsiatiivsete kaartide komplektid t\u00f6\u00f6ks.<br \/>Mitmeid tehnikaid ja algoritme illustreeritakse n\u00e4idete ja fragmentidega t\u00f6\u00f6st klientidega.<br \/>Raamatus on kasutatud autori arendusi:<br \/> \u2013 \u201cReaalsuse peeglite\u201d tehnika;<br \/> \u2013 ps\u00fchholoogiliste t\u00f6\u00f6riistade komplekt \u201cPSI\u201d -case\u201d;<br \/> - assotsiatiivsed kaardid maja, allegooriad, piktogrammid, loomad ja mitmed muud ps\u00fchholoogilised t\u00f6\u00f6riistad.<br \/>V\u00e4ljaanne on soovitatav juhendina praktilistele ps\u00fchholoogidele, \u00f5petajatele, sotsiaalt\u00f6\u00f6tajatele, \u00fcli\u00f5pilastele, magistrantidele ja \u00fclikoolide \u00f5ppej\u00f5ududele.<br \/> Raamat v\u00f5ib olla kasulik mitte ainult professionaalidele, vaid ka inimestele, kes kogevad elukriise, et \u00fcletada olemasolevaid ja v\u00f5imalikke raskusi.<\/p>\n<p> Assotsiatiivsete kaartidega t\u00f6\u00f6tamise tehnikad saavad paljudele abiks erinevate olukordade objektiivsel hindamisel ja lahendamisel; muudab rasked eluvalikud selgemaks, aitab kaasa suhete arendamisele ja \u00fchtlustamisele, sisemiste konfliktide teadvustamisele ja lahendamisele.<\/p>","protected":false},"excerpt":{"rendered":"<p>Autor: NV Buravtsova. Ilmumisaasta: 2018, 420 lk. Suurus: 204\u00d7144, pehme k\u00f6ide.Raamat on praktiline kasutusjuhend<\/p>","protected":false},"featured_media":5689,"comment_status":"open","ping_status":"open","template":"","meta":[],"product_brand":[],"product_cat":[41],"product_tag":[],"class_list":{"0":"post-5688","1":"product","2":"type-product","3":"status-publish","4":"has-post-thumbnail","6":"product_cat-books-on-metaphorical-cards","8":"first","9":"outofstock","10":"product-type-simple"},"_links":{"self":[{"href":"https:\/\/shercards.com\/et\/wp-json\/wp\/v2\/product\/5688","targetHints":{"allow":["GET"]}}],"collection":[{"href":"https:\/\/shercards.com\/et\/wp-json\/wp\/v2\/product"}],"about":[{"href":"https:\/\/shercards.com\/et\/wp-json\/wp\/v2\/types\/product"}],"replies":[{"embeddable":true,"href":"https:\/\/shercards.com\/et\/wp-json\/wp\/v2\/comments?post=5688"}],"wp:featuredmedia":[{"embeddable":true,"href":"https:\/\/shercards.com\/et\/wp-json\/wp\/v2\/media\/5689"}],"wp:attachment":[{"href":"https:\/\/shercards.com\/et\/wp-json\/wp\/v2\/media?parent=5688"}],"wp:term":[{"taxonomy":"product_brand","embeddable":true,"href":"https:\/\/shercards.com\/et\/wp-json\/wp\/v2\/product_brand?post=5688"},{"taxonomy":"product_cat","embeddable":true,"href":"https:\/\/shercards.com\/et\/wp-json\/wp\/v2\/product_cat?post=5688"},{"taxonomy":"product_tag","embeddable":true,"href":"https:\/\/shercards.com\/et\/wp-json\/wp\/v2\/product_tag?post=5688"}],"curies":[{"name":"wp","href":"https:\/\/api.w.org\/{rel}","templated":true}]}}