{"id":5696,"date":"2024-08-04T19:46:59","date_gmt":"2024-08-04T19:46:59","guid":{"rendered":"https:\/\/shercards.com\/index.php\/product\/ambulance-for-families\/"},"modified":"2025-10-20T10:33:43","modified_gmt":"2025-10-20T10:33:43","slug":"ambulance-for-families","status":"publish","type":"product","link":"https:\/\/shercards.com\/et\/toode\/ambulance-for-families\/","title":{"rendered":"\u201cKiirabi peredele\u201d"},"content":{"rendered":"<p>Autor: Natalja Manukhina \u2013 ps\u00fchholoogiateaduste kandidaat, s\u00fcsteemne pereterapeut, meditsiinips\u00fchholoog, individuaal- ja perekonsultant, professionaalne coach (ECI), superviisor, ps\u00fchholoogia\u00f5petaja.<\/p>\n<p> NF klass, 2019<br \/> ISBN: 978-5-86375-242-6<br \/> Kaane t\u00fc\u00fcp: k\u00f5va k\u00f6ide<br \/> Lehtede arv: 296<br \/> Formaat: 60\u00d788\/16<\/p>\n<p> See raamat on p\u00fchendatud erilisele protsessile \u2013 erakorralisele ps\u00fchholoogilisele abile. See r\u00e4\u00e4gib rohkem perede kui \u00fcksikisiku abistamisest. Miks kiirabi? Sest k\u00f5ige sagedasemad perede palved on \u201eaita kohe, kohe\u201d v\u00f5i \u201eaita kiiremini, l\u00fchikese aja jooksul\u201d.<br \/>Lugeja leiab raamatust palju juhtumeid autori praktikast, mis illustreerivad kiireimate meetodite kasutamist, sealhulgas l\u00fchiajalise ps\u00fchholoogilise abi universaalse mudeli v\u00e4ljat\u00f6\u00f6tatud autori p\u00f5him\u00f5tteid. See sisaldab ka skeeme, meetodeid ja n\u00e4iteid eneseabist teie enda peres, mis muudab raamatu huvitavaks ja k\u00e4ttesaadavaks paljudele lugejatele.<\/p>\n<p> Raamat on m\u00f5eldud k\u00f5igile, kes on huvitatud praktilise ps\u00fchholoogia meetodite rakendamisest oma elus, aga ka abistama erineva profiili ja suundadega spetsialiste. <\/br><\/br><\/p>","protected":false},"excerpt":{"rendered":"<p>Autor: Natalja Manukhina \u2013 ps\u00fchholoogiateaduste kandidaat, s\u00fcsteemne pereterapeut, meditsiinips\u00fchholoog, individuaal- ja perekonsultant, professionaalne treener (ECI),<\/p>","protected":false},"featured_media":5697,"comment_status":"open","ping_status":"open","template":"","meta":[],"product_brand":[],"product_cat":[58],"product_tag":[],"class_list":{"0":"post-5696","1":"product","2":"type-product","3":"status-publish","4":"has-post-thumbnail","6":"product_cat-psychological-literature","8":"first","9":"outofstock","10":"product-type-simple"},"_links":{"self":[{"href":"https:\/\/shercards.com\/et\/wp-json\/wp\/v2\/product\/5696","targetHints":{"allow":["GET"]}}],"collection":[{"href":"https:\/\/shercards.com\/et\/wp-json\/wp\/v2\/product"}],"about":[{"href":"https:\/\/shercards.com\/et\/wp-json\/wp\/v2\/types\/product"}],"replies":[{"embeddable":true,"href":"https:\/\/shercards.com\/et\/wp-json\/wp\/v2\/comments?post=5696"}],"wp:featuredmedia":[{"embeddable":true,"href":"https:\/\/shercards.com\/et\/wp-json\/wp\/v2\/media\/5697"}],"wp:attachment":[{"href":"https:\/\/shercards.com\/et\/wp-json\/wp\/v2\/media?parent=5696"}],"wp:term":[{"taxonomy":"product_brand","embeddable":true,"href":"https:\/\/shercards.com\/et\/wp-json\/wp\/v2\/product_brand?post=5696"},{"taxonomy":"product_cat","embeddable":true,"href":"https:\/\/shercards.com\/et\/wp-json\/wp\/v2\/product_cat?post=5696"},{"taxonomy":"product_tag","embeddable":true,"href":"https:\/\/shercards.com\/et\/wp-json\/wp\/v2\/product_tag?post=5696"}],"curies":[{"name":"wp","href":"https:\/\/api.w.org\/{rel}","templated":true}]}}