{"id":5702,"date":"2024-08-04T19:47:41","date_gmt":"2024-08-04T19:47:41","guid":{"rendered":"https:\/\/shercards.com\/index.php\/product\/psychological-types\/"},"modified":"2025-10-20T10:33:43","modified_gmt":"2025-10-20T10:33:43","slug":"psychological-types","status":"publish","type":"product","link":"https:\/\/shercards.com\/et\/toode\/psychological-types\/","title":{"rendered":"&quot;Ps\u00fchholoogilised t\u00fc\u00fcbid&quot;"},"content":{"rendered":"<p>Kirjastaja: Academic Project<\/p>\n<p> Ilmumisaasta: 2019<\/p>\n<p> Teksti keel: vene<\/p>\n<p> Algkeel: saksa<\/p>\n<p> T\u00f5lge: Lorie S.; Zelenski V.<\/p>\n<p> Kaane t\u00fc\u00fcp: k\u00f5va k\u00f6ide<\/p>\n<p> Formaat: 60\u00d790 1\/16<\/p>\n<p> Lehek\u00fclgi: 538<br \/>20. sajandi silmapaistva ps\u00fchholoogi Carl Gustav Jungi \u00fcks p\u00f5hiteoseid on p\u00fchendatud isiksuset\u00fc\u00fcpide klassifitseerimise probleemile ja sisaldab selleteemalist materjali rikkalikult. Autor mitte ainult ei esita oma t\u00fcpoloogiat, vaid anal\u00fc\u00fcsib ja s\u00fcstematiseerib tohutul hulgal materjali teistest teadus- ja kultuurip\u00e4randi valdkondadest (filosoofia, esteetika, luule), mis on selle teemaga \u00fchel v\u00f5i teisel viisil seotud.<\/p>\n<p> Raamat ei paku huvi mitte ainult ps\u00fchholoogidele, ps\u00fchhoterapeutidele, sotsioloogidele, kulturoloogidele, vaid ka lihtsalt m\u00f5tlevale lugejale, kes on huvitatud isiksuseprobleemidest.<\/p>\n<p> nbsp; <\/br><\/p>","protected":false},"excerpt":{"rendered":"<p>Kirjastaja: Academic Project Ilmumisaasta: 2019 Tekstikeel: vene Originaalkeel: saksa T\u00f5lge: Lorie S.; Zelensky V. Kaane t\u00fc\u00fcp:<\/p>","protected":false},"featured_media":5703,"comment_status":"open","ping_status":"open","template":"","meta":[],"product_brand":[],"product_cat":[58],"product_tag":[],"class_list":{"0":"post-5702","1":"product","2":"type-product","3":"status-publish","4":"has-post-thumbnail","6":"product_cat-psychological-literature","8":"first","9":"outofstock","10":"product-type-simple"},"_links":{"self":[{"href":"https:\/\/shercards.com\/et\/wp-json\/wp\/v2\/product\/5702","targetHints":{"allow":["GET"]}}],"collection":[{"href":"https:\/\/shercards.com\/et\/wp-json\/wp\/v2\/product"}],"about":[{"href":"https:\/\/shercards.com\/et\/wp-json\/wp\/v2\/types\/product"}],"replies":[{"embeddable":true,"href":"https:\/\/shercards.com\/et\/wp-json\/wp\/v2\/comments?post=5702"}],"wp:featuredmedia":[{"embeddable":true,"href":"https:\/\/shercards.com\/et\/wp-json\/wp\/v2\/media\/5703"}],"wp:attachment":[{"href":"https:\/\/shercards.com\/et\/wp-json\/wp\/v2\/media?parent=5702"}],"wp:term":[{"taxonomy":"product_brand","embeddable":true,"href":"https:\/\/shercards.com\/et\/wp-json\/wp\/v2\/product_brand?post=5702"},{"taxonomy":"product_cat","embeddable":true,"href":"https:\/\/shercards.com\/et\/wp-json\/wp\/v2\/product_cat?post=5702"},{"taxonomy":"product_tag","embeddable":true,"href":"https:\/\/shercards.com\/et\/wp-json\/wp\/v2\/product_tag?post=5702"}],"curies":[{"name":"wp","href":"https:\/\/api.w.org\/{rel}","templated":true}]}}