{"id":5706,"date":"2024-08-04T19:47:41","date_gmt":"2024-08-04T19:47:41","guid":{"rendered":"https:\/\/shercards.com\/index.php\/product\/a-practical-guide-for-psychotherapists\/"},"modified":"2025-10-20T10:33:43","modified_gmt":"2025-10-20T10:33:43","slug":"a-practical-guide-for-psychotherapists","status":"publish","type":"product","link":"https:\/\/shercards.com\/et\/toode\/a-practical-guide-for-psychotherapists\/","title":{"rendered":"\u201cPraktiline juhend ps\u00fchhoterapeutidele\u201d"},"content":{"rendered":"<p>Autorid: Serge Ginger, Anne Ginger<\/p>\n<p> T\u00f5lkija: Guinard L.<br \/> Kirjastaja: Academic Project, 2016<br \/> Sari: Ps\u00fchholoogilised tehnoloogiad<br \/> ISBN: 978-5-8291-1941-6 <br \/> Lehtede arv: 239<br \/> Vorming: 20,7 x 13,6 x 13<br \/> Kaane t\u00fc\u00fcp: k\u00f5va paber<\/p>\n<p> \u00d5petajatele, \u00fcli\u00f5pilastele, ps\u00fchholoogiateaduskondade magistrantidele, aga ka praktiseerivatele ps\u00fchhoterapeutidele.<br \/> Esmakordselt erialakirjanduses kirjeldatakse praktiliste sammude ja toimingute j\u00e4rjekorda ps\u00fchhoterapeudi t\u00f6\u00f6s, visandatakse t\u00fc\u00fcpilised vead ja ohud ps\u00fchhoteraapia valdkonna spetsialistiks saamise teel.<br \/> Antakse autorite juhendava t\u00f6\u00f6 tulemuste \u00fcldistus. Raamat on kirjutatud arvestades uusi Euroopa seadusi ja m\u00e4\u00e4rusi, mis reguleerivad t\u00f6\u00f6d ps\u00fchhoteraapia valdkonnas. See on kasulik nii alustavatele ps\u00fchhoterapeutidele kui ka kogenud spetsialistidele.<\/p>","protected":false},"excerpt":{"rendered":"<p>Autor: Serge Ginger, Anne Ginger T\u00f5lkija: Guinard L. V\u00e4ljaandja: Academic Project, 2016 Seeria: Psychological Technologies ISBN: 978-5-8291-1941-6 Lehek\u00fclgede arv:<\/p>","protected":false},"featured_media":5707,"comment_status":"open","ping_status":"open","template":"","meta":[],"product_brand":[],"product_cat":[58],"product_tag":[],"class_list":{"0":"post-5706","1":"product","2":"type-product","3":"status-publish","4":"has-post-thumbnail","6":"product_cat-psychological-literature","8":"first","9":"outofstock","10":"product-type-simple"},"_links":{"self":[{"href":"https:\/\/shercards.com\/et\/wp-json\/wp\/v2\/product\/5706","targetHints":{"allow":["GET"]}}],"collection":[{"href":"https:\/\/shercards.com\/et\/wp-json\/wp\/v2\/product"}],"about":[{"href":"https:\/\/shercards.com\/et\/wp-json\/wp\/v2\/types\/product"}],"replies":[{"embeddable":true,"href":"https:\/\/shercards.com\/et\/wp-json\/wp\/v2\/comments?post=5706"}],"wp:featuredmedia":[{"embeddable":true,"href":"https:\/\/shercards.com\/et\/wp-json\/wp\/v2\/media\/5707"}],"wp:attachment":[{"href":"https:\/\/shercards.com\/et\/wp-json\/wp\/v2\/media?parent=5706"}],"wp:term":[{"taxonomy":"product_brand","embeddable":true,"href":"https:\/\/shercards.com\/et\/wp-json\/wp\/v2\/product_brand?post=5706"},{"taxonomy":"product_cat","embeddable":true,"href":"https:\/\/shercards.com\/et\/wp-json\/wp\/v2\/product_cat?post=5706"},{"taxonomy":"product_tag","embeddable":true,"href":"https:\/\/shercards.com\/et\/wp-json\/wp\/v2\/product_tag?post=5706"}],"curies":[{"name":"wp","href":"https:\/\/api.w.org\/{rel}","templated":true}]}}