{"id":5711,"date":"2024-08-04T19:47:41","date_gmt":"2024-08-04T19:47:41","guid":{"rendered":"https:\/\/shercards.com\/index.php\/product\/body-structure-and-character\/"},"modified":"2025-10-20T10:33:43","modified_gmt":"2025-10-20T10:33:43","slug":"body-structure-and-character","status":"publish","type":"product","link":"https:\/\/shercards.com\/et\/toode\/body-structure-and-character\/","title":{"rendered":"&quot;Keha struktuur ja iseloom&quot;"},"content":{"rendered":"<p>Autor: Ernst Kretschmer<br \/> T\u00f5lge keelest Germannbsp;G.Ya. Tartakovski<\/p>\n<p> See v\u00e4ljaanne sisaldab silmapaistva saksa ps\u00fchholoogi ja ps\u00fchhiaatri Ernst Kretschmeri, kehajoonte uurimisel p\u00f5hineva temperamentide teooria looja \u00fcht olulisemat t\u00f6\u00f6d. Kretschmer n\u00e4itab oma fundamentaalses t\u00f6\u00f6s ulatuslikku empiirilist materjali kasutades seost kehaehituse p\u00f5hit\u00fc\u00fcpide ja eelsoodumuse vahel vaimuhaigustele.<br \/>Raamatu esimene venekeelne tr\u00fckk ilmus 1924. aastal. See oli selle v\u00e4ljaande aluseks. Tekst on varustatud vajalike m\u00e4rkuste ja kommentaaridega. <\/br><\/p>","protected":false},"excerpt":{"rendered":"<p>Autor: Ernst Kretschmer T\u00f5lge saksa keelest G.Ya. Tartakovsky See v\u00e4ljaanne sisaldab silmapaistva sakslase \u00fcht olulisemat teost<\/p>","protected":false},"featured_media":5712,"comment_status":"open","ping_status":"open","template":"","meta":[],"product_brand":[],"product_cat":[58],"product_tag":[],"class_list":{"0":"post-5711","1":"product","2":"type-product","3":"status-publish","4":"has-post-thumbnail","6":"product_cat-psychological-literature","8":"first","9":"outofstock","10":"product-type-simple"},"_links":{"self":[{"href":"https:\/\/shercards.com\/et\/wp-json\/wp\/v2\/product\/5711","targetHints":{"allow":["GET"]}}],"collection":[{"href":"https:\/\/shercards.com\/et\/wp-json\/wp\/v2\/product"}],"about":[{"href":"https:\/\/shercards.com\/et\/wp-json\/wp\/v2\/types\/product"}],"replies":[{"embeddable":true,"href":"https:\/\/shercards.com\/et\/wp-json\/wp\/v2\/comments?post=5711"}],"wp:featuredmedia":[{"embeddable":true,"href":"https:\/\/shercards.com\/et\/wp-json\/wp\/v2\/media\/5712"}],"wp:attachment":[{"href":"https:\/\/shercards.com\/et\/wp-json\/wp\/v2\/media?parent=5711"}],"wp:term":[{"taxonomy":"product_brand","embeddable":true,"href":"https:\/\/shercards.com\/et\/wp-json\/wp\/v2\/product_brand?post=5711"},{"taxonomy":"product_cat","embeddable":true,"href":"https:\/\/shercards.com\/et\/wp-json\/wp\/v2\/product_cat?post=5711"},{"taxonomy":"product_tag","embeddable":true,"href":"https:\/\/shercards.com\/et\/wp-json\/wp\/v2\/product_tag?post=5711"}],"curies":[{"name":"wp","href":"https:\/\/api.w.org\/{rel}","templated":true}]}}