{"id":5714,"date":"2024-08-04T19:47:41","date_gmt":"2024-08-04T19:47:41","guid":{"rendered":"https:\/\/shercards.com\/index.php\/product\/in-the-beginning-there-was-education\/"},"modified":"2025-10-20T10:33:43","modified_gmt":"2025-10-20T10:33:43","slug":"in-the-beginning-there-was-education","status":"publish","type":"product","link":"https:\/\/shercards.com\/et\/toode\/in-the-beginning-there-was-education\/","title":{"rendered":"&quot;Alguses oli haridus&quot;"},"content":{"rendered":"<p>Autor: Miller Alis<\/p>\n<p> T\u00f5lkija: Silaeva IV<\/p>\n<p> Kirjastaja: Academic Project, 2019<\/p>\n<p> Lehek\u00fclgi: 296 (nihe)<\/p>\n<p> Formaat : 22,2 x 16 x 1,2<\/p>\n<p> Kaane t\u00fc\u00fcp: k\u00f5va paber<\/p>\n<p> Ps\u00fchholoogidele, ps\u00fchhoterapeutidele, sotsiaalt\u00f6\u00f6tajatele, aga ka k\u00f5igile, kes on huvitatud lapsep\u00f5lveprobleemidest.<br \/>Autor n\u00e4itab laste peidetud julmuse mehhanisme ja v\u00e4givalla juuri. Anal\u00fc\u00fcsides mitmeid elulugusid \u2013 narkopatsiente, lapsem\u00f5rvareid ja Adolf Hitlerit \u2013 paljastab Miller nende inimeste \u00e4\u00e4rmusliku isikliku h\u00e4vitavuse alged nende varases lapsep\u00f5lves: lapsep\u00f5lves said nad osaks julma kohtlemise ja alandamise, mis m\u00f5jutas nende isikuomadusi. . S\u00f5nastatud on \u201cdestruktiivse pedagoogika\u201d p\u00f5hiprintsiibid \u2013 allasuruv ja sandistav lapsekasvatus. <\/br><\/p>","protected":false},"excerpt":{"rendered":"<p>Autor: Miller Alis T\u00f5lkija: Silaeva IV V\u00e4ljaandja: Academic Project, 2019 Lehek\u00fclgi: 296 (Nihe) Formaat : 22,2 x 16 x<\/p>","protected":false},"featured_media":5715,"comment_status":"open","ping_status":"open","template":"","meta":[],"product_brand":[],"product_cat":[58],"product_tag":[],"class_list":{"0":"post-5714","1":"product","2":"type-product","3":"status-publish","4":"has-post-thumbnail","6":"product_cat-psychological-literature","8":"first","9":"outofstock","10":"product-type-simple"},"_links":{"self":[{"href":"https:\/\/shercards.com\/et\/wp-json\/wp\/v2\/product\/5714","targetHints":{"allow":["GET"]}}],"collection":[{"href":"https:\/\/shercards.com\/et\/wp-json\/wp\/v2\/product"}],"about":[{"href":"https:\/\/shercards.com\/et\/wp-json\/wp\/v2\/types\/product"}],"replies":[{"embeddable":true,"href":"https:\/\/shercards.com\/et\/wp-json\/wp\/v2\/comments?post=5714"}],"wp:featuredmedia":[{"embeddable":true,"href":"https:\/\/shercards.com\/et\/wp-json\/wp\/v2\/media\/5715"}],"wp:attachment":[{"href":"https:\/\/shercards.com\/et\/wp-json\/wp\/v2\/media?parent=5714"}],"wp:term":[{"taxonomy":"product_brand","embeddable":true,"href":"https:\/\/shercards.com\/et\/wp-json\/wp\/v2\/product_brand?post=5714"},{"taxonomy":"product_cat","embeddable":true,"href":"https:\/\/shercards.com\/et\/wp-json\/wp\/v2\/product_cat?post=5714"},{"taxonomy":"product_tag","embeddable":true,"href":"https:\/\/shercards.com\/et\/wp-json\/wp\/v2\/product_tag?post=5714"}],"curies":[{"name":"wp","href":"https:\/\/api.w.org\/{rel}","templated":true}]}}