{"id":5717,"date":"2024-08-04T19:47:41","date_gmt":"2024-08-04T19:47:41","guid":{"rendered":"https:\/\/shercards.com\/index.php\/product\/the-power-of-the-other-hand-unlocking-the-capabilities-of-the-right-hemisphere\/"},"modified":"2025-10-20T10:33:43","modified_gmt":"2025-10-20T10:33:43","slug":"the-power-of-the-other-hand-unlocking-the-capabilities-of-the-right-hemisphere","status":"publish","type":"product","link":"https:\/\/shercards.com\/et\/toode\/the-power-of-the-other-hand-unlocking-the-capabilities-of-the-right-hemisphere\/","title":{"rendered":"\u201cTeise k\u00e4e j\u00f5ud. Parema ajupoolkera v\u00f5imaluste avamine\u201d"},"content":{"rendered":"<p>Autor: Lucia Capaccione<\/p>\n<p> Kirjastaja: Genesis<\/p>\n<p> Tehnilised andmed: k\u00f5va k\u00f6ide, 208 lk.<\/p>\n<p> Miks on \u00fchiskond sajandeid valinud \u00fche k\u00e4e teise asemel? Miks on paremak\u00e4elisel nii raske vasaku k\u00e4ega teha lihtsamaid toiminguid ja vasakuk\u00e4elisel parema k\u00e4ega? Miks v\u00f5ib peaaegu iga\u00fcks muutuda kahek\u00e4eliseks (inimeseks, kes on hea kahe k\u00e4ega)?<\/p>\n<p> Autor r\u00e4\u00e4gib huumori ja eluarmastusega, kuidas ta kasutas esimest korda oma vasakut k\u00e4tt (ta on paremak\u00e4eline) joonistamisel ja kirjutamisel ning avastas enda jaoks h\u00e4mmastava treeningu ja teraapia allika. Tuginedes ajaloolistele t\u00f5enditele, teaduslikule teooriale ja neurops\u00fchholoogilistele uuringutele, kirjeldab Lucia Capaccione v\u00f5imalusi, millest me ilma j\u00e4\u00e4me, kui otsustame kasutada igap\u00e4evastes \u00fclesannetes ainult \u00fchte k\u00e4tt ja seega ei treeni teist poolkera. Raamat koosneb teoreetilistest andmetest ja praktilistest v\u00f5tetest; kirjeldatud harjutusi on autor kasutanud oma t\u00f6\u00f6s ps\u00fchholoogi ja kunstiterapeudina aastak\u00fcmneid.<br \/>V\u00e4ljaanne on m\u00f5eldud nii spetsialistidele kui ka lugejatele, kes on huvitatud ps\u00fchholoogiast, kunstiteraapiast ja loomingulisest enesearengust.<\/p>","protected":false},"excerpt":{"rendered":"<p>Autor: Lucia Capaccione Kirjastaja: Genesis Spetsifikatsioonid: k\u00f5va k\u00f6ide, 208 lk. Miks on \u00fchiskond valinud sajandeid \u00fche k\u00e4e teise asemel?<\/p>","protected":false},"featured_media":5718,"comment_status":"open","ping_status":"open","template":"","meta":[],"product_brand":[],"product_cat":[58],"product_tag":[],"class_list":{"0":"post-5717","1":"product","2":"type-product","3":"status-publish","4":"has-post-thumbnail","6":"product_cat-psychological-literature","8":"first","9":"outofstock","10":"product-type-simple"},"_links":{"self":[{"href":"https:\/\/shercards.com\/et\/wp-json\/wp\/v2\/product\/5717","targetHints":{"allow":["GET"]}}],"collection":[{"href":"https:\/\/shercards.com\/et\/wp-json\/wp\/v2\/product"}],"about":[{"href":"https:\/\/shercards.com\/et\/wp-json\/wp\/v2\/types\/product"}],"replies":[{"embeddable":true,"href":"https:\/\/shercards.com\/et\/wp-json\/wp\/v2\/comments?post=5717"}],"wp:featuredmedia":[{"embeddable":true,"href":"https:\/\/shercards.com\/et\/wp-json\/wp\/v2\/media\/5718"}],"wp:attachment":[{"href":"https:\/\/shercards.com\/et\/wp-json\/wp\/v2\/media?parent=5717"}],"wp:term":[{"taxonomy":"product_brand","embeddable":true,"href":"https:\/\/shercards.com\/et\/wp-json\/wp\/v2\/product_brand?post=5717"},{"taxonomy":"product_cat","embeddable":true,"href":"https:\/\/shercards.com\/et\/wp-json\/wp\/v2\/product_cat?post=5717"},{"taxonomy":"product_tag","embeddable":true,"href":"https:\/\/shercards.com\/et\/wp-json\/wp\/v2\/product_tag?post=5717"}],"curies":[{"name":"wp","href":"https:\/\/api.w.org\/{rel}","templated":true}]}}