{"id":5720,"date":"2024-08-04T19:48:37","date_gmt":"2024-08-04T19:48:37","guid":{"rendered":"https:\/\/shercards.com\/index.php\/product\/when-there-is-too-much-love-what-interferes-with-my-happiness\/"},"modified":"2025-10-20T10:33:43","modified_gmt":"2025-10-20T10:33:43","slug":"when-there-is-too-much-love-what-interferes-with-my-happiness","status":"publish","type":"product","link":"https:\/\/shercards.com\/et\/toode\/when-there-is-too-much-love-what-interferes-with-my-happiness\/","title":{"rendered":"&quot;Kui armastust on &quot;liiga palju&quot;. Mis segab mu \u00f5nne?"},"content":{"rendered":"<p>Autor: Valentina Moskalenko, meditsiiniprofessor ja pereps\u00fchhoterapeut<br \/> Omadused: k\u00f5va k\u00f6ide, 288 lehek\u00fclge, suurus -nbsp;60X90\/16<br \/>\u201cKui armastust on liiga palju\u201d on raamat, mis aitab v\u00e4ltida vigu l\u00e4hedaste suhetes. Selle kirjutas pereps\u00fchhoterapeut ja meditsiiniteaduste doktor Valentina Dmitrievna Moskalenko.<br \/>Raamatust saate teada: nbsp; <\/p>\n<ul>\n<li>miks k\u00f5igest j\u00f5ust armastamisest ei piisa;<\/li>\n<li>miks sa teed midagi armastuse nimel ja tunned end ikkagi \u00f5nnetuna;<\/li>\n<li>kuidas meie vanemate suhted m\u00f5jutavad meie omi;&lt;\/li&gt;\n<li>miks on m\u00f5nikord vaja v\u00e4ljendada rahulolematust;<\/li>\n<li>miks on oluline teadvustada oma isiksuse piire;<\/li>\n<li>miks on enesearmastus ligimese armastamiseks vajalik ja mille poolest see erineb isekusest.&lt;\/li&gt; <\/ul>\n<p> Keda see v\u00e4ljaanne huvitab: nbsp; <\/p>\n<ul>\n<li>k\u00f5ik, kes tunnevad muret isiklike suhete p\u00e4rast;<\/li>\n<li>k\u00f5ik, kes tunnevad huvi isiksuseps\u00fchholoogia ja enesearengu raamatute vastu;<\/li>\n<li>inimesed, kes soovivad leida armastust ja saada \u00f5nnelikuks;&lt;\/li&gt;\n<li>need, kes on abielus \u00f5nnetud, kuigi annavad end t\u00e4ielikult perekonnale.<\/li>\n<\/ul>\n<p> 5 p\u00f5hjust raamatu \u201cKui armastust on liiga palju\u201d ostmiseks: nbsp; <\/p>\n<li>Kummutatakse 12 levinud m\u00fc\u00fcti, mille suhteajakirjad peale suruvad;<\/li>\n<li>paljudele l\u00e4hedasi olukordi anal\u00fc\u00fcsitakse reaalsete n\u00e4idete abil;<\/li>\n<li>autor annab konkreetseid soovitusi tervete suhete loomiseks;<\/li>\n<li>autor r\u00e4\u00e4gib julgelt intiimsuhetest ja t\u00e4hendab nende all mitte ainult seksi;<\/li>\n<li>raamat sisaldab ulatuslikku lisa: v\u00f5rdlustabelid, s\u00f5ltuvuspuu, testid, harjutused ja palju muud huvitavat materjali, mis aitavad enda ja suhete kallal t\u00f6\u00f6d teha.<\/li>\n<p> <\/br><\/br><\/p>","protected":false},"excerpt":{"rendered":"<p>Autor: Valentina Moskalenko, meditsiiniprofessor ja pereps\u00fchhoterapeut Tunnused: k\u00f5va k\u00f6ide, 288 lk, suurus -nbsp;60X90\/16\u201cKui armastust on liiga palju\u201d<\/p>","protected":false},"featured_media":5721,"comment_status":"open","ping_status":"open","template":"","meta":[],"product_brand":[],"product_cat":[58],"product_tag":[],"class_list":{"0":"post-5720","1":"product","2":"type-product","3":"status-publish","4":"has-post-thumbnail","6":"product_cat-psychological-literature","8":"first","9":"outofstock","10":"product-type-simple"},"_links":{"self":[{"href":"https:\/\/shercards.com\/et\/wp-json\/wp\/v2\/product\/5720","targetHints":{"allow":["GET"]}}],"collection":[{"href":"https:\/\/shercards.com\/et\/wp-json\/wp\/v2\/product"}],"about":[{"href":"https:\/\/shercards.com\/et\/wp-json\/wp\/v2\/types\/product"}],"replies":[{"embeddable":true,"href":"https:\/\/shercards.com\/et\/wp-json\/wp\/v2\/comments?post=5720"}],"wp:featuredmedia":[{"embeddable":true,"href":"https:\/\/shercards.com\/et\/wp-json\/wp\/v2\/media\/5721"}],"wp:attachment":[{"href":"https:\/\/shercards.com\/et\/wp-json\/wp\/v2\/media?parent=5720"}],"wp:term":[{"taxonomy":"product_brand","embeddable":true,"href":"https:\/\/shercards.com\/et\/wp-json\/wp\/v2\/product_brand?post=5720"},{"taxonomy":"product_cat","embeddable":true,"href":"https:\/\/shercards.com\/et\/wp-json\/wp\/v2\/product_cat?post=5720"},{"taxonomy":"product_tag","embeddable":true,"href":"https:\/\/shercards.com\/et\/wp-json\/wp\/v2\/product_tag?post=5720"}],"curies":[{"name":"wp","href":"https:\/\/api.w.org\/{rel}","templated":true}]}}