{"id":5727,"date":"2024-08-04T19:48:37","date_gmt":"2024-08-04T19:48:37","guid":{"rendered":"https:\/\/shercards.com\/index.php\/product\/sources-of-conscious-living-turn-problems-into-resources\/"},"modified":"2025-10-20T10:31:15","modified_gmt":"2025-10-20T10:31:15","slug":"sources-of-conscious-living-turn-problems-into-resources","status":"publish","type":"product","link":"https:\/\/shercards.com\/et\/toode\/sources-of-conscious-living-turn-problems-into-resources\/","title":{"rendered":"\u201cTeadliku elu allikad. Muutke probleemid ressurssideks&quot;"},"content":{"rendered":"<p>Autor: Elizabeth Lucas<br \/> Omadused: k\u00f5va k\u00f6ide, 160 lehek\u00fclge, suurus -nbsp;60X90\/16<br \/>\u201cTeadliku elu allikad. Muuda probleemid ressurssideks\u201d \u2013 kuulsa Austria ps\u00fchhoterapeudi Elisabeth Lucase raamat. Selles v\u00e4ljaandes juhib suure Viktor Frankli j\u00e4rgija lugejaid olulistele allikatele, millest iga inimene saab ammutada j\u00f5udu ja motivatsiooni elamiseks, r\u00f5\u00f5mustamiseks ja loomiseks. Autori filosoofia on lihtne: pole lootusetuid olukordi, iga kriis v\u00f5ib muutuda ressursiks, saada uueks kasvu- ja isikliku arengu punktiks.<br \/> Raamatust leiate: nbsp; <\/p>\n<ul>\n<li>\u00fcheksa peat\u00fckki, millest iga\u00fcks osutab valdkonnale, kust v\u00f5ime leida uusi eluj\u00f5u ja inspiratsiooni allikaid;<\/li>\n<li>n\u00e4iteid autori rikkalikust praktikast, milles lugejad tunnevad \u00e4ra ennast ja oma probleeme ning leiavad ka v\u00f5imalusi nende lahendamiseks;<\/li>\n<li>Viktor Frankli ja teiste kuulsate ps\u00fchhoteraapia valdkonna ekspertide v\u00e4idete anal\u00fc\u00fcs;<\/li>\n<li>lohutuss\u00f5nad, mis on toeks rasketes eluolukordades.<\/li>\n<\/ul>\n<p> Keda see v\u00e4ljaanne huvitab: nbsp; <\/p>\n<ul>\n<li>k\u00f5ik populaarse ps\u00fchholoogia raamatute armastajad;<\/li>\n<li>inimesed, kes on raskes olukorras, kriisis v\u00f5i meeleheites;<\/li>\n<li>neile, kes on huvitatud logoteraapiast, Viktor Frankli ja tema \u00f5pilaste p\u00e4randist.<\/li>\n<\/ul>\n<p> Tsitaadid: <br \/>&quot;T\u00e4hendust v\u00f5ib v\u00f5rrelda \u00f5huga: seda m\u00e4letatakse ainult selle puudumisel.&quot; <br \/>\u201c\u00d5nn ei ole kuidagi seotud elu v\u00e4lise poolega, seda ei saa saavutada millegi v\u00f5i kellegi omamise kaudu; vastupidi, see on puhtalt sisemine n\u00e4htus, omamoodi vaimne maitseaine inimeksistentsile. S\u00fcmboolselt v\u00f5ib \u00f5nnelikku inimest ette kujutada &quot;alasti&quot;. <br \/>&quot;Inimene, kes elab pidevas \u00e4revuses, kardab kannatusi rohkem kui midagi muud.&quot;<br \/>5 p\u00f5hjust, miks osta raamat \u201cTeadliku elu allikad. Muutke probleemid ressurssideks&quot;:nbsp; <\/p>\n<li>Elizabeth Lucas pole mitte ainult t\u00f5sine teoreetik, vaid ka praktik, kellel on aastatepikkune n\u00f5ustamiskogemus;<\/li>\n<li>autor kirjutab l\u00e4htudes logoteraapia meetodist, mille p\u00f5hiideeks on t\u00e4henduse otsimine;<\/li>\n<li>suur hulk reaalseid n\u00e4iteid autori praktikast koos kommentaaride ja selgitustega;<\/li>\n<li>Elisabeth Lucas on Viktor Frankli, kuulsa ps\u00fchholoogi, filosoofi ja m\u00f5tleja, logoteraapia meetodi rajaja l\u00e4him \u00f5pilane;<\/li>\n<li>autor pakub erakordseid eluressursside, motivatsiooni ja inspiratsiooni allikaid: n\u00e4iteks t\u00e4hendust, usku, huumorit, head kirjandust, vaikust ja isegi raskeid olukordi ja kriise.<\/li>","protected":false},"excerpt":{"rendered":"<p>Autor: Elizabeth Lucas Tunnused: k\u00f5va k\u00f6ide, 160 lk, suurus -nbsp;60X90\/16\u201cTeadliku elu allikad. Muuda probleemid ressurssideks\u201d \u2013 raamat<\/p>","protected":false},"featured_media":5728,"comment_status":"open","ping_status":"open","template":"","meta":[],"product_brand":[],"product_cat":[58],"product_tag":[],"class_list":{"0":"post-5727","1":"product","2":"type-product","3":"status-publish","4":"has-post-thumbnail","6":"product_cat-psychological-literature","8":"first","9":"outofstock","10":"product-type-simple"},"_links":{"self":[{"href":"https:\/\/shercards.com\/et\/wp-json\/wp\/v2\/product\/5727","targetHints":{"allow":["GET"]}}],"collection":[{"href":"https:\/\/shercards.com\/et\/wp-json\/wp\/v2\/product"}],"about":[{"href":"https:\/\/shercards.com\/et\/wp-json\/wp\/v2\/types\/product"}],"replies":[{"embeddable":true,"href":"https:\/\/shercards.com\/et\/wp-json\/wp\/v2\/comments?post=5727"}],"wp:featuredmedia":[{"embeddable":true,"href":"https:\/\/shercards.com\/et\/wp-json\/wp\/v2\/media\/5728"}],"wp:attachment":[{"href":"https:\/\/shercards.com\/et\/wp-json\/wp\/v2\/media?parent=5727"}],"wp:term":[{"taxonomy":"product_brand","embeddable":true,"href":"https:\/\/shercards.com\/et\/wp-json\/wp\/v2\/product_brand?post=5727"},{"taxonomy":"product_cat","embeddable":true,"href":"https:\/\/shercards.com\/et\/wp-json\/wp\/v2\/product_cat?post=5727"},{"taxonomy":"product_tag","embeddable":true,"href":"https:\/\/shercards.com\/et\/wp-json\/wp\/v2\/product_tag?post=5727"}],"curies":[{"name":"wp","href":"https:\/\/api.w.org\/{rel}","templated":true}]}}