{"id":5730,"date":"2024-08-04T19:48:37","date_gmt":"2024-08-04T19:48:37","guid":{"rendered":"https:\/\/shercards.com\/index.php\/product\/how-not-to-get-lost-in-the-labyrinth-of-psychosomatics-but-simply-get-out-of-it\/"},"modified":"2025-10-20T10:31:15","modified_gmt":"2025-10-20T10:31:15","slug":"how-not-to-get-lost-in-the-labyrinth-of-psychosomatics-but-simply-get-out-of-it","status":"publish","type":"product","link":"https:\/\/shercards.com\/et\/toode\/how-not-to-get-lost-in-the-labyrinth-of-psychosomatics-but-simply-get-out-of-it\/","title":{"rendered":"&quot;Kuidas mitte eksida ps\u00fchhosomaatika lab\u00fcrinti, vaid sealt lihtsalt v\u00e4lja tulla&quot;"},"content":{"rendered":"<p>Autor: Kolendo-Smirnova Anastasia \u2013 ps\u00fchholoog, h\u00fcpnoterapeut. Ps\u00fchhosomaatikaga t\u00f6\u00f6tamise spetsialist, ps\u00fchholoogiliste m\u00e4ngude \u201cPsycho\u201d, \u201cPsychosomatics\u201d jt autor, raamatute, metafoorikaartide, koolituste, koolituste, artiklite autor, Ida-Euroopa H\u00fcpnoterapeutide ja Kliiniliste Ps\u00fchholoogide Assotsiatsiooni liige.<br \/>Tehnilised andmed: k\u00f5va k\u00f6ide, 128 lehek\u00fclge, 2019<br \/> Kirjastaja: Variant<br \/>Raamatus \u201cKuidas mitte eksida ps\u00fchhosomaatika lab\u00fcrinti, vaid sealt lihtsalt v\u00e4lja tulla!\u201d Ps\u00fchhosomaatikaga tegelemisele spetsialiseerunud autor jagab oma isiklikku kogemust s\u00fcmptomitega v\u00f5itlemisest ja nendest \u00fclesaamisest ning n\u00e4itab oma t\u00f6\u00f6praktika n\u00e4idete varal ka v\u00f5imalikke v\u00e4ljundeid \u201clab\u00fcrindist\u201d.<br \/>Raamat aitab nii spetsialistidel kui ka v\u00f5hikutel orienteeruda ps\u00fchhosomaatilise suuna keerulistes keerukustes ja teooriates. Lugeja leiab raamatust nii lihtsalt ja k\u00e4ttesaadava teooria kui ka praktilisi v\u00f5tteid, mida saab kasutada nii iseseisvalt kui ka erialases tegevuses.<br \/> Raamatust leiate: <\/p>\n<ul>\n<li>Kirjeldus selle kohta, kuidas inimene s\u00fcmptomeid avastab ja milliseid meetmeid ta probleemi lahendamiseks v\u00f5tab<\/li>\n<li>Millised tegevused ps\u00fchhosomaatilise s\u00fcmptomi ravimisel ei anna tulemusi<\/li>\n<li>Mida on vaja teha, et minna tervenemise teele<\/li>\n<li>Palju n\u00e4iteid autori praktikast, aga ka isiklik kogemus<\/li>\n<li>Ps\u00fchholoogilised harjutused ja tehnikad<\/li>\n<\/ul>\n<p> See v\u00e4ljaanne pakub huvi: <\/p>\n<ul>\n<li>K\u00f5ik, keda see teema huvitab<\/li>\n<li >Need, kellel on ps\u00fchhosomaatiline s\u00fcmptom ja selle vastu ei aita miski<\/li>\n<li>Need, kes soovivad iseseisvalt m\u00f5ista oma ps\u00fchhosomaatika p\u00f5hjuseid<\/li>\n<li>Algajad ja juba praktiseerivad ps\u00fchholoogid, kes alles alustavad selles vallas t\u00f6\u00f6d<\/li>\n<li>Spetsialistid, kes on huvitatud konkreetselt ps\u00fchhosomaatikale spetsialiseerunud kolleegi vaatenurgast<\/li>\n<li>Iga\u00fcks, kes vajab konkreetseid t\u00f6\u00f6riistu, millega ps\u00fchhosomaatilise probleemiga tegelema hakata<\/li>\n<\/ul>\n<p> Tsitaadid:<br \/> \u201cSiin on klassikaline versioon sellest, kuidas inimesed satuvad ps\u00fchhosomaatika lab\u00fcrinti. Pealegi juhtub see enamasti inimese jaoks t\u00e4iesti ootamatul hetkel. V\u00e4hemalt nii ta arvab. J\u00e4rsku ilmneb teatud s\u00fcmptom: valu \u00fches organis, l\u00e4mbumine, iiveldus, s\u00fcdamepekslemine jne.<br \/> \u201cInimene avab ukse, mis, nagu talle tundub, viib vabadusse. Ta on t\u00e4iesti kindel, et tema \u00fcmber on kauaoodatud ruum ja lab\u00fcrindi k\u00e4igud j\u00e4\u00e4vad maha. Aga see... on vaid tunne! Tegelikult seisab ta tohutus lab\u00fcrindisaalis, mille seintele on projitseeritud pildid tegelikkusest. Illusioon. Segage. Fantaasia. Mida iganes, aga mitte objektiivset reaalsust. Kuigi sa v\u00f5id elada nende illusoorsete seinte vahel terve elu, m\u00f5istmata toimuva olemust.<br \/> \u201cKui naaseme metafooriliselt lab\u00fcrinti, siis v\u00f5ime seda ebak\u00f5la ette kujutada soovina sellest v\u00e4lja tulla ja soovina selles p\u00fcsida. Sellest, et inimene on lab\u00fcrindi sees ja k\u00f5nnib sealt l\u00e4bi, v\u00f5ib ju leida ka plusse ja miinuseid, eeliseid ja t\u00e4hendusi. Mis need on?&quot;<br \/>Seda raamatut tasub osta, sest: <\/p>\n<ul>\n<li>Selle on kirjutanud ligip\u00e4\u00e4setavas keeles ps\u00fchhosomaatika valdkonna spetsialist<\/li>\n<li>Raamat v\u00f5imaldab iseseisvalt m\u00f5ista ps\u00fchhosomaatika keerulisi teooriaid<\/li>\n<li>Suur hulk praktilisi n\u00e4iteid ja harjutusi<\/li>\n<li>Raamat ei vasta mitte ainult k\u00fcsimusele &quot;Mis?&quot;, vaid vastab ka k\u00fcsimusele &quot;Kuidas?&quot;<\/li>\n<\/ul>\n<p> &lt;\/br&gt;<\/p>","protected":false},"excerpt":{"rendered":"<p>Autor: Kolendo-Smirnova Anastasia \u2013 ps\u00fchholoog, h\u00fcpnoterapeut. Ps\u00fchhosomaatikaga t\u00f6\u00f6tamise spetsialist, ps\u00fchholoogiliste m\u00e4ngude \u201cPsycho\u201d, \u201cPsychosomatics\u201d jt autor, autor<\/p>","protected":false},"featured_media":5731,"comment_status":"open","ping_status":"open","template":"","meta":[],"product_brand":[],"product_cat":[58],"product_tag":[],"class_list":{"0":"post-5730","1":"product","2":"type-product","3":"status-publish","4":"has-post-thumbnail","6":"product_cat-psychological-literature","8":"first","9":"outofstock","10":"product-type-simple"},"_links":{"self":[{"href":"https:\/\/shercards.com\/et\/wp-json\/wp\/v2\/product\/5730","targetHints":{"allow":["GET"]}}],"collection":[{"href":"https:\/\/shercards.com\/et\/wp-json\/wp\/v2\/product"}],"about":[{"href":"https:\/\/shercards.com\/et\/wp-json\/wp\/v2\/types\/product"}],"replies":[{"embeddable":true,"href":"https:\/\/shercards.com\/et\/wp-json\/wp\/v2\/comments?post=5730"}],"wp:featuredmedia":[{"embeddable":true,"href":"https:\/\/shercards.com\/et\/wp-json\/wp\/v2\/media\/5731"}],"wp:attachment":[{"href":"https:\/\/shercards.com\/et\/wp-json\/wp\/v2\/media?parent=5730"}],"wp:term":[{"taxonomy":"product_brand","embeddable":true,"href":"https:\/\/shercards.com\/et\/wp-json\/wp\/v2\/product_brand?post=5730"},{"taxonomy":"product_cat","embeddable":true,"href":"https:\/\/shercards.com\/et\/wp-json\/wp\/v2\/product_cat?post=5730"},{"taxonomy":"product_tag","embeddable":true,"href":"https:\/\/shercards.com\/et\/wp-json\/wp\/v2\/product_tag?post=5730"}],"curies":[{"name":"wp","href":"https:\/\/api.w.org\/{rel}","templated":true}]}}