{"id":5751,"date":"2024-08-04T19:49:37","date_gmt":"2024-08-04T19:49:37","guid":{"rendered":"https:\/\/shercards.com\/index.php\/product\/metaphorical-cards-in-psychotherapy-of-anxiety-phobic-disorders-algorithms-techniques-schemes\/"},"modified":"2025-10-20T10:31:15","modified_gmt":"2025-10-20T10:31:15","slug":"metaphorical-cards-in-psychotherapy-of-anxiety-phobic-disorders-algorithms-techniques-schemes","status":"publish","type":"product","link":"https:\/\/shercards.com\/et\/toode\/metaphorical-cards-in-psychotherapy-of-anxiety-phobic-disorders-algorithms-techniques-schemes\/","title":{"rendered":"&quot;Metafoorilised kaardid \u00e4revus-foobsete h\u00e4irete ps\u00fchhoteraapias: algoritmid, tehnikad, skeemid&quot;"},"content":{"rendered":"<p>\u00d5ppematerjalide kogumine<br \/>Autor: NV Buravtsova<br \/> Suurus: 14,8 x 21 cm, paks paber, matt lamineerimine.<br \/>\u00d5ppematerjalide kogu sisaldab p\u00f5him\u00f5isteid, diagramme, tehnikaid ja algoritme metafoorsete assotsiatiivsete kaartide kasutamiseks ps\u00fchhoteraapias isikliku \u00e4revuse, obsessiivsete hirmude, paanikahoogude ja muude \u00e4revus-foobsete h\u00e4irete ilmingute korral.<br \/>See kollektsioon on mapp ja 16 kaarti (A5 formaadis), mis on prinditud paksule paberile mati lamineerimisega. Iga tehnika asetatakse eraldi kahepoolsele kaardile.<br \/>See sisaldab: <\/p>\n<ul>\n<li>t\u00f6\u00f6 eesm\u00e4rk,<\/li>\n<li>soovitused teatud MAC-komplektide kasutamiseks,<\/li>\n<li>samm-sammuline algoritm tehnika v\u00f5i algoritmi kasutamiseks, <\/li>\n<li>\u00fcksikasjalik skeem, kaartide paigutuse j\u00e4rjekord ja j\u00e4rjestus.<\/li>\n<\/ul>\n<p> M\u00f5ne tehnika puhul on lisaks n\u00e4idatud, millisel juhul ja millises t\u00f6\u00f6etapis on seda k\u00f5ige parem kasutada; m\u00f5ned selgitavad uue k\u00e4itumise kujunemise ps\u00fchholoogilisi mehhanisme; ja \u201cHirmu lab\u00fcrindi\u201d tehnika jaoks on v\u00e4lja pakutud lab\u00fcrindi skemaatiline joonis ja p\u00f5hjendatud, millal on seda efektiivsem kasutada ja millal kliendi enda joonistus.<br \/>Kokku sisaldab kollektsioon 15 t\u00f5husat patenteeritud tehnikat.<br \/>Eraldi kaardil on toodud hulk teoreetilisi m\u00f5isteid ja m\u00e4\u00e4ratlusi, mis annavad \u00fcldise ettekujutuse obsessiivsetest hirmudest, foobiatest ja paanikahoogudest; on antud adekvaatsuse \u2013 hirmude ebaadekvaatsuse parameetrid; Soovitused on antud metafoorsete assotsiatiivsete kaartide valimiseks ja kasutamiseks.<br \/>Iga tehnikaga t\u00f6\u00f6tamise orienteeruv aeg on umbes 35-45 minutit, st \u00fche seansi jaoks on vaja kasutada ainult \u00fchte kaarti.<br \/>Mugav kirjasuurus ja diagrammid v\u00f5imaldavad kaarte kasutada ilma suurema pingutuseta ja pingevabalt.<br \/>Sisu: <\/p>\n<ul>\n<li>P\u00f5him\u00f5isted ja soovitused<\/li>\n<li>Norm - patoloogia<\/li>\n<li>Varjatud t\u00e4hendused<\/li>\n<li>S\u00fc\u017eeeskeemid<\/li>\n<li>Neljapoolne anal\u00fc\u00fcs<\/li>\n<li>Suhtumine, hoiakud, teod<\/li>\n<li>Pentagramm<\/li>\n<li>Piirangud ja eelised<\/li>\n<li>Paanikar\u00fcnnakute v\u00f5rk<\/li>\n<li>Aktsepteerimine ja toimetulek<\/li>\n<li>Hirmu lab\u00fcrint<\/li>\n<li>\u00c4revuse pendel<\/li>\n<li>Liblikas<\/li>\n<li>Eneset\u00f5husus<\/li>\n<li>Sild<\/li>\n<li>Lift<\/li>\n<\/ul>\n<p> Soovitused MAC-komplektide valimiseks:<br \/>Kuna obsessiivset hirmu on sadu sorte, on v\u00f5imatu neid k\u00f5iki \u00fches temaatilises metafoorsete kaartide komplektis katta. Seet\u00f5ttu saate TDF-iga t\u00f6\u00f6tamiseks kasutada mis tahes kaarte, mida klient seostab oma konkreetse hirmuga (olukorra v\u00f5i isikuga).<br \/> <\/br><\/p>","protected":false},"excerpt":{"rendered":"<p>\u00d5ppematerjalide kogu Autor: NV Buravtsova Suurus: 14,8 x 21 cm, paks paber, matt lamineerimine.\u00d5ppematerjalide kogu sisaldab<\/p>","protected":false},"featured_media":5752,"comment_status":"open","ping_status":"open","template":"","meta":[],"product_brand":[],"product_cat":[41],"product_tag":[],"class_list":{"0":"post-5751","1":"product","2":"type-product","3":"status-publish","4":"has-post-thumbnail","6":"product_cat-books-on-metaphorical-cards","8":"first","9":"outofstock","10":"product-type-simple"},"_links":{"self":[{"href":"https:\/\/shercards.com\/et\/wp-json\/wp\/v2\/product\/5751","targetHints":{"allow":["GET"]}}],"collection":[{"href":"https:\/\/shercards.com\/et\/wp-json\/wp\/v2\/product"}],"about":[{"href":"https:\/\/shercards.com\/et\/wp-json\/wp\/v2\/types\/product"}],"replies":[{"embeddable":true,"href":"https:\/\/shercards.com\/et\/wp-json\/wp\/v2\/comments?post=5751"}],"wp:featuredmedia":[{"embeddable":true,"href":"https:\/\/shercards.com\/et\/wp-json\/wp\/v2\/media\/5752"}],"wp:attachment":[{"href":"https:\/\/shercards.com\/et\/wp-json\/wp\/v2\/media?parent=5751"}],"wp:term":[{"taxonomy":"product_brand","embeddable":true,"href":"https:\/\/shercards.com\/et\/wp-json\/wp\/v2\/product_brand?post=5751"},{"taxonomy":"product_cat","embeddable":true,"href":"https:\/\/shercards.com\/et\/wp-json\/wp\/v2\/product_cat?post=5751"},{"taxonomy":"product_tag","embeddable":true,"href":"https:\/\/shercards.com\/et\/wp-json\/wp\/v2\/product_tag?post=5751"}],"curies":[{"name":"wp","href":"https:\/\/api.w.org\/{rel}","templated":true}]}}