{"id":5754,"date":"2024-08-04T19:50:40","date_gmt":"2024-08-04T19:50:40","guid":{"rendered":"https:\/\/shercards.com\/index.php\/product\/emotional-addiction-from-diagnosis-to-coping-strategies\/"},"modified":"2025-10-20T10:17:15","modified_gmt":"2025-10-20T10:17:15","slug":"emotional-addiction-from-diagnosis-to-coping-strategies","status":"publish","type":"product","link":"https:\/\/shercards.com\/et\/toode\/emotional-addiction-from-diagnosis-to-coping-strategies\/","title":{"rendered":"&quot;Emotsionaalne s\u00f5ltuvus: diagnoosimisest toimetulekustrateegiateni&quot;"},"content":{"rendered":"<p>Autor: Maxim Pestov<\/p>\n<p> Tunnused: 176 lk, k\u00f5va k\u00f6ide<\/p>\n<p> Lugejale esitletav t\u00f6\u00f6 pakub teoreetilise ja empiirilise arusaama s\u00f5ltuvuse ja s\u00f5ltuva isiksuset\u00fc\u00fcbi n\u00e4htustest ning kirjelduse emotsionaalse s\u00f5ltuvusega t\u00f6\u00f6tamise strateegiast individuaalse ja grupips\u00fchhoteraapia raames \u2013 see on \u00fcks raskemaid \u00fclesandeid inimese jaoks. practitioner.nbsp;Mitmeid k\u00e4sitletud tehnikaid saab kasutada temaatiliste koolituste korraldamiseks nii emotsionaalse s\u00f5ltuvuse teemal kui ka kehalise tundlikkuse, isiklike piiride ja probleemidega t\u00f6\u00f6tamisel. muud ps\u00fchholoogilised raskused.<br \/> Raamat on suunatud praktiseerivatele terapeutidele, ps\u00fchholoogiliste erialade \u00fcli\u00f5pilastele, aga ka laiale lugejaskonnale, kes on huvitatud ps\u00fchholoogilise s\u00f5ltuvuse probleemidest. <\/br><\/br><\/p>","protected":false},"excerpt":{"rendered":"<p>Autor: Maxim Pestov Tunnused: 176 lk, k\u00f5va k\u00f6ide Lugejale esitatav teos pakub teoreetilise ja empiirilise arusaama<\/p>","protected":false},"featured_media":5755,"comment_status":"open","ping_status":"closed","template":"","meta":[],"product_brand":[],"product_cat":[58],"product_tag":[],"class_list":{"0":"post-5754","1":"product","2":"type-product","3":"status-publish","4":"has-post-thumbnail","6":"product_cat-psychological-literature","8":"first","9":"outofstock","10":"product-type-simple"},"_links":{"self":[{"href":"https:\/\/shercards.com\/et\/wp-json\/wp\/v2\/product\/5754","targetHints":{"allow":["GET"]}}],"collection":[{"href":"https:\/\/shercards.com\/et\/wp-json\/wp\/v2\/product"}],"about":[{"href":"https:\/\/shercards.com\/et\/wp-json\/wp\/v2\/types\/product"}],"replies":[{"embeddable":true,"href":"https:\/\/shercards.com\/et\/wp-json\/wp\/v2\/comments?post=5754"}],"wp:featuredmedia":[{"embeddable":true,"href":"https:\/\/shercards.com\/et\/wp-json\/wp\/v2\/media\/5755"}],"wp:attachment":[{"href":"https:\/\/shercards.com\/et\/wp-json\/wp\/v2\/media?parent=5754"}],"wp:term":[{"taxonomy":"product_brand","embeddable":true,"href":"https:\/\/shercards.com\/et\/wp-json\/wp\/v2\/product_brand?post=5754"},{"taxonomy":"product_cat","embeddable":true,"href":"https:\/\/shercards.com\/et\/wp-json\/wp\/v2\/product_cat?post=5754"},{"taxonomy":"product_tag","embeddable":true,"href":"https:\/\/shercards.com\/et\/wp-json\/wp\/v2\/product_tag?post=5754"}],"curies":[{"name":"wp","href":"https:\/\/api.w.org\/{rel}","templated":true}]}}