{"id":576,"date":"2024-08-04T11:47:27","date_gmt":"2024-08-04T11:47:27","guid":{"rendered":"https:\/\/shercards.com\/index.php\/product\/metaphorical-cards-happiness-is\/"},"modified":"2025-10-20T10:46:21","modified_gmt":"2025-10-20T10:46:21","slug":"metaphorical-cards-happiness-is","status":"publish","type":"product","link":"https:\/\/shercards.com\/et\/toode\/metaphorical-cards-happiness-is\/","title":{"rendered":"Metafoorilised kaardid &quot;\u00d5NN ON&quot;"},"content":{"rendered":"<p>Autorid: Anna Zakharova, \u017danna Sinitsina<br \/> Kunstnik: Svetlana Zagarina<\/p>\n<p> Pakis on 60 kaarti m\u00f5\u00f5tmetega 120x90x50 mm. Kahepoolse pehme puudutusega lamineeritud papp, \u00fcmarad servad<br \/> Tekk on pakitud puidust pliiatsikarpi. <br \/> Pakile lisatud juhised sisaldavad 5 kaartidega t\u00f6\u00f6tamise tehnika kirjeldust.<\/p>\n<p> MAC-i \u201c\u00d5nn on\u201d saavad kasutada ps\u00fchholoogid, ps\u00fchhoterapeudid, kunstiterapeudid, treenerid, transformatiivsete ps\u00fchholoogiliste m\u00e4ngude esitlejad, metafoorsete assotsiatiivsete kaartidega t\u00f6\u00f6tamise spetsialistid, kaalulangetamise valdkonna spetsialistid.<br \/> Kaarte saab kasutada lisavahendina, et m\u00f5ista liigse kaalut\u00f5usu probleemi, \u00fcles\u00f6\u00f6mise v\u00f5imalikke p\u00f5hjuseid ja \u201cvastumeelsust\u201d lisakilodest loobuda.<br \/> See tekk on oluline; nbsp;osa ps\u00fchholoogilisest diagnostikam\u00e4ngust \u201cBuffet\u201d. Seda saab aga kasutada ka eraldi, lahendades suhete k\u00fcsimusi toidu ja iseendaga.<br \/> Tekk on t\u00f5hus individuaaln\u00f5ustamisel ja r\u00fchmatreeningutel.<\/p>\n<p> Toit on elamiseks vajalik ja seda n\u00e4hakse energiaallikana. Teine asi on ilmne: toit peaks olema nauditav. Esteetiliselt kujundatud roog ei paku ainult silmailu!<br \/> Toit on ka suhtlusvahend \u2013 \u00e4rikohtumised v\u00f5i s\u00f5bralikud koosviibimised ei m\u00f6\u00f6du sageli ilma toidu tarbimiseta. Ja m\u00f5ne jaoks saab toidust tasu, julgustuseks edule, tehtud \u00fclesandele ja teistele vaba aja t\u00e4itjaks, katseks laiskuse ja j\u00f5udeoleku eest p\u00f5geneda. <br \/> Selgub, kuidas inimene suhestub iseendaga l\u00e4bi oma suhte toiduga.<br \/> Nii tekibki j\u00e4rk-j\u00e4rgult ebat\u00f5hus suhe toiduga, mis toob kaasa \u00fcles\u00f6\u00f6mise ja liigse kaalut\u00f5usu. <br \/> Metafoorsete kaartide pakk &quot;\u00d5nn on&quot; aitab teil vastata k\u00fcsimustele:<br \/> Mida toit sinu jaoks t\u00e4hendab? <br \/> Mida sa teed, kui s\u00f6\u00f6d? Kuidas sa end tunned?<br \/>Mis v\u00f5i kes on teie jaoks toit? Mis asendab teie lemmikrooga?<br \/> Mis soodustab \u00fcles\u00f6\u00f6mist?<br \/> Millised emotsioonid ei lase sul kaalust alla v\u00f5tta?<br \/> Millistest harjumustest peaksite loobuma, et kaalust alla v\u00f5tta?<\/p>\n<p> \u201cMinu kaalu eelised\u201d tehnikanbsp;nbsp; <br \/> Autor: \u017danna Sinitsina<br \/> Tehnika aitab v\u00e4lja selgitada p\u00f5hjused, miks \u00fclekaalu olemasolu on kliendile kasulik.<br \/> V\u00f5tke iga k\u00fcsimuse jaoks v\u00e4lja \u00fcks kaart pildiga \u00fclespoole v\u00f5i allapoole:<br \/> 1. Mida ta \u00fctles? Kas ma oleksin \u00fclekaaluline, kui saaksin r\u00e4\u00e4kida?<br \/> 2. Mille eest kaitseb \u00fclekaal mind\/\u00fclekaaluprobleemi\/?<br \/> 3. Mis kasu ma saan \u00fclekaalust?<br \/> 4. Mis kasu ma sellest saan?<\/p>\n<p> Tehnika &quot;Vajad toidu kaudu&quot;<br \/> Autor: \u017danna Sinitsina<br \/> Toiduga rahuldatud vajadused j\u00e4\u00e4vad \u00fcsna sageli teadvustamata. Tehnika aitab teil t\u00e4pselt n\u00e4ha, milliseid vajadusi rahuldatakse ja kuidas neid muul viisil realiseerida.<br \/> V\u00f5tke \u00fcks kaart k\u00fcsimusele avatud:<br \/> 1. Kuidas ma end oma kehas tunnen? Millised emotsioonid tekivad kaarti vaadates?<br \/> Bnbsp;nbsp;suletud, v\u00f5tke v\u00e4lja \u00fcks kaart korraga j\u00e4rgmiste k\u00fcsimuste jaoks:<br \/> 2. Millise vajaduse ma toiduga rahuldan?<br \/> 3. Kuidas ma saan selle vajaduse rahuldada?<br > 4. Kuidas ma end tunnen, kui mu vajadus rahuldatakse teistmoodi?<br \/> 5. Mida ma olen valmis kohe tegema, et soovitud kuvandile l\u00e4hemale j\u00f5uda?<br \/> <\/br><\/p>","protected":false},"excerpt":{"rendered":"<p>Autorid: Anna Zakharova, \u017danna Sinitsina Kunstnik: Svetlana Zagarina Pakis on 60 kaarti m\u00f5\u00f5tmetega 120x90x50 mm. Kahepoolse pehme papp<\/p>","protected":false},"featured_media":577,"comment_status":"open","ping_status":"open","template":"","meta":[],"product_brand":[],"product_cat":[21],"product_tag":[],"class_list":{"0":"post-576","1":"product","2":"type-product","3":"status-publish","4":"has-post-thumbnail","6":"product_cat-psychosomatics-weight-theme","8":"first","9":"outofstock","10":"purchasable","11":"product-type-simple"},"_links":{"self":[{"href":"https:\/\/shercards.com\/et\/wp-json\/wp\/v2\/product\/576","targetHints":{"allow":["GET"]}}],"collection":[{"href":"https:\/\/shercards.com\/et\/wp-json\/wp\/v2\/product"}],"about":[{"href":"https:\/\/shercards.com\/et\/wp-json\/wp\/v2\/types\/product"}],"replies":[{"embeddable":true,"href":"https:\/\/shercards.com\/et\/wp-json\/wp\/v2\/comments?post=576"}],"wp:featuredmedia":[{"embeddable":true,"href":"https:\/\/shercards.com\/et\/wp-json\/wp\/v2\/media\/577"}],"wp:attachment":[{"href":"https:\/\/shercards.com\/et\/wp-json\/wp\/v2\/media?parent=576"}],"wp:term":[{"taxonomy":"product_brand","embeddable":true,"href":"https:\/\/shercards.com\/et\/wp-json\/wp\/v2\/product_brand?post=576"},{"taxonomy":"product_cat","embeddable":true,"href":"https:\/\/shercards.com\/et\/wp-json\/wp\/v2\/product_cat?post=576"},{"taxonomy":"product_tag","embeddable":true,"href":"https:\/\/shercards.com\/et\/wp-json\/wp\/v2\/product_tag?post=576"}],"curies":[{"name":"wp","href":"https:\/\/api.w.org\/{rel}","templated":true}]}}