{"id":5761,"date":"2024-08-04T19:50:40","date_gmt":"2024-08-04T19:50:40","guid":{"rendered":"https:\/\/shercards.com\/index.php\/product\/descent-and-ascent-with-metaphorical-maps\/"},"modified":"2025-10-20T10:14:26","modified_gmt":"2025-10-20T10:14:26","slug":"descent-and-ascent-with-metaphorical-maps","status":"publish","type":"product","link":"https:\/\/shercards.com\/et\/toode\/descent-and-ascent-with-metaphorical-maps\/","title":{"rendered":"&quot;Laskumine ja t\u00f5us metafoorsete kaartidega&quot;"},"content":{"rendered":"<p>Autorid: Elena Ratnikova ja Angelika Gavrik on tuntud oma liivateraapiaalaste raamatute poolest: \u201c\u00d5ppem\u00e4ngud liival\u201d, \u201cM\u00fc\u00fct Yggdrasili puust liivateraapias. T\u00f6\u00f6 vanusega seotud kriisidega\u201d, samuti metafoorikaardid \u201cTrepp: laskumise ja t\u00f5usu metafoor\u201d; K\u00f5rgema Ps\u00fchholoogiakooli liivateraapia kursuste esitlejad.<br \/>Tunnused: k\u00f5va k\u00f6ide, 2020<br \/> Kirjastus &quot;MACards&quot;<br \/>Raamat \u201cMetafoorsete kaartidega laskumine ja t\u00f5us\u201d v\u00f5tab vaatluse alla inimese elutee metafoori. Et t\u00f5usta v\u00f5i uuesti s\u00fcndida, peate laskuma. Laskumine t\u00e4histab kohtumist varjuga, teie probleemide ja hirmudega. Siin inventeerite oma tundeid, juhite emotsioone ja aktsepteerite oma kuvandit. Edasi tuleb teha valik: kuhu minna, millise tempoga, milliste seaduste j\u00e4rgi ja milliseid piire austada. Olles l\u00e4binud oma tunnete uurimise tee, j\u00f5uame paratamatult vastuoluliste seisundite dialektikani, nende harmoniseerimiseni. Ja sellega oleme valmis t\u00f5usma. Metafoorsete kaartidega t\u00f6\u00f6tamine on s\u00fcmboolika v\u00f5i s\u00fcmboliga t\u00f6\u00f6tamise loominguline protsess. Ja s\u00fcmbol k\u00e4ivitab inimeses s\u00fcgava sisemise t\u00f6\u00f6. Peripersonaalse ruumi kohta on olemas teooria, kui inimene tajub visuaalselt kujutist \u2013 s\u00fcmbolit metafoorsel kaardil \u2013 see \u201csiseneb\u201d inimese ruumi, hakates k\u00e4ivitama neuronitasandi transformatsiooniprotsesse. Sellest l\u00e4htuvalt hakkab inimene teistmoodi m\u00f5tlema ja tegutsema.<br \/>Raamatu eeliseks on materjali ja harjutuste temaatiline \u00fclesehitus: t\u00f6\u00f6 varjuga, pilt, kaartide kasutamine pere- ja t\u00f6\u00f6suhetes, laskumine ja t\u00f5us kui tunnete uurimine, elutempo, abi valikul. ja piiride seadmine inimestevahelistes suhetes.nbsp;Harjutuste ainulaadsus seisneb selles, et neid saab sooritada mis tahes metafoorsete kaartide pakiga.<br \/> K\u00e4siraamat on m\u00f5eldud ps\u00fchholoogidele, \u00f5petajatele, sotsiaalt\u00f6\u00f6tajatele, \u00fcli\u00f5pilastele ja \u00fclikoolide \u00f5ppej\u00f5ududele. <\/br><\/br><\/p>","protected":false},"excerpt":{"rendered":"<p>Autorid: Elena Ratnikova ja Angelika Gavrik on tuntud oma liivateraapiaalaste raamatute poolest: \u201c\u00d5ppem\u00e4ngud teemal<\/p>","protected":false},"featured_media":5762,"comment_status":"open","ping_status":"open","template":"","meta":[],"product_brand":[],"product_cat":[41],"product_tag":[],"class_list":{"0":"post-5761","1":"product","2":"type-product","3":"status-publish","4":"has-post-thumbnail","6":"product_cat-books-on-metaphorical-cards","8":"first","9":"outofstock","10":"product-type-simple"},"_links":{"self":[{"href":"https:\/\/shercards.com\/et\/wp-json\/wp\/v2\/product\/5761","targetHints":{"allow":["GET"]}}],"collection":[{"href":"https:\/\/shercards.com\/et\/wp-json\/wp\/v2\/product"}],"about":[{"href":"https:\/\/shercards.com\/et\/wp-json\/wp\/v2\/types\/product"}],"replies":[{"embeddable":true,"href":"https:\/\/shercards.com\/et\/wp-json\/wp\/v2\/comments?post=5761"}],"wp:featuredmedia":[{"embeddable":true,"href":"https:\/\/shercards.com\/et\/wp-json\/wp\/v2\/media\/5762"}],"wp:attachment":[{"href":"https:\/\/shercards.com\/et\/wp-json\/wp\/v2\/media?parent=5761"}],"wp:term":[{"taxonomy":"product_brand","embeddable":true,"href":"https:\/\/shercards.com\/et\/wp-json\/wp\/v2\/product_brand?post=5761"},{"taxonomy":"product_cat","embeddable":true,"href":"https:\/\/shercards.com\/et\/wp-json\/wp\/v2\/product_cat?post=5761"},{"taxonomy":"product_tag","embeddable":true,"href":"https:\/\/shercards.com\/et\/wp-json\/wp\/v2\/product_tag?post=5761"}],"curies":[{"name":"wp","href":"https:\/\/api.w.org\/{rel}","templated":true}]}}