{"id":5765,"date":"2024-08-04T19:50:40","date_gmt":"2024-08-04T19:50:40","guid":{"rendered":"https:\/\/shercards.com\/index.php\/product\/metaphorical-associative-maps-in-the-development-of-financial-success-algorithms-techniques-schemes\/"},"modified":"2025-10-20T10:14:26","modified_gmt":"2025-10-20T10:14:26","slug":"metaphorical-associative-maps-in-the-development-of-financial-success-algorithms-techniques-schemes","status":"publish","type":"product","link":"https:\/\/shercards.com\/et\/toode\/metaphorical-associative-maps-in-the-development-of-financial-success-algorithms-techniques-schemes\/","title":{"rendered":"&quot;Metafoorsed assotsiatiivsed kaardid finantsedu arendamisel: algoritmid, tehnikad, skeemid&quot;"},"content":{"rendered":"<p>\u00d5ppematerjalide kogumine<br \/> Autor: Natalia Buravtsova<br \/> Kirjastaja: MAK-Masterskaya Natalia Buravtsova<br \/> Ilmumisaasta: 2022<br \/> Suurus: 14,8 x 21 cm, paks paber, matt lamineerimine.<\/p>\n<p> Kogumik sisaldab p\u00f5hikontseptsioone, diagramme, tehnikaid ja algoritme metafoorsete assotsiatiivsete kaartide kasutamiseks, mille eesm\u00e4rk on:<br \/> \u2022nbsp;nbsp;nbsp;nbsp;stsenaariumi finantsotsuste teadvustamine ja korrigeerimine;<br \/> \u2022nbsp;nbsp;nbsp ;nbsp;teadliku ja vastutustundliku rahasse suhtumise kujundamine;<br \/> \u2022nbsp;nbsp;nbsp;nbsp;rahalise heaolu arendamine.<\/p>\n<p> Kollektsioon koosneb kaustast ja 16 kahepoolsest kaardist (A5 formaat, paks paber, matt lamineerimine).<br \/> Iga tehnika asetatakse eraldi kaardile.<br \/> Tehnikaga kaardid sisaldavad:<br \/> \u2022nbsp;nbsp;nbsp;nbsp;teave t\u00f6\u00f6 eesm\u00e4rgi ja soovitatavate metafoorikaartide komplektide kohta,<br \/> \u2022nbsp;nbsp; nbsp;nbsp;\u00fcksikasjalik algoritm tehnika kasutamiseks,<br \/> \u2022nbsp;nbsp;nbsp;nbsp;kaardi paigutuse skeem ja j\u00e4rjestus.<br \/> M\u00f5ned tehnikad n\u00e4itavad lisaks, millises t\u00f6\u00f6etapis seda kasutada, m\u00f5ned selgitavad \u00fche v\u00f5i teise rahasse suhtumise kujunemise ps\u00fchholoogilisi mehhanisme.<br \/> Kollektsioon sisaldab 15 t\u00f5husat patenteeritud tehnikat.<br \/> Eraldi kaardil on l\u00fchike teave rahastsenaariumi kontseptsiooni, rahalise m\u00f5tlemise ja finantsotsuste kohta ning soovitused metafoorsete assotsiatiivsete kaartide valikuks ja kasutamiseks.&lt;br&gt; <br \/> Iga tehnikaga t\u00f6\u00f6tamiseks kulub orienteeruvalt 35-45 minutit ehk \u00fcks seanss h\u00f5lmab \u00fche kaardi kasutamist.<\/p>\n<p> Sisu:<br \/> \u2022nbsp;nbsp;nbsp;nbsp; K\u00e4rbes ja raha<br \/> \u2022nbsp;nbsp;nbsp;nbsp;Raha metafoorid<br \/> \u2022nbsp;nbsp;nbsp;nbsp;Rahalised hoiakud<br \/> \u2022nbsp;nbsp;nbsp;nbsp;Rahatoimingud<br \/> \u2022nbsp ;nbsp;nbsp;nbsp;Finantspatroon<br \/> \u2022nbsp;nbsp;nbsp;nbsp;Aastaajad<br \/> \u2022nbsp;nbsp;nbsp;nbsp;Raha vanus<br \/> \u2022nbsp;nbsp;nbsp;nbsp;Kodu rahaline heaolu<br \/> \u2022nbsp;nbsp;nbsp;nbsp;Rahalise k\u00fclluse kasv<br \/> \u2022nbsp;nbsp;nbsp;nbsp;J\u00e4\u00e4m\u00e4gi<br \/> \u2022nbsp;nbsp;nbsp;nbsp;Ihadest teostuseni<br \/> \u2022 nbsp;nbsp;nbsp;nbsp;Finantsedu ressursid<br \/> \u2022nbsp;nbsp;nbsp;nbsp;Rahapuu<br \/> \u2022nbsp;nbsp;nbsp;nbsp;M\u00f5tle \u2013 tegutse \u2013 saavuta<br \/> \u2022nbsp;nbsp; nbsp;nbsp;Sild rahalise edu juurde<\/p>","protected":false},"excerpt":{"rendered":"<p>\u00d5ppematerjalide kogu Autor: Natalia Buravtsova Kirjastaja: MAK-Masterskaja Natalia Buravtsova Ilmumisaasta: 2022 Suurus: 14,8 x 21 cm,<\/p>","protected":false},"featured_media":5766,"comment_status":"open","ping_status":"open","template":"","meta":[],"product_brand":[],"product_cat":[41],"product_tag":[],"class_list":{"0":"post-5765","1":"product","2":"type-product","3":"status-publish","4":"has-post-thumbnail","6":"product_cat-books-on-metaphorical-cards","8":"first","9":"outofstock","10":"product-type-simple"},"_links":{"self":[{"href":"https:\/\/shercards.com\/et\/wp-json\/wp\/v2\/product\/5765","targetHints":{"allow":["GET"]}}],"collection":[{"href":"https:\/\/shercards.com\/et\/wp-json\/wp\/v2\/product"}],"about":[{"href":"https:\/\/shercards.com\/et\/wp-json\/wp\/v2\/types\/product"}],"replies":[{"embeddable":true,"href":"https:\/\/shercards.com\/et\/wp-json\/wp\/v2\/comments?post=5765"}],"wp:featuredmedia":[{"embeddable":true,"href":"https:\/\/shercards.com\/et\/wp-json\/wp\/v2\/media\/5766"}],"wp:attachment":[{"href":"https:\/\/shercards.com\/et\/wp-json\/wp\/v2\/media?parent=5765"}],"wp:term":[{"taxonomy":"product_brand","embeddable":true,"href":"https:\/\/shercards.com\/et\/wp-json\/wp\/v2\/product_brand?post=5765"},{"taxonomy":"product_cat","embeddable":true,"href":"https:\/\/shercards.com\/et\/wp-json\/wp\/v2\/product_cat?post=5765"},{"taxonomy":"product_tag","embeddable":true,"href":"https:\/\/shercards.com\/et\/wp-json\/wp\/v2\/product_tag?post=5765"}],"curies":[{"name":"wp","href":"https:\/\/api.w.org\/{rel}","templated":true}]}}