{"id":5775,"date":"2024-08-04T19:51:39","date_gmt":"2024-08-04T19:51:39","guid":{"rendered":"https:\/\/shercards.com\/index.php\/product\/metaphorical-associative-maps-complete-course-for-practice\/"},"modified":"2025-10-20T10:14:26","modified_gmt":"2025-10-20T10:14:26","slug":"metaphorical-associative-maps-complete-course-for-practice","status":"publish","type":"product","link":"https:\/\/shercards.com\/et\/toode\/metaphorical-associative-maps-complete-course-for-practice\/","title":{"rendered":"\u201cMetafoorsed assotsiatiivsed kaardid. T\u00e4ielik kursus praktikaks\u201d"},"content":{"rendered":"<p>Autor: Mihhail Ingerleib<\/p>\n<p> Kirjastaja: Peter, 2020<\/p>\n<p> Tunnused: k\u00f5va k\u00f6ide, 192 lk<\/p>\n<p> Raamat tutvustab metafoorsete assotsiatiivsete kaartide maagilist maailma \u2013 ainulaadne t\u00f6\u00f6riist praktilise ps\u00fchholoogi, ps\u00fchhoterapeudi, treeneri, \u00f5petaja igap\u00e4evaseks tegevuseks. V\u00e4ljaandes on v\u00e4lja toodud p\u00f5him\u00f5tted ja praktilised n\u00f5uanded t\u00f6\u00f6 korraldamisel, stiimulimaterjali valikul, stsenaariumide valikul gruppidele ja individuaalsele n\u00f5ustamisele.<br \/> Raamat sisaldab peaaegu viisk\u00fcmmend v\u00f5imalust metafoorsete assotsiatiivsete kaartide kasutamiseks, arsenali loomiseks igaks juhuks, mis on alustamiseks enam kui piisav, ja n\u00e4itab p\u00f5him\u00f5tteid, mille alusel saate oma m\u00e4nge ehitada. V\u00f5ttes arvesse igale tekile selle autorite poolt lisatud kasutusv\u00f5imalusi, on see enam kui piisav.<br \/> <\/br><br \/>Raamat on kasulik praktilistele ps\u00fchholoogidele, \u00f5petajatele, sotsiaalpedagoogidele, pedagoogiliste ja ps\u00fchholoogiliste erialade \u00fcli\u00f5pilastele ja magistrantidele. <\/br><\/br><\/p>","protected":false},"excerpt":{"rendered":"<p>Autor: Mikhail Ingerleib Kirjastus: Peter, 2020 Tunnused: k\u00f5va k\u00f6ide, 192 lk Raamat tutvustab metafoori maagilist maailma<\/p>","protected":false},"featured_media":5776,"comment_status":"open","ping_status":"open","template":"","meta":[],"product_brand":[],"product_cat":[41],"product_tag":[],"class_list":{"0":"post-5775","1":"product","2":"type-product","3":"status-publish","4":"has-post-thumbnail","6":"product_cat-books-on-metaphorical-cards","8":"first","9":"outofstock","10":"product-type-simple"},"_links":{"self":[{"href":"https:\/\/shercards.com\/et\/wp-json\/wp\/v2\/product\/5775","targetHints":{"allow":["GET"]}}],"collection":[{"href":"https:\/\/shercards.com\/et\/wp-json\/wp\/v2\/product"}],"about":[{"href":"https:\/\/shercards.com\/et\/wp-json\/wp\/v2\/types\/product"}],"replies":[{"embeddable":true,"href":"https:\/\/shercards.com\/et\/wp-json\/wp\/v2\/comments?post=5775"}],"wp:featuredmedia":[{"embeddable":true,"href":"https:\/\/shercards.com\/et\/wp-json\/wp\/v2\/media\/5776"}],"wp:attachment":[{"href":"https:\/\/shercards.com\/et\/wp-json\/wp\/v2\/media?parent=5775"}],"wp:term":[{"taxonomy":"product_brand","embeddable":true,"href":"https:\/\/shercards.com\/et\/wp-json\/wp\/v2\/product_brand?post=5775"},{"taxonomy":"product_cat","embeddable":true,"href":"https:\/\/shercards.com\/et\/wp-json\/wp\/v2\/product_cat?post=5775"},{"taxonomy":"product_tag","embeddable":true,"href":"https:\/\/shercards.com\/et\/wp-json\/wp\/v2\/product_tag?post=5775"}],"curies":[{"name":"wp","href":"https:\/\/api.w.org\/{rel}","templated":true}]}}