{"id":5780,"date":"2024-08-04T19:51:39","date_gmt":"2024-08-04T19:51:39","guid":{"rendered":"https:\/\/shercards.com\/index.php\/product\/metaphorical-maps-in-the-correction-and-development-of-resource-states-and-life-meanings-algorithms-techniques-diagrams\/"},"modified":"2025-10-20T10:14:26","modified_gmt":"2025-10-20T10:14:26","slug":"metaphorical-maps-in-the-correction-and-development-of-resource-states-and-life-meanings-algorithms-techniques-diagrams","status":"publish","type":"product","link":"https:\/\/shercards.com\/et\/toode\/metaphorical-maps-in-the-correction-and-development-of-resource-states-and-life-meanings-algorithms-techniques-diagrams\/","title":{"rendered":"Metafoorilised kaardid ressursiseisundite ja elut\u00e4henduste korrigeerimisel ja arendamisel: algoritmid, tehnikad, diagrammid"},"content":{"rendered":"<p>\u00d5ppematerjalide kogumine<br \/>Autor: NV Buravtsova<br \/>Ilmumisaasta: 2020<br \/>Suurus: 14,8 x 21 cm, paks paber, matt lamineerimine.<br \/>Metoodiliste materjalide kogumik sisaldab p\u00f5hikontseptsioone, diagramme, tehnikaid ja algoritme metafoorsete assotsiatiivsete kaartide kasutamiseks ps\u00fchholoogilises korrektsioonis ja arendamisel: <\/p>\n<ul>\n<li>isiklikud, vaimsed ja v\u00e4\u00e4rtussemantilised ressursid,<\/li>\n<li>elu m\u00f5testatus,<\/li>\n<li>v\u00f5ime juhtida eluprotsesse,<\/li>\n<li>konstruktiivsed viisid eneseteostuseks,&lt;\/li&gt;\n<li>isiksuse motivatsioonilis-semantilise sf\u00e4\u00e4ri t\u00f5husad ilmingud.<\/li>\n<\/ul>\n<p> Kollektsioon koosneb kaustast ja 16 kahepoolsest kaardist (A5 formaat, paks paber, matt lamineerimine).nbsp;Iga tehnika on paigutatud eraldi kaardile. <br \/> Tehnikaga kaardid sisaldavad: <\/p>\n<ul>\n<li>teave t\u00f6\u00f6 eesm\u00e4rgi ja soovitatavate metafoorsete kaartide komplektide kohta,<\/li>\n<li>tehnika kasutamise \u00fcksikasjalik algoritm,<\/li>\n<li>kaardi paigutuse skeem ja j\u00e4rjestus.&lt;\/li&gt; <\/ul>\n<p> M\u00f5ned tehnikad n\u00e4itavad lisaks, millises t\u00f6\u00f6etapis on seda sobivam kasutada, m\u00f5ned selgitavad konstruktiivsete k\u00e4itumisstrateegiate kujunemise ps\u00fchholoogilisi mehhanisme.<br \/>Kokku sisaldab kollektsioon 15 t\u00f5husat patenteeritud tehnikat.<br \/>Eraldi kaardil on l\u00fchike teave ressursiseisundite, t\u00e4hendusliku elu komponentide, karisma, ressursiseisundite moodustamise meetodite kohta, samuti soovitused metafoorsete assotsiatiivsete kaartide valikuks ja kasutamiseks.<br \/>Iga tehnikaga t\u00f6\u00f6tamine n\u00f5uab 35-45 minutit ehk \u00fcks seanss h\u00f5lmab \u00fche kaardi kasutamist.<br \/>Sisu: <\/p>\n<ul>\n<li>Liigub \u00fcles<\/li>\n<li>Elusambad<\/li>\n<li>Inventuur<\/li>\n<li>Soovi j\u00f5ud<\/li>\n<li>Otsi<\/li>\n<li>Kodu kui tugi eluks<\/li>\n<li>Kodu, kus unistused t\u00e4ituvad<\/li>\n<li>P\u00e4ikese ring<\/li>\n<li>Perekonna j\u00f5ud<\/li>\n<p> &lt;li&gt;Tulekarikas<\/li>\n<li>Cosmocoaching<\/li>\n<li>Ressursipuu<\/li>\n<li>Karisma energia<\/li>\n<li>Voolu olek<\/li>\n<li>\u00d5nn olla<\/li> <\/ul>\n<p> <\/br><\/br><\/p>","protected":false},"excerpt":{"rendered":"<p>\u00d5ppematerjalide kogu Autor: NV Buravtsova Ilmumisaasta: 2020 Suurus: 14,8 x 21 cm, paks paber, matt lamineerimine. Metoodiliste kogu<\/p>","protected":false},"featured_media":5781,"comment_status":"open","ping_status":"open","template":"","meta":[],"product_brand":[],"product_cat":[41],"product_tag":[],"class_list":{"0":"post-5780","1":"product","2":"type-product","3":"status-publish","4":"has-post-thumbnail","6":"product_cat-books-on-metaphorical-cards","8":"first","9":"outofstock","10":"product-type-simple"},"_links":{"self":[{"href":"https:\/\/shercards.com\/et\/wp-json\/wp\/v2\/product\/5780","targetHints":{"allow":["GET"]}}],"collection":[{"href":"https:\/\/shercards.com\/et\/wp-json\/wp\/v2\/product"}],"about":[{"href":"https:\/\/shercards.com\/et\/wp-json\/wp\/v2\/types\/product"}],"replies":[{"embeddable":true,"href":"https:\/\/shercards.com\/et\/wp-json\/wp\/v2\/comments?post=5780"}],"wp:featuredmedia":[{"embeddable":true,"href":"https:\/\/shercards.com\/et\/wp-json\/wp\/v2\/media\/5781"}],"wp:attachment":[{"href":"https:\/\/shercards.com\/et\/wp-json\/wp\/v2\/media?parent=5780"}],"wp:term":[{"taxonomy":"product_brand","embeddable":true,"href":"https:\/\/shercards.com\/et\/wp-json\/wp\/v2\/product_brand?post=5780"},{"taxonomy":"product_cat","embeddable":true,"href":"https:\/\/shercards.com\/et\/wp-json\/wp\/v2\/product_cat?post=5780"},{"taxonomy":"product_tag","embeddable":true,"href":"https:\/\/shercards.com\/et\/wp-json\/wp\/v2\/product_tag?post=5780"}],"curies":[{"name":"wp","href":"https:\/\/api.w.org\/{rel}","templated":true}]}}