{"id":5786,"date":"2024-08-04T19:51:39","date_gmt":"2024-08-04T19:51:39","guid":{"rendered":"https:\/\/shercards.com\/index.php\/product\/metaphorical-cards-in-psychotherapy-of-identity-crises-algorithms-techniques-diagrams\/"},"modified":"2025-10-20T10:14:26","modified_gmt":"2025-10-20T10:14:26","slug":"metaphorical-cards-in-psychotherapy-of-identity-crises-algorithms-techniques-diagrams","status":"publish","type":"product","link":"https:\/\/shercards.com\/et\/toode\/metaphorical-cards-in-psychotherapy-of-identity-crises-algorithms-techniques-diagrams\/","title":{"rendered":"Metafoorilised kaardid identiteedikriiside ps\u00fchhoteraapias: algoritmid, tehnikad, diagrammid"},"content":{"rendered":"<p>\u00d5ppematerjalide kogumine<br \/> <strong>Autor:<\/strong> NV Buravtsova<\/p>\n<p> Ilmumisaasta: 2021<br \/> Suurus: 14,8 x 21 cm, paks paber, matt lamineerimine.<\/p>\n<p> <strong>\u00d5ppematerjalide kogu sisaldab metafoorsete assotsiatiivsete kaartide p\u00f5him\u00f5isteid, diagramme, tehnikaid ja algoritmide rakendamist:<\/strong><br \/> \u2022 erinevat t\u00fc\u00fcpi identiteedi kujunemisel (isiklik, sooline, seksuaalne, ametialane, etniline, perekondlik jne);<br \/> \u2022 identiteedikriiside ps\u00fchhoteraapias;<br \/> \u2022 Mina arendamises ja avaldumises, mida KG Jung pidas ego ja alateadvuse vaheliseks \u00fchendusl\u00fcliks, energiaallikaks, mis annab isiksusele t\u00f5uke soovis \u201csaada iseendaks\u201d; isikliku k\u00fcpsuse m\u00f5\u00f5dupuu.<\/p>\n<p> Kogu koosneb kaustast ja <strong>16 kahepoolset kaarti<\/strong> (A5 formaat, paks paber, matt lamineerimine).<br \/> Iga tehnika asetatakse eraldi kaardile.<br \/>&lt;tugev&gt;Tehnikakaardid sisaldavad:<\/strong><br \/> \u2022 teave t\u00f6\u00f6 eesm\u00e4rgi ja soovitatavate metafoorsete kaartide komplektide kohta,<br \/> \u2022 tehnika kasutamise \u00fcksikasjalik algoritm,<br \/> \u2022 kaardi paigutuse skeem ja j\u00e4rjestus.<\/p>\n<p> M\u00f5ned tehnikad n\u00e4itavad lisaks, millises t\u00f6\u00f6etapis on seda sobivam kasutada, ja m\u00f5ned selgitavad konstruktiivse k\u00e4itumise strateegiate kujunemise ps\u00fchholoogilisi mehhanisme.<\/p>\n<p> Kollektsioon sisaldab 15 t\u00f5husat patenteeritud tehnikat.<\/p>\n<p> Eraldi kaardil esitatakse l\u00fchikokkuv\u00f5te teave &quot;identiteedi&quot; m\u00f5iste l\u00e4henemisviiside, selle t\u00fc\u00fcpide ja identiteedikriiside tunnuste kohta, samuti soovitused metafoorsete assotsiatiivsete kaartide valikuks ja kasutamiseks.<\/p>\n<p> Iga tehnikaga t\u00f6\u00f6tamine n\u00f5uab 35-45 minutit ehk \u00fcks seanss h\u00f5lmab \u00fche kaardi kasutamist.<\/p>\n<p> <strong>Sisu:<\/strong><br \/> \u2022 Portfell<br \/> \u2022 Identiteedi valdkonnad<br \/> \u2022 Ages of Self<br \/> \u2022 Sooline eneseesitlus<br \/> \u2022 Seksuaalne identiteet<br \/> \u2022 Enesem\u00e4\u00e4ramine<br \/> \u2022 Integratsioon<br \/> \u2022 Identiteedifantoomid<br \/> \u2022 Fantoomidest eneseni<br \/> \u2022 Teiste silmade l\u00e4bi<br \/> \u2022 Identiteedi peeglid<br \/> \u2022 Identiteet l\u00e4bi v\u00e4\u00e4rtuste prisma<br \/> \u2022 Ajaelu<br \/> \u2022 \u00dcksindus \u2013 Intiimsus \u2013 Ise<br \/> \u2022 Saavutatud identiteet <\/br><\/br><\/p>","protected":false},"excerpt":{"rendered":"<p>\u00d5ppematerjalide kogu Autor: NV Buravtsova Ilmumisaasta: 2021 Suurus: 14,8 x 21 cm, paks paber, matt lamineerimine.<\/p>","protected":false},"featured_media":5787,"comment_status":"open","ping_status":"open","template":"","meta":[],"product_brand":[],"product_cat":[41],"product_tag":[],"class_list":{"0":"post-5786","1":"product","2":"type-product","3":"status-publish","4":"has-post-thumbnail","6":"product_cat-books-on-metaphorical-cards","8":"first","9":"outofstock","10":"product-type-simple"},"_links":{"self":[{"href":"https:\/\/shercards.com\/et\/wp-json\/wp\/v2\/product\/5786","targetHints":{"allow":["GET"]}}],"collection":[{"href":"https:\/\/shercards.com\/et\/wp-json\/wp\/v2\/product"}],"about":[{"href":"https:\/\/shercards.com\/et\/wp-json\/wp\/v2\/types\/product"}],"replies":[{"embeddable":true,"href":"https:\/\/shercards.com\/et\/wp-json\/wp\/v2\/comments?post=5786"}],"wp:featuredmedia":[{"embeddable":true,"href":"https:\/\/shercards.com\/et\/wp-json\/wp\/v2\/media\/5787"}],"wp:attachment":[{"href":"https:\/\/shercards.com\/et\/wp-json\/wp\/v2\/media?parent=5786"}],"wp:term":[{"taxonomy":"product_brand","embeddable":true,"href":"https:\/\/shercards.com\/et\/wp-json\/wp\/v2\/product_brand?post=5786"},{"taxonomy":"product_cat","embeddable":true,"href":"https:\/\/shercards.com\/et\/wp-json\/wp\/v2\/product_cat?post=5786"},{"taxonomy":"product_tag","embeddable":true,"href":"https:\/\/shercards.com\/et\/wp-json\/wp\/v2\/product_tag?post=5786"}],"curies":[{"name":"wp","href":"https:\/\/api.w.org\/{rel}","templated":true}]}}