{"id":5789,"date":"2024-08-04T19:53:00","date_gmt":"2024-08-04T19:53:00","guid":{"rendered":"https:\/\/shercards.com\/index.php\/product\/association-cards-in-psychocorrection-of-relationships-of-attachment-and-intimacy-algorithms-techniques-examples\/"},"modified":"2025-10-20T10:14:26","modified_gmt":"2025-10-20T10:14:26","slug":"association-cards-in-psychocorrection-of-relationships-of-attachment-and-intimacy-algorithms-techniques-examples","status":"publish","type":"product","link":"https:\/\/shercards.com\/et\/toode\/association-cards-in-psychocorrection-of-relationships-of-attachment-and-intimacy-algorithms-techniques-examples\/","title":{"rendered":"Assotsiatsioonikaardid kiindumus- ja intiimsuhete ps\u00fchhokorrektsioonis: algoritmid, tehnikad, n\u00e4ited"},"content":{"rendered":"<p>Autor: NV Buravtsova<\/p>\n<p> Ilmumisaasta: 2016,nbsp;124 nbsp;lehek\u00fclge<\/p>\n<p> Suurus: 204\u00d7144, pehme k\u00f6ide.<\/p>\n<p> See raamat on j\u00e4rgmine juhendite sarjast, mis k\u00e4sitleb metafoorsete assotsiatsioonikaartide kasutamist ps\u00fchholoogide, ps\u00fchhoterapeutide, coachingu spetsialistide ja teiste abistavate elukutsete esindajate praktilises tegevuses.<\/p>\n<p> Selle raamatu spetsiifika seisneb p\u00fc\u00fcdes l\u00fchidalt ja sisuliselt esitada vajalikku teoreetilist materjali, ilma milleta on v\u00f5imatu kasutada l\u00e4hisuhteraskuste ps\u00fchhokorrektsiooni ja ps\u00fchhoteraapia praktilisi oskusi. Kesksel kohal on intiimsuhete korrigeerimine (seda peetakse ehtsa ja absoluutse intiimsuse, helluse ja armastuse kogemiseks), armastuse tunde arendamise v\u00f5imalused ja viisid, armukadeduse ja kiindumusobjekti kaotamise hirmu ps\u00fchhoteraapia.<\/p>\n<p> Peamine koht selles raamatus on antud h\u00e4sti planeeritud valikule assotsiatiivsete kaartide kasutamise tehnikatest ja algoritmidest. Iga tehnika ja tehnika kirjeldust toetab t\u00f6\u00f6 p\u00f5hieesm\u00e4rgi t\u00e4histus; soovitatud assotsiatiivsete kaartide komplektide loetelu. Paljud tehnikad on lisaks kirjeldusele illustreeritud n\u00e4idete, fragmentide ja praktilise t\u00f6\u00f6 anal\u00fc\u00fcsiga klientidega.<br \/>Seda raamatut saab kasutada praktilise juhendina ps\u00fchholoogilise n\u00f5ustamise ja ps\u00fchhoteraapia p\u00f5hit\u00f5desid \u00f5ppivatele spetsialistidele ja \u00fclikoolide \u00f5ppej\u00f5ududele, bakalaureuse-, magistrantidele ja magistrantidele. See v\u00f5ib olla v\u00e4ga kasulik mitte ainult erinevate abistavate elukutsete esindajatele, vaid ka neile, kes on sattunud l\u00e4hisuhete kriisiolukorda ning seisavad silmitsi lahenduste ja k\u00e4itumisstrateegiate otsimisega. Lihtsad, kuid v\u00e4ga t\u00f5husad v\u00f5tted assotsiatiivsete kaartidega t\u00f6\u00f6tamiseks aitavad paljudel inimestel teha \u00f5ige valiku, erapooletult hinnata, anal\u00fc\u00fcsida ja leida lahendusi partnerlusraskustega seotud elusituatsioonidele. <\/br><\/br><\/p>","protected":false},"excerpt":{"rendered":"<p>Autor: NV Buravtsova Ilmumisaasta: 2016,nbsp;124 nbsp;lehek\u00fclge Suurus: 204\u00d7144, pehme k\u00f6ide. See raamat on sarja j\u00e4rgmine raamat<\/p>","protected":false},"featured_media":5790,"comment_status":"open","ping_status":"open","template":"","meta":[],"product_brand":[],"product_cat":[41],"product_tag":[],"class_list":{"0":"post-5789","1":"product","2":"type-product","3":"status-publish","4":"has-post-thumbnail","6":"product_cat-books-on-metaphorical-cards","8":"first","9":"outofstock","10":"product-type-simple"},"_links":{"self":[{"href":"https:\/\/shercards.com\/et\/wp-json\/wp\/v2\/product\/5789","targetHints":{"allow":["GET"]}}],"collection":[{"href":"https:\/\/shercards.com\/et\/wp-json\/wp\/v2\/product"}],"about":[{"href":"https:\/\/shercards.com\/et\/wp-json\/wp\/v2\/types\/product"}],"replies":[{"embeddable":true,"href":"https:\/\/shercards.com\/et\/wp-json\/wp\/v2\/comments?post=5789"}],"wp:featuredmedia":[{"embeddable":true,"href":"https:\/\/shercards.com\/et\/wp-json\/wp\/v2\/media\/5790"}],"wp:attachment":[{"href":"https:\/\/shercards.com\/et\/wp-json\/wp\/v2\/media?parent=5789"}],"wp:term":[{"taxonomy":"product_brand","embeddable":true,"href":"https:\/\/shercards.com\/et\/wp-json\/wp\/v2\/product_brand?post=5789"},{"taxonomy":"product_cat","embeddable":true,"href":"https:\/\/shercards.com\/et\/wp-json\/wp\/v2\/product_cat?post=5789"},{"taxonomy":"product_tag","embeddable":true,"href":"https:\/\/shercards.com\/et\/wp-json\/wp\/v2\/product_tag?post=5789"}],"curies":[{"name":"wp","href":"https:\/\/api.w.org\/{rel}","templated":true}]}}