{"id":5793,"date":"2024-08-04T19:53:00","date_gmt":"2024-08-04T19:53:00","guid":{"rendered":"https:\/\/shercards.com\/index.php\/product\/methodical-manual-metaphorical-associative-cards-in-psychological-counseling\/"},"modified":"2025-10-20T10:14:26","modified_gmt":"2025-10-20T10:14:26","slug":"methodical-manual-metaphorical-associative-cards-in-psychological-counseling","status":"publish","type":"product","link":"https:\/\/shercards.com\/et\/toode\/methodical-manual-metaphorical-associative-cards-in-psychological-counseling\/","title":{"rendered":"Metoodiline k\u00e4siraamat \u201cMetafoorsed assotsiatiivsed kaardid ps\u00fchholoogilises n\u00f5ustamises\u201d"},"content":{"rendered":"<p><strong>Autor-koostaja:<\/strong>nbsp;Goloborodova Victoria Anatoljevna. ANO DPO \u201cProfessionaalide rahvusvahelise keskuse\u201d peadirektor, kliiniline ps\u00fchholoog, Ph.D., dotsent, 11 IAC teki autor: \u201cRalph\u201d, \u201cLoneliness\u201d, \u201cCrisis=Solution\u201d, \u201cWatercolor Dreams\u201d, \u201c Nutikad\u201d seletused\u201d, \u201cEkraanitestid\u201d, \u201cPersonaliohvitser\u201d, \u201cKonn vees\u201d, \u201cMeeleolu\u201d.<br \/>Raamat koosneb 2 osast.<br \/> Lehek\u00fclgede arv \u2013 310 lk.<br \/> V\u00e4ljalaskeaasta - 2021<br >\u00d5ppek\u00e4siraamatu \u201cMetafoorsed assotsiatiivsed kaardid ps\u00fchholoogilises n\u00f5ustamises\u201d 2. v\u00e4ljaanne koosneb 2 osast ja sisaldab \u00fclevaadet erinevatest metafoorsetest assotsiatiivsetest kaartidest, enam kui 150 \u00f5ppetehnikat ja harjutust, millest enamik on autori omad. K\u00e4siraamat ei sisalda mitte ainult samm-sammult juhiseid tehnikate kohta, vaid n\u00e4itab ka konkreetseid n\u00e4iteid kliendijuhtumitest.<br \/> <strong>K\u00e4siraamat on struktuurselt jagatud teemade kaupa:<\/strong> <\/p>\n<ul>\n<li>Metafoorsed kaardid (pakkide \u00fclevaade);<\/li>\n<li>Mina ja mu elu;<\/li>\n<li>Perekond ja abielu;<\/li>\n<li>T\u00f6\u00f6 ja raha;<\/li>\n<li>Ps\u00fchholoogiline trauma.<\/li>\n<\/ul>\n<p> Metoodiline juhend \u201cMetafoorsed assotsiatiivsed kaardid ps\u00fchholoogilises n\u00f5ustamises\u201d on samuti esitatud elektroonilisel kujul. <\/br><\/p>","protected":false},"excerpt":{"rendered":"<p>Autor-koostaja:nbsp;Goloborodova Victoria Anatoljevna. ANO DPO \u201cRahvusvahelise professionaalikeskuse\u201d peadirektor, kliiniline ps\u00fchholoog, Ph.D., dotsent, 11.<\/p>","protected":false},"featured_media":5794,"comment_status":"open","ping_status":"open","template":"","meta":[],"product_brand":[],"product_cat":[41],"product_tag":[],"class_list":{"0":"post-5793","1":"product","2":"type-product","3":"status-publish","4":"has-post-thumbnail","6":"product_cat-books-on-metaphorical-cards","8":"first","9":"outofstock","10":"product-type-simple"},"_links":{"self":[{"href":"https:\/\/shercards.com\/et\/wp-json\/wp\/v2\/product\/5793","targetHints":{"allow":["GET"]}}],"collection":[{"href":"https:\/\/shercards.com\/et\/wp-json\/wp\/v2\/product"}],"about":[{"href":"https:\/\/shercards.com\/et\/wp-json\/wp\/v2\/types\/product"}],"replies":[{"embeddable":true,"href":"https:\/\/shercards.com\/et\/wp-json\/wp\/v2\/comments?post=5793"}],"wp:featuredmedia":[{"embeddable":true,"href":"https:\/\/shercards.com\/et\/wp-json\/wp\/v2\/media\/5794"}],"wp:attachment":[{"href":"https:\/\/shercards.com\/et\/wp-json\/wp\/v2\/media?parent=5793"}],"wp:term":[{"taxonomy":"product_brand","embeddable":true,"href":"https:\/\/shercards.com\/et\/wp-json\/wp\/v2\/product_brand?post=5793"},{"taxonomy":"product_cat","embeddable":true,"href":"https:\/\/shercards.com\/et\/wp-json\/wp\/v2\/product_cat?post=5793"},{"taxonomy":"product_tag","embeddable":true,"href":"https:\/\/shercards.com\/et\/wp-json\/wp\/v2\/product_tag?post=5793"}],"curies":[{"name":"wp","href":"https:\/\/api.w.org\/{rel}","templated":true}]}}