{"id":5798,"date":"2024-08-04T19:53:00","date_gmt":"2024-08-04T19:53:00","guid":{"rendered":"https:\/\/shercards.com\/index.php\/product\/journey-to-gestalt-theory-and-practice\/"},"modified":"2025-10-20T10:14:26","modified_gmt":"2025-10-20T10:14:26","slug":"journey-to-gestalt-theory-and-practice","status":"publish","type":"product","link":"https:\/\/shercards.com\/et\/toode\/journey-to-gestalt-theory-and-practice\/","title":{"rendered":"&quot;Reis Gestalti. Teooria ja praktika&quot;"},"content":{"rendered":"<p>Autorid: Natalja Lebedeva, Jelena Ivanova<\/p>\n<p> Kirjastaja: Rech<\/p>\n<p> Tunnused: k\u00f5va k\u00f6ide, 400 lk<br \/>Esimene venekeelne gestaltteraapia \u00f5pik, mis k\u00e4sitleb \u00fcksikasjalikult selle suuna teoreetilisi ja metodoloogilisi aluseid (samuti gestaltteraapia seoseid ps\u00fchhoanal\u00fc\u00fcsi, eksistentsiaalps\u00fchholoogia, idapoolsete vaimsete praktikatega jne), gestaltteraapia protsessi (koos palju n\u00e4iteid praktikast), terapeutilise suhte tunnused. <\/br><\/br><\/p>","protected":false},"excerpt":{"rendered":"<p>Autorid: Natalja Lebedeva, Jelena Ivanova Kirjastaja: Rech Tunnused: k\u00f5va k\u00f6ide, 400 lk Esimene venekeelne gestaltteraapia \u00f5pik, mis h\u00f5lmab aastal<\/p>","protected":false},"featured_media":5799,"comment_status":"open","ping_status":"open","template":"","meta":[],"product_brand":[],"product_cat":[58],"product_tag":[],"class_list":{"0":"post-5798","1":"product","2":"type-product","3":"status-publish","4":"has-post-thumbnail","6":"product_cat-psychological-literature","8":"first","9":"outofstock","10":"product-type-simple"},"_links":{"self":[{"href":"https:\/\/shercards.com\/et\/wp-json\/wp\/v2\/product\/5798","targetHints":{"allow":["GET"]}}],"collection":[{"href":"https:\/\/shercards.com\/et\/wp-json\/wp\/v2\/product"}],"about":[{"href":"https:\/\/shercards.com\/et\/wp-json\/wp\/v2\/types\/product"}],"replies":[{"embeddable":true,"href":"https:\/\/shercards.com\/et\/wp-json\/wp\/v2\/comments?post=5798"}],"wp:featuredmedia":[{"embeddable":true,"href":"https:\/\/shercards.com\/et\/wp-json\/wp\/v2\/media\/5799"}],"wp:attachment":[{"href":"https:\/\/shercards.com\/et\/wp-json\/wp\/v2\/media?parent=5798"}],"wp:term":[{"taxonomy":"product_brand","embeddable":true,"href":"https:\/\/shercards.com\/et\/wp-json\/wp\/v2\/product_brand?post=5798"},{"taxonomy":"product_cat","embeddable":true,"href":"https:\/\/shercards.com\/et\/wp-json\/wp\/v2\/product_cat?post=5798"},{"taxonomy":"product_tag","embeddable":true,"href":"https:\/\/shercards.com\/et\/wp-json\/wp\/v2\/product_tag?post=5798"}],"curies":[{"name":"wp","href":"https:\/\/api.w.org\/{rel}","templated":true}]}}