{"id":5802,"date":"2024-08-04T19:53:00","date_gmt":"2024-08-04T19:53:00","guid":{"rendered":"https:\/\/shercards.com\/index.php\/product\/me-and-psychology\/"},"modified":"2025-10-20T10:14:26","modified_gmt":"2025-10-20T10:14:26","slug":"me-and-psychology","status":"publish","type":"product","link":"https:\/\/shercards.com\/et\/toode\/me-and-psychology\/","title":{"rendered":"&quot;Mina ja ps\u00fchholoogia&quot;"},"content":{"rendered":"<p>Autor: Julia Durymanova<\/p>\n<p> L\u00e4ikiva kaanega pehmekaaneline raamat. Kaanet illustreerib autor ise.<\/p>\n<p> Raamat sisaldab 16 teaduslikku ja praktilist artiklit 101 lehek\u00fcljel.<br \/>Vaatlused ja uuringud ps\u00fchholoogia ja ps\u00fchholoogilise n\u00f5ustamise valdkonnas, n\u00e4ited praktikast. V\u00e4ljaanne tutvustab laialdaselt nii EOT (emotsionaalne-kujutlusteraapia) meetodit, mille autoriks on Ph.DND Linde (Moskva), kui ka \u00fcht Ph.DSV Petrushina (Kaasan) meetodit. Raamat on soovitatav k\u00f5igile praktiseerivatele ps\u00fchholoogia ja ps\u00fchhoteraapia, sotsioloogia ja filosoofia valdkonna spetsialistidele, aga ka k\u00f5igile huvilistele ja teadmistejanulistele. <\/br><\/br><\/p>","protected":false},"excerpt":{"rendered":"<p>Autor: Yulia Durymanova L\u00e4ikiva kaanega pehmekaaneline raamat. Kaanet illustreerib autor ise. Raamat sisaldab<\/p>","protected":false},"featured_media":5803,"comment_status":"open","ping_status":"open","template":"","meta":[],"product_brand":[],"product_cat":[58],"product_tag":[],"class_list":{"0":"post-5802","1":"product","2":"type-product","3":"status-publish","4":"has-post-thumbnail","6":"product_cat-psychological-literature","8":"first","9":"outofstock","10":"product-type-simple"},"_links":{"self":[{"href":"https:\/\/shercards.com\/et\/wp-json\/wp\/v2\/product\/5802","targetHints":{"allow":["GET"]}}],"collection":[{"href":"https:\/\/shercards.com\/et\/wp-json\/wp\/v2\/product"}],"about":[{"href":"https:\/\/shercards.com\/et\/wp-json\/wp\/v2\/types\/product"}],"replies":[{"embeddable":true,"href":"https:\/\/shercards.com\/et\/wp-json\/wp\/v2\/comments?post=5802"}],"wp:featuredmedia":[{"embeddable":true,"href":"https:\/\/shercards.com\/et\/wp-json\/wp\/v2\/media\/5803"}],"wp:attachment":[{"href":"https:\/\/shercards.com\/et\/wp-json\/wp\/v2\/media?parent=5802"}],"wp:term":[{"taxonomy":"product_brand","embeddable":true,"href":"https:\/\/shercards.com\/et\/wp-json\/wp\/v2\/product_brand?post=5802"},{"taxonomy":"product_cat","embeddable":true,"href":"https:\/\/shercards.com\/et\/wp-json\/wp\/v2\/product_cat?post=5802"},{"taxonomy":"product_tag","embeddable":true,"href":"https:\/\/shercards.com\/et\/wp-json\/wp\/v2\/product_tag?post=5802"}],"curies":[{"name":"wp","href":"https:\/\/api.w.org\/{rel}","templated":true}]}}