{"id":5809,"date":"2024-08-04T19:54:18","date_gmt":"2024-08-04T19:54:18","guid":{"rendered":"https:\/\/shercards.com\/index.php\/product\/absence-is-a-bridge-between-us-depressive-experience-in-the-perspective-of-gestalt-therapy\/"},"modified":"2025-10-20T10:14:26","modified_gmt":"2025-10-20T10:14:26","slug":"absence-is-a-bridge-between-us-depressive-experience-in-the-perspective-of-gestalt-therapy","status":"publish","type":"product","link":"https:\/\/shercards.com\/et\/toode\/absence-is-a-bridge-between-us-depressive-experience-in-the-perspective-of-gestalt-therapy\/","title":{"rendered":"\u201cEemalolek on sild meie vahel. Depressiivne kogemus gestaltteraapia perspektiivis\u201d"},"content":{"rendered":"<p>Toimetanud Gianni Francesetti<\/p>\n<p> Tehnilised andmed: k\u00f5va k\u00f6ide, 396 lk.<\/p>\n<p> See raamat on p\u00f5hiline kirjeldus depressiooni fenomenoloogiast ja teraapiast Gestalt-l\u00e4henemise vaatenurgast. Avaldatakse nii melanhoolse kui ka reaktiivse depressiooni, aga ka maniakaalsete seisundite spetsiifikat, tuuakse v\u00e4lja depressiivse kogemuse tunnused erinevates isiklikes stiilides (nartsissistlik, piiripealne, h\u00fcsteeriline, s\u00f5ltuv, obsessiiv-kompulsiivne) ja arvukalt kliinilisi illustratsioone. Eraldi peat\u00fckis kirjeldatakse terapeudi kogemusi depressiivsete patsientidega t\u00f6\u00f6tamisel ja teatud k\u00e4esolevale t\u00f6\u00f6le omase terapeutilise suhte d\u00fcnaamikat.<br \/>M\u00e4rkimisv\u00e4\u00e4rne osa raamatust on p\u00fchendatud depressiivsete h\u00e4irete tunnustele teatud elufaasides (emadus, lapsep\u00f5lv, noorukieas, vanadus), mis n\u00f5uavad spetsiifilist terapeutilist tuge. Autorite keel peegeldab nende s\u00fcgavust ja inspiratsiooni, mis on selle patsientide kategooriaga t\u00f6\u00f6tamisel hindamatu v\u00e4\u00e4rtusega. <\/br><\/br><\/p>","protected":false},"excerpt":{"rendered":"<p>Toimetanud Gianni Francesetti. Spetsifikatsioonid: k\u00f5va k\u00f6ide, 396 lk. See raamat kirjeldab p\u00f5hjapanevat maailma fenomenoloogiat ja teraapiat<\/p>","protected":false},"featured_media":5810,"comment_status":"open","ping_status":"open","template":"","meta":[],"product_brand":[],"product_cat":[58],"product_tag":[],"class_list":{"0":"post-5809","1":"product","2":"type-product","3":"status-publish","4":"has-post-thumbnail","6":"product_cat-psychological-literature","8":"first","9":"outofstock","10":"product-type-simple"},"_links":{"self":[{"href":"https:\/\/shercards.com\/et\/wp-json\/wp\/v2\/product\/5809","targetHints":{"allow":["GET"]}}],"collection":[{"href":"https:\/\/shercards.com\/et\/wp-json\/wp\/v2\/product"}],"about":[{"href":"https:\/\/shercards.com\/et\/wp-json\/wp\/v2\/types\/product"}],"replies":[{"embeddable":true,"href":"https:\/\/shercards.com\/et\/wp-json\/wp\/v2\/comments?post=5809"}],"wp:featuredmedia":[{"embeddable":true,"href":"https:\/\/shercards.com\/et\/wp-json\/wp\/v2\/media\/5810"}],"wp:attachment":[{"href":"https:\/\/shercards.com\/et\/wp-json\/wp\/v2\/media?parent=5809"}],"wp:term":[{"taxonomy":"product_brand","embeddable":true,"href":"https:\/\/shercards.com\/et\/wp-json\/wp\/v2\/product_brand?post=5809"},{"taxonomy":"product_cat","embeddable":true,"href":"https:\/\/shercards.com\/et\/wp-json\/wp\/v2\/product_cat?post=5809"},{"taxonomy":"product_tag","embeddable":true,"href":"https:\/\/shercards.com\/et\/wp-json\/wp\/v2\/product_tag?post=5809"}],"curies":[{"name":"wp","href":"https:\/\/api.w.org\/{rel}","templated":true}]}}