{"id":5813,"date":"2024-08-04T19:54:18","date_gmt":"2024-08-04T19:54:18","guid":{"rendered":"https:\/\/shercards.com\/index.php\/product\/hug-your-inner-child\/"},"modified":"2025-10-20T10:14:26","modified_gmt":"2025-10-20T10:14:26","slug":"hug-your-inner-child","status":"publish","type":"product","link":"https:\/\/shercards.com\/et\/toode\/hug-your-inner-child\/","title":{"rendered":"&quot;Kallista oma sisemist last&quot;"},"content":{"rendered":"<p>Autor: Evgenia Pogudina<br \/>Tunnused: k\u00f5va k\u00f6ide, 128 lk<br \/>Kontakti loomine meie lapseliku osaga, meie sisemise lapsega, on oluline ja rahuldust pakkuv \u00fclesanne. \u00dcha enam praktilise ps\u00fchholoogia valdkonna spetsialiste on j\u00f5udmas j\u00e4reldusele, et suhtlemisel sisemise lapsega on meie elule tervendav m\u00f5ju. Samas tekib sageli arusaamatus: kuidas seda kontakti asjatundlikult ja hoolikalt \u00fcles ehitada? Milliseid s\u00f5nu \u00f6elda oma sisemisele lapsele? Millele peate eriti t\u00e4helepanu p\u00f6\u00f6rama?<br \/>Raamatust leiate n\u00e4pun\u00e4iteid k\u00f5igi nende k\u00fcsimuste kohta. See sisaldab 108 k\u00f5ige olulisemat s\u00f5numit, mis kehtivad iga inimese elus erinevates olukordades. S\u00f5numid on s\u00f5nastatud spetsiaalselt sisemise lapse jaoks, igal s\u00f5numil on selgitus, miks see konkreetne s\u00f5nastus on oluline ja millele peaksite selle s\u00f5numi h\u00e4\u00e4ldamisel t\u00e4helepanu p\u00f6\u00f6rama. T\u00e4nu korrap\u00e4rasele t\u00f6\u00f6le selle raamatuga \u00f5pite ennast kohtlema hoole ja kaastundega.<br \/>See v\u00e4ljaanne pakub huvi: <\/p>\n<ul> <\/p>\n<li>K\u00f5ik, keda see teema huvitab<\/li>\n<li>Ps\u00fchholoogid, kes soovivad paremini m\u00f5ista &quot;sisemise lapsega&quot; t\u00f6\u00f6tamise omadusi<\/li>\n<li>Spetsialistid, kes soovivad oma praktikat rikastada<\/li>\n<li>Teraapiar\u00fchmade juhid, rahustamise meistrid<\/li>\n<li>Iga\u00fcks, kes vajab t\u00e4iskasvanu lapsep\u00f5lvega t\u00f6\u00f6tamiseks spetsiifilisi t\u00f6\u00f6riistu<\/li>\n<p> <\/br><\/ul>\n<p> Tsitaadid:<br \/>\u201eMa tean, et kui me p\u00f6\u00f6rdume oma Sisemise Lapse poole kui meist eraldiseisva osa poole, kellega saame \u00fcles ehitada vaadeldavat dialoogi \u2013 tuleme v\u00e4lja Sisemise Lapsega \u00fchtesulamise seisundist ja treenime enda suhtes lahke vaatluspositsiooni. L\u00e4bi selle hakkame t\u00f5eliselt tuge saama ja alustame oma sisemise tundemaailma tervenemisprotsessi.<br \/>Meie Sisemine Laps vajab kedagi, kes tema eest hoolitseks. See s\u00f5numite raamat on just selline t\u00f6\u00f6riist, mis aitab kasvatada enda vastuv\u00f5tlikku, t\u00e4helepanelikku osa, kes enam ei t\u00f5rju. Paljudele meist on meie sisemine vanem piitsaga kiusaja, kes ainult kritiseerib ja s\u00fc\u00fcdistab. Kui see meid aitaks, oleksime sellest ammu aru saanud. Kuid emotsionaalne l\u00f6\u00f6mine ei aita kunagi. Ja enda \u00fclalpidamise oskus, meie lapselik osa, ei kandu meile kahjuks enamasti p\u00e4rimise teel edasi\u2026\u201d<br \/>\u00abKui meile on miljon korda \u00f6eldud v\u00f5i pandud m\u00f5istma midagi meie kohta halvustavat ja devalveerivat, siis selleks, et selliste avalduste m\u00f5ju peatada, on meil vaja saada miljon ja veel \u00fcks toetav s\u00f5num. Toetust pole kunagi piisavalt. Minu t\u00e4helepanekute kohaselt on enamiku jaoks terve, siiras ja tervendav toetus \u00e4\u00e4rmiselt ebapiisav. Seet\u00f5ttu lugege s\u00f5numeid, lugege neid uuesti, \u00f6elge need valjusti, \u00f6elge neid oma Sisemisele Lapsele nii palju, kui vajate.<br \/>P\u00f5hjused, miks peaksite selle raamatu ostma:<br \/>1. Omandate ainulaadse juhendi iseseisvaks ja hoolikaks t\u00f6\u00f6ks sisemise lapsega.<br \/>2. Raamat on kirjutatud lihtsas, kujundlikus, ligip\u00e4\u00e4setavas keeles.<br \/>3. Raamatu autor annab selged juhised t\u00e4iskasvanu lapseosaga t\u00f6\u00f6tamiseks.<\/p>\n<p> 4. Raamatust p\u00e4rit s\u00f5numeid saab kasutada erinevates vormides ps\u00fchholoogilises t\u00f6\u00f6s sisemise lapsega. <\/br><\/br><\/p>","protected":false},"excerpt":{"rendered":"<p>Autor: Evgenia PogudinaIseloomulikud omadused: k\u00f5va k\u00f6ide, 128 lk Kontakti loomine meie lapseliku osaga, meie sisemise lapsega, on oluline ja t\u00e4nuv\u00e4\u00e4rne \u00fclesanne.<\/p>","protected":false},"featured_media":5814,"comment_status":"open","ping_status":"open","template":"","meta":[],"product_brand":[],"product_cat":[58],"product_tag":[],"class_list":{"0":"post-5813","1":"product","2":"type-product","3":"status-publish","4":"has-post-thumbnail","6":"product_cat-psychological-literature","8":"first","9":"outofstock","10":"product-type-simple"},"_links":{"self":[{"href":"https:\/\/shercards.com\/et\/wp-json\/wp\/v2\/product\/5813","targetHints":{"allow":["GET"]}}],"collection":[{"href":"https:\/\/shercards.com\/et\/wp-json\/wp\/v2\/product"}],"about":[{"href":"https:\/\/shercards.com\/et\/wp-json\/wp\/v2\/types\/product"}],"replies":[{"embeddable":true,"href":"https:\/\/shercards.com\/et\/wp-json\/wp\/v2\/comments?post=5813"}],"wp:featuredmedia":[{"embeddable":true,"href":"https:\/\/shercards.com\/et\/wp-json\/wp\/v2\/media\/5814"}],"wp:attachment":[{"href":"https:\/\/shercards.com\/et\/wp-json\/wp\/v2\/media?parent=5813"}],"wp:term":[{"taxonomy":"product_brand","embeddable":true,"href":"https:\/\/shercards.com\/et\/wp-json\/wp\/v2\/product_brand?post=5813"},{"taxonomy":"product_cat","embeddable":true,"href":"https:\/\/shercards.com\/et\/wp-json\/wp\/v2\/product_cat?post=5813"},{"taxonomy":"product_tag","embeddable":true,"href":"https:\/\/shercards.com\/et\/wp-json\/wp\/v2\/product_tag?post=5813"}],"curies":[{"name":"wp","href":"https:\/\/api.w.org\/{rel}","templated":true}]}}