{"id":5817,"date":"2024-08-04T19:54:18","date_gmt":"2024-08-04T19:54:18","guid":{"rendered":"https:\/\/shercards.com\/index.php\/product\/everyday-mysteries-existential-dimensions-of-psychotherapy\/"},"modified":"2025-10-20T10:14:26","modified_gmt":"2025-10-20T10:14:26","slug":"everyday-mysteries-existential-dimensions-of-psychotherapy","status":"publish","type":"product","link":"https:\/\/shercards.com\/et\/toode\/everyday-mysteries-existential-dimensions-of-psychotherapy\/","title":{"rendered":"&quot;Igap\u00e4evased saladused. Ps\u00fchhoteraapia eksistentsiaalsed m\u00f5\u00f5tmed\u201d"},"content":{"rendered":"<p>Autor: Emmy Van Dorzen<\/p>\n<p> Tehnilised andmed: k\u00f5va k\u00f6ide, 446 lk.<\/p>\n<p> Kindlat vastust k\u00fcsimusele, mis on eksistentsiaalne ps\u00fchhoteraapia, pole veel leitud. Samas on m\u00f5ned \u2013 nagu Ernesto Spinelli \u2013 veendunud, et tuleb r\u00e4\u00e4kida eksistentsiaalsest teraapiast, et \u201cps\u00fchho-\u201d lisamine moonutab t\u00e4hendust. Ja m\u00f5ned \u2013 nagu Mick Cooper \u2013 usuvad, et seda fraasi tuleks kasutada mitmuses ehk \u201cteraapias\u201d, sest nii kirjut praktikavaipa ei saa \u00fche harjaga l\u00e4bi kammida.<br \/>Lugejatele pakutav raamat on kirjutatud rohkem kui 20 aastat tagasi ja sellest ei saanud mitte ainult \u00fcks esimesi katseid seda l\u00e4henemist kirjeldada, vaid ka suurep\u00e4rane \u00f5ppevahend paljudele eksistentsiaalsetele praktikutele. Teoreetiliste filosoofiliste aluste inspireeritud esitlust t\u00e4iendab mitte ainult \u00fclevaade katsetest neid praktikas rakendada \u2013 ajalooliselt esimestest Binswangerist ja Bossist elavate Yalomi ja Achenbachini, vaid ka autori enda ettekujutus eesm\u00e4rkidest, reeglitest ja struktuurist. eksistentsiaalsest projektist. Raamat l\u00f5peb juhtumiuuringu \u00fcksikasjaliku kirjeldusega. <\/br><\/br><\/p>","protected":false},"excerpt":{"rendered":"<p>Autor: Emmy Van Dorzen Spetsifikatsioonid: k\u00f5va k\u00f6ide, 446 lk. Kindel vastus k\u00fcsimusele, mis on eksistentsiaalne ps\u00fchhoteraapia<\/p>","protected":false},"featured_media":5818,"comment_status":"open","ping_status":"open","template":"","meta":[],"product_brand":[],"product_cat":[58],"product_tag":[],"class_list":{"0":"post-5817","1":"product","2":"type-product","3":"status-publish","4":"has-post-thumbnail","6":"product_cat-psychological-literature","8":"first","9":"outofstock","10":"product-type-simple"},"_links":{"self":[{"href":"https:\/\/shercards.com\/et\/wp-json\/wp\/v2\/product\/5817","targetHints":{"allow":["GET"]}}],"collection":[{"href":"https:\/\/shercards.com\/et\/wp-json\/wp\/v2\/product"}],"about":[{"href":"https:\/\/shercards.com\/et\/wp-json\/wp\/v2\/types\/product"}],"replies":[{"embeddable":true,"href":"https:\/\/shercards.com\/et\/wp-json\/wp\/v2\/comments?post=5817"}],"wp:featuredmedia":[{"embeddable":true,"href":"https:\/\/shercards.com\/et\/wp-json\/wp\/v2\/media\/5818"}],"wp:attachment":[{"href":"https:\/\/shercards.com\/et\/wp-json\/wp\/v2\/media?parent=5817"}],"wp:term":[{"taxonomy":"product_brand","embeddable":true,"href":"https:\/\/shercards.com\/et\/wp-json\/wp\/v2\/product_brand?post=5817"},{"taxonomy":"product_cat","embeddable":true,"href":"https:\/\/shercards.com\/et\/wp-json\/wp\/v2\/product_cat?post=5817"},{"taxonomy":"product_tag","embeddable":true,"href":"https:\/\/shercards.com\/et\/wp-json\/wp\/v2\/product_tag?post=5817"}],"curies":[{"name":"wp","href":"https:\/\/api.w.org\/{rel}","templated":true}]}}