{"id":5820,"date":"2024-08-04T19:54:18","date_gmt":"2024-08-04T19:54:18","guid":{"rendered":"https:\/\/shercards.com\/index.php\/product\/say-goodbye-to-depression\/"},"modified":"2025-10-20T10:14:26","modified_gmt":"2025-10-20T10:14:26","slug":"say-goodbye-to-depression","status":"publish","type":"product","link":"https:\/\/shercards.com\/et\/toode\/say-goodbye-to-depression\/","title":{"rendered":"&quot;J\u00e4tke depressiooniga h\u00fcvasti&quot;"},"content":{"rendered":"<p>Autor: EV Emelyanova<br \/>Kirjastus: Rech<br \/>Tunnused: pehme k\u00f6ide, 320 lk.<br \/>Lahendamata probleemid, keerulised suhted l\u00e4hedastega, stress meie isiklikus elus ja t\u00f6\u00f6l \u2013 see k\u00f5ik teeb meid sageli kurvaks, tekitab rahutust, v\u00f5tab eluj\u00f5ust ilma... ja m\u00f5nikord viib depressioonini.<br \/> <\/br><br \/> See raamat kirjeldab v\u00e4ga pehmet, j\u00e4rkj\u00e4rgulist, \u201c\u00f5rnat\u201d v\u00e4ljap\u00e4\u00e4su sellest keerulisest seisundist, mida autor korduvalt kasutas ja mis viis p\u00fcsiva eduni. Kirjeldused ja harjutused on valitud selliselt, et neid oleks v\u00f5imalik sooritada individuaalselt, iseseisvalt v\u00f5i koost\u00f6\u00f6s ps\u00fchholoogiga. Teoreetiliste plokkide illustreerimiseks on toodud n\u00e4iteid ps\u00fchholoogilisest praktikast. Seet\u00f5ttu v\u00f5ivad raamatut kasutada k\u00f5ik, kes sellest teemast huvitatud.<\/p>","protected":false},"excerpt":{"rendered":"<p>Autor: EV Emelyanova Kirjastus: Rech Tunnused: pehme k\u00f6ide, 320 lk Lahendamata probleemid, keerulised suhted l\u00e4hedastega, stress meie isiklikus elus ja<\/p>","protected":false},"featured_media":5821,"comment_status":"open","ping_status":"open","template":"","meta":[],"product_brand":[],"product_cat":[58],"product_tag":[],"class_list":{"0":"post-5820","1":"product","2":"type-product","3":"status-publish","4":"has-post-thumbnail","6":"product_cat-psychological-literature","8":"first","9":"outofstock","10":"product-type-simple"},"_links":{"self":[{"href":"https:\/\/shercards.com\/et\/wp-json\/wp\/v2\/product\/5820","targetHints":{"allow":["GET"]}}],"collection":[{"href":"https:\/\/shercards.com\/et\/wp-json\/wp\/v2\/product"}],"about":[{"href":"https:\/\/shercards.com\/et\/wp-json\/wp\/v2\/types\/product"}],"replies":[{"embeddable":true,"href":"https:\/\/shercards.com\/et\/wp-json\/wp\/v2\/comments?post=5820"}],"wp:featuredmedia":[{"embeddable":true,"href":"https:\/\/shercards.com\/et\/wp-json\/wp\/v2\/media\/5821"}],"wp:attachment":[{"href":"https:\/\/shercards.com\/et\/wp-json\/wp\/v2\/media?parent=5820"}],"wp:term":[{"taxonomy":"product_brand","embeddable":true,"href":"https:\/\/shercards.com\/et\/wp-json\/wp\/v2\/product_brand?post=5820"},{"taxonomy":"product_cat","embeddable":true,"href":"https:\/\/shercards.com\/et\/wp-json\/wp\/v2\/product_cat?post=5820"},{"taxonomy":"product_tag","embeddable":true,"href":"https:\/\/shercards.com\/et\/wp-json\/wp\/v2\/product_tag?post=5820"}],"curies":[{"name":"wp","href":"https:\/\/api.w.org\/{rel}","templated":true}]}}