{"id":5824,"date":"2024-08-04T19:54:18","date_gmt":"2024-08-04T19:54:18","guid":{"rendered":"https:\/\/shercards.com\/index.php\/product\/the-concept-of-fear\/"},"modified":"2025-10-20T10:14:26","modified_gmt":"2025-10-20T10:14:26","slug":"the-concept-of-fear","status":"publish","type":"product","link":"https:\/\/shercards.com\/et\/toode\/the-concept-of-fear\/","title":{"rendered":"&quot;Hirmu m\u00f5iste&quot;"},"content":{"rendered":"<p>Autor: S\u00f8ren Kierkegaard<br \/> Kirjastaja: Academic Project<\/p>\n<p> Tunnused: k\u00f5va k\u00f6ide<\/p>\n<p> Taani silmapaistvat m\u00f5tlejat S\u00f8ren Kierkegaardi (1813\u20131855) v\u00f5ib kahtlemata pidada eksistentsialistliku filosofeerimise eelk\u00e4ijaks; lisaks m\u00f5jutasid tema ideed otseselt Karl Barthi &quot;dialektilist teoloogiat&quot;, filosoofilist antropoloogiat, personalismi ja muid liikumisi, kus r\u00f5hk on nihkunud teatud t\u00f5e isiklikule omastamisele, intensiivsele isiklikule kogemusele ja konstruktsioonile. t\u00e4hendustest. Traktaadi \u201cHirmu m\u00f5iste\u201d (\u201cBegrebet Angest\u201d) avaldas Kierkegaard 1844. aastal pseudon\u00fc\u00fcmi Vigilius Haufniensius all. See ps\u00fchholoogiline essee on t\u00e4ielikult p\u00fchendatud p\u00e4rispatu probleemile (Arvesynd, otses\u00f5nu: \u201cp\u00e4rilik patt\u201d), mis on hirmu aluseks (Angest). Kierkegaard oli esimene filosoof, kes tegi vahet \u201chirmul-hirmul\u201d (Frygt), st hirmul, millele leiame konkreetse p\u00f5hjuse, ja valulikul hirmul-pearinglusel (Angest), mis imeb inimest seestpoolt \u2013 hirmul Ei midagi, ilma ratsionaalsete seletusteta. Vaatamata selle n\u00e4ilisele pseudoteaduslikule vormile pidas Kierkegaard ise &quot;Hirmu kontseptsiooni&quot; \u00fcheks oma &quot;kergemeelseks teoseks&quot;.<br \/>V\u00f5ib-olla k\u00e4sitletakse siin esimest korda uuemas teoloogilises kirjanduses sensuaalsuse, erootika ja seksuaalsuse probleemi \u00fcksikasjalikult kristliku dogmaatika seisukohast.nbsp; V\u00e4ljaanne on adresseeritud \u00f5petajatele ja \u00f5pilastele, ps\u00fchholoogidele, teoloogidele, filosoofidele ja kultuuriekspertidele; see pakub huvi nii Euroopa kultuuri- ja religioosse m\u00f5tte ajaloolastele kui ka laiemale lugejaskonnale \u2013 filosoofiliste esseede armastajatele ja t\u00f5elistele asjatundjatele.<\/p>","protected":false},"excerpt":{"rendered":"<p>Autor: S\u00f8ren Kierkegaard Kirjastaja: Akadeemiline Projekti omadused: k\u00f5va k\u00f6ide Silmapaistvat Taani m\u00f5tlejat S\u00f8ren Kierkegaardi (1813\u20131855) v\u00f5ib kahtlemata pidada<\/p>","protected":false},"featured_media":5825,"comment_status":"open","ping_status":"open","template":"","meta":[],"product_brand":[],"product_cat":[58],"product_tag":[],"class_list":{"0":"post-5824","1":"product","2":"type-product","3":"status-publish","4":"has-post-thumbnail","6":"product_cat-psychological-literature","8":"first","9":"outofstock","10":"product-type-simple"},"_links":{"self":[{"href":"https:\/\/shercards.com\/et\/wp-json\/wp\/v2\/product\/5824","targetHints":{"allow":["GET"]}}],"collection":[{"href":"https:\/\/shercards.com\/et\/wp-json\/wp\/v2\/product"}],"about":[{"href":"https:\/\/shercards.com\/et\/wp-json\/wp\/v2\/types\/product"}],"replies":[{"embeddable":true,"href":"https:\/\/shercards.com\/et\/wp-json\/wp\/v2\/comments?post=5824"}],"wp:featuredmedia":[{"embeddable":true,"href":"https:\/\/shercards.com\/et\/wp-json\/wp\/v2\/media\/5825"}],"wp:attachment":[{"href":"https:\/\/shercards.com\/et\/wp-json\/wp\/v2\/media?parent=5824"}],"wp:term":[{"taxonomy":"product_brand","embeddable":true,"href":"https:\/\/shercards.com\/et\/wp-json\/wp\/v2\/product_brand?post=5824"},{"taxonomy":"product_cat","embeddable":true,"href":"https:\/\/shercards.com\/et\/wp-json\/wp\/v2\/product_cat?post=5824"},{"taxonomy":"product_tag","embeddable":true,"href":"https:\/\/shercards.com\/et\/wp-json\/wp\/v2\/product_tag?post=5824"}],"curies":[{"name":"wp","href":"https:\/\/api.w.org\/{rel}","templated":true}]}}